{"id":20249,"date":"2024-02-06T15:14:26","date_gmt":"2024-02-06T14:14:26","guid":{"rendered":"https:\/\/shopsk.gp-menu.com\/produkt\/jedalny-listok-klemm-bezovy-a4\/"},"modified":"2024-09-11T15:12:01","modified_gmt":"2024-09-11T13:12:01","slug":"jedalny-listok-klemm-bezovy-a4","status":"publish","type":"product","link":"https:\/\/shopsk.gp-menu.com\/sl\/produkt\/jedalny-listok-klemm-bezovy-a4\/","title":{"rendered":"Jed\u00e1lny l\u00edstok Klemm b\u00e9\u017eov\u00fd A4"},"content":{"rendered":"","protected":false},"excerpt":{"rendered":"<p>Jed\u00e1lne l\u00edstky KLEMM z po\u0165ahov\u00fdch materi\u00e1lov s\u00fa trendov\u00e9 a praktick\u00e9 l\u00edstky s jednoduchou a r\u00fdchlou v\u00fdmenou ponuky. Chrb\u00e1t l\u00edstka je tvoren\u00fd pru\u017enou svorkovou v\u00e4zbou, ktor\u00e1 je potiahnut\u00e1 knih\u00e1rskym textiln\u00fdm materi\u00e1lom. V tejto v\u00e4zbe sa nach\u00e1dza e\u0161te vyberate\u013en\u00e1 \u010dierna plastov\u00e1 li\u0161ta, pomocou ktorej viete va\u0161u ponuku r\u00fdchlo upevni\u0165 alebo vymeni\u0165 nejak\u00fd list.<\/p>\n","protected":false},"featured_media":21952,"template":"","meta":[],"product_cat":[288],"product_tag":[],"class_list":{"0":"post-20249","1":"product","2":"type-product","3":"status-publish","4":"has-post-thumbnail","6":"product_cat-jedalne-listky-klemm-sl","7":"pa_cena-ks-bez-dph-23-sl","8":"pa_moznosti-personalizacie-razba-pomocou-razidla-slepotlac-farebne-metalicke-i-pigmentove-folie-sl","9":"pa_pocet-kusov-v-baleni-5-sl","10":"pa_velkost-22x31-cm-sxv-sl","12":"first","13":"instock","14":"taxable","15":"shipping-taxable","16":"purchasable","17":"product-type-variable"},"acf":[],"yoast_head":"<!-- This site is optimized with the Yoast SEO plugin v22.0 - https:\/\/yoast.com\/wordpress\/plugins\/seo\/ -->\n<title>Jed\u00e1lny l\u00edstok Klemm b\u00e9\u017eov\u00fd A4 - GP Menu<\/title>\n<meta name=\"robots\" content=\"index, follow, max-snippet:-1, max-image-preview:large, max-video-preview:-1\" \/>\n<link rel=\"canonical\" href=\"https:\/\/shopsk.gp-menu.com\/sl\/produkt\/jedalny-listok-klemm-bezovy-a4\/\" \/>\n<meta property=\"og:locale\" content=\"sl_SI\" \/>\n<meta property=\"og:type\" content=\"article\" \/>\n<meta property=\"og:title\" content=\"Jed\u00e1lny l\u00edstok Klemm b\u00e9\u017eov\u00fd A4 - GP Menu\" \/>\n<meta property=\"og:description\" content=\"Jed\u00e1lne l\u00edstky KLEMM z po\u0165ahov\u00fdch materi\u00e1lov s\u00fa trendov\u00e9 a praktick\u00e9 l\u00edstky s jednoduchou a r\u00fdchlou v\u00fdmenou ponuky. Chrb\u00e1t l\u00edstka je tvoren\u00fd pru\u017enou svorkovou v\u00e4zbou, ktor\u00e1 je potiahnut\u00e1 knih\u00e1rskym textiln\u00fdm materi\u00e1lom. V tejto v\u00e4zbe sa nach\u00e1dza e\u0161te vyberate\u013en\u00e1 \u010dierna plastov\u00e1 li\u0161ta, pomocou ktorej viete va\u0161u ponuku r\u00fdchlo upevni\u0165 alebo vymeni\u0165 nejak\u00fd list.\" \/>\n<meta property=\"og:url\" content=\"https:\/\/shopsk.gp-menu.com\/sl\/produkt\/jedalny-listok-klemm-bezovy-a4\/\" \/>\n<meta property=\"og:site_name\" content=\"GP Menu\" \/>\n<meta property=\"article:modified_time\" content=\"2024-09-11T13:12:01+00:00\" \/>\n<meta property=\"og:image\" content=\"https:\/\/shopsk.gp-menu.com\/shopsk\/uploads\/2024\/02\/jedalny-listok-klemm-bezovy.jpg\" \/>\n\t<meta property=\"og:image:width\" content=\"1500\" \/>\n\t<meta property=\"og:image:height\" content=\"1500\" \/>\n\t<meta property=\"og:image:type\" content=\"image\/jpeg\" \/>\n<meta name=\"twitter:card\" content=\"summary_large_image\" \/>\n<script type=\"application\/ld+json\" class=\"yoast-schema-graph\">{\"@context\":\"https:\/\/schema.org\",\"@graph\":[{\"@type\":\"WebPage\",\"@id\":\"https:\/\/shopsk.gp-menu.com\/sl\/produkt\/jedalny-listok-klemm-bezovy-a4\/\",\"url\":\"https:\/\/shopsk.gp-menu.com\/sl\/produkt\/jedalny-listok-klemm-bezovy-a4\/\",\"name\":\"Jed\u00e1lny l\u00edstok Klemm b\u00e9\u017eov\u00fd A4 - GP Menu\",\"isPartOf\":{\"@id\":\"https:\/\/shopsk.gp-menu.com\/sl\/#website\"},\"datePublished\":\"2024-02-06T14:14:26+00:00\",\"dateModified\":\"2024-09-11T13:12:01+00:00\",\"breadcrumb\":{\"@id\":\"https:\/\/shopsk.gp-menu.com\/sl\/produkt\/jedalny-listok-klemm-bezovy-a4\/#breadcrumb\"},\"inLanguage\":\"sl-SI\",\"potentialAction\":[{\"@type\":\"ReadAction\",\"target\":[\"https:\/\/shopsk.gp-menu.com\/sl\/produkt\/jedalny-listok-klemm-bezovy-a4\/\"]}]},{\"@type\":\"BreadcrumbList\",\"@id\":\"https:\/\/shopsk.gp-menu.com\/sl\/produkt\/jedalny-listok-klemm-bezovy-a4\/#breadcrumb\",\"itemListElement\":[{\"@type\":\"ListItem\",\"position\":1,\"name\":\"Domovsk\u00e1 str\u00e1nka\",\"item\":\"https:\/\/shopsk.gp-menu.com\/sl\/obchod\/\"},{\"@type\":\"ListItem\",\"position\":2,\"name\":\"Obchod\",\"item\":\"https:\/\/shopsk.gp-menu.com\/sl\/obchod\/\"},{\"@type\":\"ListItem\",\"position\":3,\"name\":\"Jed\u00e1lny l\u00edstok Klemm b\u00e9\u017eov\u00fd A4\"}]},{\"@type\":\"WebSite\",\"@id\":\"https:\/\/shopsk.gp-menu.com\/sl\/#website\",\"url\":\"https:\/\/shopsk.gp-menu.com\/sl\/\",\"name\":\"GP Menu\",\"description\":\"\",\"potentialAction\":[{\"@type\":\"SearchAction\",\"target\":{\"@type\":\"EntryPoint\",\"urlTemplate\":\"https:\/\/shopsk.gp-menu.com\/sl\/?s={search_term_string}\"},\"query-input\":\"required name=search_term_string\"}],\"inLanguage\":\"sl-SI\"}]}<\/script>\n<!-- \/ Yoast SEO plugin. -->","yoast_head_json":{"title":"Jed\u00e1lny l\u00edstok Klemm b\u00e9\u017eov\u00fd A4 - GP Menu","robots":{"index":"index","follow":"follow","max-snippet":"max-snippet:-1","max-image-preview":"max-image-preview:large","max-video-preview":"max-video-preview:-1"},"canonical":"https:\/\/shopsk.gp-menu.com\/sl\/produkt\/jedalny-listok-klemm-bezovy-a4\/","og_locale":"sl_SI","og_type":"article","og_title":"Jed\u00e1lny l\u00edstok Klemm b\u00e9\u017eov\u00fd A4 - GP Menu","og_description":"Jed\u00e1lne l\u00edstky KLEMM z po\u0165ahov\u00fdch materi\u00e1lov s\u00fa trendov\u00e9 a praktick\u00e9 l\u00edstky s jednoduchou a r\u00fdchlou v\u00fdmenou ponuky. Chrb\u00e1t l\u00edstka je tvoren\u00fd pru\u017enou svorkovou v\u00e4zbou, ktor\u00e1 je potiahnut\u00e1 knih\u00e1rskym textiln\u00fdm materi\u00e1lom. V tejto v\u00e4zbe sa nach\u00e1dza e\u0161te vyberate\u013en\u00e1 \u010dierna plastov\u00e1 li\u0161ta, pomocou ktorej viete va\u0161u ponuku r\u00fdchlo upevni\u0165 alebo vymeni\u0165 nejak\u00fd list.","og_url":"https:\/\/shopsk.gp-menu.com\/sl\/produkt\/jedalny-listok-klemm-bezovy-a4\/","og_site_name":"GP Menu","article_modified_time":"2024-09-11T13:12:01+00:00","og_image":[{"width":1500,"height":1500,"url":"https:\/\/shopsk.gp-menu.com\/shopsk\/uploads\/2024\/02\/jedalny-listok-klemm-bezovy.jpg","type":"image\/jpeg"}],"twitter_card":"summary_large_image","schema":{"@context":"https:\/\/schema.org","@graph":[{"@type":"WebPage","@id":"https:\/\/shopsk.gp-menu.com\/sl\/produkt\/jedalny-listok-klemm-bezovy-a4\/","url":"https:\/\/shopsk.gp-menu.com\/sl\/produkt\/jedalny-listok-klemm-bezovy-a4\/","name":"Jed\u00e1lny l\u00edstok Klemm b\u00e9\u017eov\u00fd A4 - GP Menu","isPartOf":{"@id":"https:\/\/shopsk.gp-menu.com\/sl\/#website"},"datePublished":"2024-02-06T14:14:26+00:00","dateModified":"2024-09-11T13:12:01+00:00","breadcrumb":{"@id":"https:\/\/shopsk.gp-menu.com\/sl\/produkt\/jedalny-listok-klemm-bezovy-a4\/#breadcrumb"},"inLanguage":"sl-SI","potentialAction":[{"@type":"ReadAction","target":["https:\/\/shopsk.gp-menu.com\/sl\/produkt\/jedalny-listok-klemm-bezovy-a4\/"]}]},{"@type":"BreadcrumbList","@id":"https:\/\/shopsk.gp-menu.com\/sl\/produkt\/jedalny-listok-klemm-bezovy-a4\/#breadcrumb","itemListElement":[{"@type":"ListItem","position":1,"name":"Domovsk\u00e1 str\u00e1nka","item":"https:\/\/shopsk.gp-menu.com\/sl\/obchod\/"},{"@type":"ListItem","position":2,"name":"Obchod","item":"https:\/\/shopsk.gp-menu.com\/sl\/obchod\/"},{"@type":"ListItem","position":3,"name":"Jed\u00e1lny l\u00edstok Klemm b\u00e9\u017eov\u00fd A4"}]},{"@type":"WebSite","@id":"https:\/\/shopsk.gp-menu.com\/sl\/#website","url":"https:\/\/shopsk.gp-menu.com\/sl\/","name":"GP Menu","description":"","potentialAction":[{"@type":"SearchAction","target":{"@type":"EntryPoint","urlTemplate":"https:\/\/shopsk.gp-menu.com\/sl\/?s={search_term_string}"},"query-input":"required name=search_term_string"}],"inLanguage":"sl-SI"}]}},"_links":{"self":[{"href":"https:\/\/shopsk.gp-menu.com\/sl\/wp-json\/wp\/v2\/product\/20249","targetHints":{"allow":["GET"]}}],"collection":[{"href":"https:\/\/shopsk.gp-menu.com\/sl\/wp-json\/wp\/v2\/product"}],"about":[{"href":"https:\/\/shopsk.gp-menu.com\/sl\/wp-json\/wp\/v2\/types\/product"}],"version-history":[{"count":1,"href":"https:\/\/shopsk.gp-menu.com\/sl\/wp-json\/wp\/v2\/product\/20249\/revisions"}],"predecessor-version":[{"id":22127,"href":"https:\/\/shopsk.gp-menu.com\/sl\/wp-json\/wp\/v2\/product\/20249\/revisions\/22127"}],"wp:featuredmedia":[{"embeddable":true,"href":"https:\/\/shopsk.gp-menu.com\/sl\/wp-json\/wp\/v2\/media\/21952"}],"wp:attachment":[{"href":"https:\/\/shopsk.gp-menu.com\/sl\/wp-json\/wp\/v2\/media?parent=20249"}],"wp:term":[{"taxonomy":"product_cat","embeddable":true,"href":"https:\/\/shopsk.gp-menu.com\/sl\/wp-json\/wp\/v2\/product_cat?post=20249"},{"taxonomy":"product_tag","embeddable":true,"href":"https:\/\/shopsk.gp-menu.com\/sl\/wp-json\/wp\/v2\/product_tag?post=20249"}],"curies":[{"name":"wp","href":"https:\/\/api.w.org\/{rel}","templated":true}]}}