{"id":21004,"date":"2023-10-09T12:20:26","date_gmt":"2023-10-09T10:20:26","guid":{"rendered":"https:\/\/shopsk.gp-menu.com\/produkt\/hotelovy-podnos\/"},"modified":"2023-10-09T12:20:26","modified_gmt":"2023-10-09T10:20:26","slug":"hotelovy-podnos","status":"publish","type":"product","link":"https:\/\/shopsk.gp-menu.com\/ro\/produkt\/hotelovy-podnos\/","title":{"rendered":"Hotelov\u00fd podnos 25&#215;30 cm"},"content":{"rendered":"<h2>Hotelov\u00fd podnos 25&#215;30 cm<\/h2>\n<p>Hotelov\u00fd podnos v rozmere 25&#215;30 cm ako ide\u00e1lny doplnok na usporiadanie vec\u00ed na hotelovej izbe. Na podnos m\u00f4\u017eete napr\u00edklad umiestni\u0165 <a href=\"https:\/\/shopsk.gp-menu.com\/produkt\/box-na-servitky-13x13\/\">box na serv\u00edtky<\/a>, <a href=\"https:\/\/shopsk.gp-menu.com\/hr\/produkt\/stojan-na-dialkove-ovladanie\/\">dia\u013ekov\u00e9 ovl\u00e1danie<\/a>, poh\u00e1r na vodu, pr\u00edpadne \u0161\u00e1lku na k\u00e1vu, \u010daj, cukor, at\u010f.<\/p>\n<p>Sledujte n\u00e1s na <a href=\"https:\/\/www.instagram.com\/gpmenu\/\">INSTAGRAME<\/a><\/p>\n","protected":false},"excerpt":{"rendered":"<p>Hotelov\u00fd podnos v rozmere 25&#215;30 cm ako ide\u00e1lny doplnok na usporiadanie vec\u00ed na hotelovej izbe. Na podnos m\u00f4\u017eete napr\u00edklad umiestni\u0165 box na serv\u00edtky, dia\u013ekov\u00e9 ovl\u00e1danie, poh\u00e1r na vodu, pr\u00edpadne \u0161\u00e1lku na k\u00e1vu, \u010daj, cukor, at\u010f.<\/p>\n<p>Sledujte n\u00e1s na <a href=\"https:\/\/www.instagram.com\/gpmenu\/\">INSTAGRAME<\/a><\/p>\n","protected":false},"featured_media":21006,"template":"","meta":[],"product_cat":[492],"product_tag":[],"class_list":{"0":"post-21004","1":"product","2":"type-product","3":"status-publish","4":"has-post-thumbnail","6":"product_cat-hotelovy-program-ro","7":"pa_cena-ks-bez-dph-27-ro","8":"pa_pocet-kusov-v-baleni-4-ro","9":"pa_velkost-25x30x4-cm-sxhxv-ro","11":"first","12":"instock","13":"taxable","14":"shipping-taxable","15":"purchasable","16":"product-type-variable"},"acf":[],"yoast_head":"<!-- This site is optimized with the Yoast SEO plugin v22.0 - https:\/\/yoast.com\/wordpress\/plugins\/seo\/ -->\n<title>Hotelov\u00fd podnos 25x30 cm - GP Menu<\/title>\n<meta name=\"robots\" content=\"index, follow, max-snippet:-1, max-image-preview:large, max-video-preview:-1\" \/>\n<link rel=\"canonical\" href=\"https:\/\/shopsk.gp-menu.com\/ro\/produkt\/hotelovy-podnos\/\" \/>\n<meta property=\"og:locale\" content=\"ro_RO\" \/>\n<meta property=\"og:type\" content=\"article\" \/>\n<meta property=\"og:title\" content=\"Hotelov\u00fd podnos 25x30 cm - GP Menu\" \/>\n<meta property=\"og:description\" content=\"Hotelov\u00fd podnos v rozmere 25x30 cm ako ide\u00e1lny doplnok na usporiadanie vec\u00ed na hotelovej izbe. Na podnos m\u00f4\u017eete napr\u00edklad umiestni\u0165 box na serv\u00edtky, dia\u013ekov\u00e9 ovl\u00e1danie, poh\u00e1r na vodu, pr\u00edpadne \u0161\u00e1lku na k\u00e1vu, \u010daj, cukor, at\u010f.  Sledujte n\u00e1s na INSTAGRAME\" \/>\n<meta property=\"og:url\" content=\"https:\/\/shopsk.gp-menu.com\/ro\/produkt\/hotelovy-podnos\/\" \/>\n<meta property=\"og:site_name\" content=\"GP Menu\" \/>\n<meta name=\"twitter:card\" content=\"summary_large_image\" \/>\n<script type=\"application\/ld+json\" class=\"yoast-schema-graph\">{\"@context\":\"https:\/\/schema.org\",\"@graph\":[{\"@type\":\"WebPage\",\"@id\":\"https:\/\/shopsk.gp-menu.com\/ro\/produkt\/hotelovy-podnos\/\",\"url\":\"https:\/\/shopsk.gp-menu.com\/ro\/produkt\/hotelovy-podnos\/\",\"name\":\"Hotelov\u00fd podnos 25x30 cm - GP Menu\",\"isPartOf\":{\"@id\":\"https:\/\/shopsk.gp-menu.com\/ro\/#website\"},\"datePublished\":\"2023-10-09T10:20:26+00:00\",\"dateModified\":\"2023-10-09T10:20:26+00:00\",\"breadcrumb\":{\"@id\":\"https:\/\/shopsk.gp-menu.com\/ro\/produkt\/hotelovy-podnos\/#breadcrumb\"},\"inLanguage\":\"ro-RO\",\"potentialAction\":[{\"@type\":\"ReadAction\",\"target\":[\"https:\/\/shopsk.gp-menu.com\/ro\/produkt\/hotelovy-podnos\/\"]}]},{\"@type\":\"BreadcrumbList\",\"@id\":\"https:\/\/shopsk.gp-menu.com\/ro\/produkt\/hotelovy-podnos\/#breadcrumb\",\"itemListElement\":[{\"@type\":\"ListItem\",\"position\":1,\"name\":\"Domovsk\u00e1 str\u00e1nka\",\"item\":\"https:\/\/shopsk.gp-menu.com\/ro\/obchod\/\"},{\"@type\":\"ListItem\",\"position\":2,\"name\":\"Obchod\",\"item\":\"https:\/\/shopsk.gp-menu.com\/ro\/obchod\/\"},{\"@type\":\"ListItem\",\"position\":3,\"name\":\"Hotelov\u00fd podnos 25&#215;30 cm\"}]},{\"@type\":\"WebSite\",\"@id\":\"https:\/\/shopsk.gp-menu.com\/ro\/#website\",\"url\":\"https:\/\/shopsk.gp-menu.com\/ro\/\",\"name\":\"GP Menu\",\"description\":\"\",\"potentialAction\":[{\"@type\":\"SearchAction\",\"target\":{\"@type\":\"EntryPoint\",\"urlTemplate\":\"https:\/\/shopsk.gp-menu.com\/ro\/?s={search_term_string}\"},\"query-input\":\"required name=search_term_string\"}],\"inLanguage\":\"ro-RO\"}]}<\/script>\n<!-- \/ Yoast SEO plugin. -->","yoast_head_json":{"title":"Hotelov\u00fd podnos 25x30 cm - GP Menu","robots":{"index":"index","follow":"follow","max-snippet":"max-snippet:-1","max-image-preview":"max-image-preview:large","max-video-preview":"max-video-preview:-1"},"canonical":"https:\/\/shopsk.gp-menu.com\/ro\/produkt\/hotelovy-podnos\/","og_locale":"ro_RO","og_type":"article","og_title":"Hotelov\u00fd podnos 25x30 cm - GP Menu","og_description":"Hotelov\u00fd podnos v rozmere 25x30 cm ako ide\u00e1lny doplnok na usporiadanie vec\u00ed na hotelovej izbe. Na podnos m\u00f4\u017eete napr\u00edklad umiestni\u0165 box na serv\u00edtky, dia\u013ekov\u00e9 ovl\u00e1danie, poh\u00e1r na vodu, pr\u00edpadne \u0161\u00e1lku na k\u00e1vu, \u010daj, cukor, at\u010f.  Sledujte n\u00e1s na INSTAGRAME","og_url":"https:\/\/shopsk.gp-menu.com\/ro\/produkt\/hotelovy-podnos\/","og_site_name":"GP Menu","twitter_card":"summary_large_image","schema":{"@context":"https:\/\/schema.org","@graph":[{"@type":"WebPage","@id":"https:\/\/shopsk.gp-menu.com\/ro\/produkt\/hotelovy-podnos\/","url":"https:\/\/shopsk.gp-menu.com\/ro\/produkt\/hotelovy-podnos\/","name":"Hotelov\u00fd podnos 25x30 cm - GP Menu","isPartOf":{"@id":"https:\/\/shopsk.gp-menu.com\/ro\/#website"},"datePublished":"2023-10-09T10:20:26+00:00","dateModified":"2023-10-09T10:20:26+00:00","breadcrumb":{"@id":"https:\/\/shopsk.gp-menu.com\/ro\/produkt\/hotelovy-podnos\/#breadcrumb"},"inLanguage":"ro-RO","potentialAction":[{"@type":"ReadAction","target":["https:\/\/shopsk.gp-menu.com\/ro\/produkt\/hotelovy-podnos\/"]}]},{"@type":"BreadcrumbList","@id":"https:\/\/shopsk.gp-menu.com\/ro\/produkt\/hotelovy-podnos\/#breadcrumb","itemListElement":[{"@type":"ListItem","position":1,"name":"Domovsk\u00e1 str\u00e1nka","item":"https:\/\/shopsk.gp-menu.com\/ro\/obchod\/"},{"@type":"ListItem","position":2,"name":"Obchod","item":"https:\/\/shopsk.gp-menu.com\/ro\/obchod\/"},{"@type":"ListItem","position":3,"name":"Hotelov\u00fd podnos 25&#215;30 cm"}]},{"@type":"WebSite","@id":"https:\/\/shopsk.gp-menu.com\/ro\/#website","url":"https:\/\/shopsk.gp-menu.com\/ro\/","name":"GP Menu","description":"","potentialAction":[{"@type":"SearchAction","target":{"@type":"EntryPoint","urlTemplate":"https:\/\/shopsk.gp-menu.com\/ro\/?s={search_term_string}"},"query-input":"required name=search_term_string"}],"inLanguage":"ro-RO"}]}},"_links":{"self":[{"href":"https:\/\/shopsk.gp-menu.com\/ro\/wp-json\/wp\/v2\/product\/21004","targetHints":{"allow":["GET"]}}],"collection":[{"href":"https:\/\/shopsk.gp-menu.com\/ro\/wp-json\/wp\/v2\/product"}],"about":[{"href":"https:\/\/shopsk.gp-menu.com\/ro\/wp-json\/wp\/v2\/types\/product"}],"version-history":[{"count":0,"href":"https:\/\/shopsk.gp-menu.com\/ro\/wp-json\/wp\/v2\/product\/21004\/revisions"}],"wp:featuredmedia":[{"embeddable":true,"href":"https:\/\/shopsk.gp-menu.com\/ro\/wp-json\/wp\/v2\/media\/21006"}],"wp:attachment":[{"href":"https:\/\/shopsk.gp-menu.com\/ro\/wp-json\/wp\/v2\/media?parent=21004"}],"wp:term":[{"taxonomy":"product_cat","embeddable":true,"href":"https:\/\/shopsk.gp-menu.com\/ro\/wp-json\/wp\/v2\/product_cat?post=21004"},{"taxonomy":"product_tag","embeddable":true,"href":"https:\/\/shopsk.gp-menu.com\/ro\/wp-json\/wp\/v2\/product_tag?post=21004"}],"curies":[{"name":"wp","href":"https:\/\/api.w.org\/{rel}","templated":true}]}}