{"id":20643,"date":"2024-01-12T10:58:13","date_gmt":"2024-01-12T09:58:13","guid":{"rendered":"https:\/\/shopsk.gp-menu.com\/produkt\/napojovy-listok-snapp-a5\/"},"modified":"2024-09-11T14:58:21","modified_gmt":"2024-09-11T12:58:21","slug":"napojovy-listok-snapp-a5","status":"publish","type":"product","link":"https:\/\/shopsk.gp-menu.com\/ro\/produkt\/napojovy-listok-snapp-a5\/","title":{"rendered":"N\u00e1pojov\u00fd l\u00edstok SNAPP A5"},"content":{"rendered":"","protected":false},"excerpt":{"rendered":"<p>Jed\u00e1lne l\u00edstky z prate\u013en\u00e9ho papiera s\u00fa novou eko verziou jed\u00e1lnych l\u00edstkov. Jednoduch\u00e9 l\u00edstky s vkladan\u00edm ponuky pod gumi\u010dku s\u00fa \u013eahk\u00e9, flexibiln\u00e9 a dlhotrv\u00e1cne.<\/p>\n","protected":false},"featured_media":22035,"template":"","meta":[],"product_cat":[416],"product_tag":[],"class_list":{"0":"post-20643","1":"product","2":"type-product","3":"status-publish","4":"has-post-thumbnail","6":"product_cat-jedalne-listky-z-celulozy-ro","7":"pa_cena-ks-bez-dph-15-ro","8":"pa_moznosti-personalizacie-razba-pomocou-razidla-slepotlac-farebne-metalicke-i-pigmentove-folie-ro","9":"pa_pocet-kusov-v-baleni-5-ro","10":"pa_velkost-17-2x24-cm-sxv-ro","12":"first","13":"instock","14":"taxable","15":"shipping-taxable","16":"purchasable","17":"product-type-variable"},"acf":[],"yoast_head":"<!-- This site is optimized with the Yoast SEO plugin v22.0 - https:\/\/yoast.com\/wordpress\/plugins\/seo\/ -->\n<title>N\u00e1pojov\u00fd l\u00edstok SNAPP A5 - GP Menu<\/title>\n<meta name=\"robots\" content=\"index, follow, max-snippet:-1, max-image-preview:large, max-video-preview:-1\" \/>\n<link rel=\"canonical\" href=\"https:\/\/shopsk.gp-menu.com\/ro\/produkt\/napojovy-listok-snapp-a5\/\" \/>\n<meta property=\"og:locale\" content=\"ro_RO\" \/>\n<meta property=\"og:type\" content=\"article\" \/>\n<meta property=\"og:title\" content=\"N\u00e1pojov\u00fd l\u00edstok SNAPP A5 - GP Menu\" \/>\n<meta property=\"og:description\" content=\"Jed\u00e1lne l\u00edstky z prate\u013en\u00e9ho papiera s\u00fa novou eko verziou jed\u00e1lnych l\u00edstkov. Jednoduch\u00e9 l\u00edstky s vkladan\u00edm ponuky pod gumi\u010dku s\u00fa \u013eahk\u00e9, flexibiln\u00e9 a dlhotrv\u00e1cne.\" \/>\n<meta property=\"og:url\" content=\"https:\/\/shopsk.gp-menu.com\/ro\/produkt\/napojovy-listok-snapp-a5\/\" \/>\n<meta property=\"og:site_name\" content=\"GP Menu\" \/>\n<meta property=\"article:modified_time\" content=\"2024-09-11T12:58:21+00:00\" \/>\n<meta property=\"og:image\" content=\"https:\/\/shopsk.gp-menu.com\/shopsk\/uploads\/2024\/02\/jedalny-listok-snap-A5.jpg\" \/>\n\t<meta property=\"og:image:width\" content=\"1500\" \/>\n\t<meta property=\"og:image:height\" content=\"1500\" \/>\n\t<meta property=\"og:image:type\" content=\"image\/jpeg\" \/>\n<meta name=\"twitter:card\" content=\"summary_large_image\" \/>\n<script type=\"application\/ld+json\" class=\"yoast-schema-graph\">{\"@context\":\"https:\/\/schema.org\",\"@graph\":[{\"@type\":\"WebPage\",\"@id\":\"https:\/\/shopsk.gp-menu.com\/ro\/produkt\/napojovy-listok-snapp-a5\/\",\"url\":\"https:\/\/shopsk.gp-menu.com\/ro\/produkt\/napojovy-listok-snapp-a5\/\",\"name\":\"N\u00e1pojov\u00fd l\u00edstok SNAPP A5 - GP Menu\",\"isPartOf\":{\"@id\":\"https:\/\/shopsk.gp-menu.com\/ro\/#website\"},\"datePublished\":\"2024-01-12T09:58:13+00:00\",\"dateModified\":\"2024-09-11T12:58:21+00:00\",\"breadcrumb\":{\"@id\":\"https:\/\/shopsk.gp-menu.com\/ro\/produkt\/napojovy-listok-snapp-a5\/#breadcrumb\"},\"inLanguage\":\"ro-RO\",\"potentialAction\":[{\"@type\":\"ReadAction\",\"target\":[\"https:\/\/shopsk.gp-menu.com\/ro\/produkt\/napojovy-listok-snapp-a5\/\"]}]},{\"@type\":\"BreadcrumbList\",\"@id\":\"https:\/\/shopsk.gp-menu.com\/ro\/produkt\/napojovy-listok-snapp-a5\/#breadcrumb\",\"itemListElement\":[{\"@type\":\"ListItem\",\"position\":1,\"name\":\"Domovsk\u00e1 str\u00e1nka\",\"item\":\"https:\/\/shopsk.gp-menu.com\/ro\/obchod\/\"},{\"@type\":\"ListItem\",\"position\":2,\"name\":\"Obchod\",\"item\":\"https:\/\/shopsk.gp-menu.com\/ro\/obchod\/\"},{\"@type\":\"ListItem\",\"position\":3,\"name\":\"N\u00e1pojov\u00fd l\u00edstok SNAPP A5\"}]},{\"@type\":\"WebSite\",\"@id\":\"https:\/\/shopsk.gp-menu.com\/ro\/#website\",\"url\":\"https:\/\/shopsk.gp-menu.com\/ro\/\",\"name\":\"GP Menu\",\"description\":\"\",\"potentialAction\":[{\"@type\":\"SearchAction\",\"target\":{\"@type\":\"EntryPoint\",\"urlTemplate\":\"https:\/\/shopsk.gp-menu.com\/ro\/?s={search_term_string}\"},\"query-input\":\"required name=search_term_string\"}],\"inLanguage\":\"ro-RO\"}]}<\/script>\n<!-- \/ Yoast SEO plugin. -->","yoast_head_json":{"title":"N\u00e1pojov\u00fd l\u00edstok SNAPP A5 - GP Menu","robots":{"index":"index","follow":"follow","max-snippet":"max-snippet:-1","max-image-preview":"max-image-preview:large","max-video-preview":"max-video-preview:-1"},"canonical":"https:\/\/shopsk.gp-menu.com\/ro\/produkt\/napojovy-listok-snapp-a5\/","og_locale":"ro_RO","og_type":"article","og_title":"N\u00e1pojov\u00fd l\u00edstok SNAPP A5 - GP Menu","og_description":"Jed\u00e1lne l\u00edstky z prate\u013en\u00e9ho papiera s\u00fa novou eko verziou jed\u00e1lnych l\u00edstkov. Jednoduch\u00e9 l\u00edstky s vkladan\u00edm ponuky pod gumi\u010dku s\u00fa \u013eahk\u00e9, flexibiln\u00e9 a dlhotrv\u00e1cne.","og_url":"https:\/\/shopsk.gp-menu.com\/ro\/produkt\/napojovy-listok-snapp-a5\/","og_site_name":"GP Menu","article_modified_time":"2024-09-11T12:58:21+00:00","og_image":[{"width":1500,"height":1500,"url":"https:\/\/shopsk.gp-menu.com\/shopsk\/uploads\/2024\/02\/jedalny-listok-snap-A5.jpg","type":"image\/jpeg"}],"twitter_card":"summary_large_image","schema":{"@context":"https:\/\/schema.org","@graph":[{"@type":"WebPage","@id":"https:\/\/shopsk.gp-menu.com\/ro\/produkt\/napojovy-listok-snapp-a5\/","url":"https:\/\/shopsk.gp-menu.com\/ro\/produkt\/napojovy-listok-snapp-a5\/","name":"N\u00e1pojov\u00fd l\u00edstok SNAPP A5 - GP Menu","isPartOf":{"@id":"https:\/\/shopsk.gp-menu.com\/ro\/#website"},"datePublished":"2024-01-12T09:58:13+00:00","dateModified":"2024-09-11T12:58:21+00:00","breadcrumb":{"@id":"https:\/\/shopsk.gp-menu.com\/ro\/produkt\/napojovy-listok-snapp-a5\/#breadcrumb"},"inLanguage":"ro-RO","potentialAction":[{"@type":"ReadAction","target":["https:\/\/shopsk.gp-menu.com\/ro\/produkt\/napojovy-listok-snapp-a5\/"]}]},{"@type":"BreadcrumbList","@id":"https:\/\/shopsk.gp-menu.com\/ro\/produkt\/napojovy-listok-snapp-a5\/#breadcrumb","itemListElement":[{"@type":"ListItem","position":1,"name":"Domovsk\u00e1 str\u00e1nka","item":"https:\/\/shopsk.gp-menu.com\/ro\/obchod\/"},{"@type":"ListItem","position":2,"name":"Obchod","item":"https:\/\/shopsk.gp-menu.com\/ro\/obchod\/"},{"@type":"ListItem","position":3,"name":"N\u00e1pojov\u00fd l\u00edstok SNAPP A5"}]},{"@type":"WebSite","@id":"https:\/\/shopsk.gp-menu.com\/ro\/#website","url":"https:\/\/shopsk.gp-menu.com\/ro\/","name":"GP Menu","description":"","potentialAction":[{"@type":"SearchAction","target":{"@type":"EntryPoint","urlTemplate":"https:\/\/shopsk.gp-menu.com\/ro\/?s={search_term_string}"},"query-input":"required name=search_term_string"}],"inLanguage":"ro-RO"}]}},"_links":{"self":[{"href":"https:\/\/shopsk.gp-menu.com\/ro\/wp-json\/wp\/v2\/product\/20643","targetHints":{"allow":["GET"]}}],"collection":[{"href":"https:\/\/shopsk.gp-menu.com\/ro\/wp-json\/wp\/v2\/product"}],"about":[{"href":"https:\/\/shopsk.gp-menu.com\/ro\/wp-json\/wp\/v2\/types\/product"}],"version-history":[{"count":1,"href":"https:\/\/shopsk.gp-menu.com\/ro\/wp-json\/wp\/v2\/product\/20643\/revisions"}],"predecessor-version":[{"id":22090,"href":"https:\/\/shopsk.gp-menu.com\/ro\/wp-json\/wp\/v2\/product\/20643\/revisions\/22090"}],"wp:featuredmedia":[{"embeddable":true,"href":"https:\/\/shopsk.gp-menu.com\/ro\/wp-json\/wp\/v2\/media\/22035"}],"wp:attachment":[{"href":"https:\/\/shopsk.gp-menu.com\/ro\/wp-json\/wp\/v2\/media?parent=20643"}],"wp:term":[{"taxonomy":"product_cat","embeddable":true,"href":"https:\/\/shopsk.gp-menu.com\/ro\/wp-json\/wp\/v2\/product_cat?post=20643"},{"taxonomy":"product_tag","embeddable":true,"href":"https:\/\/shopsk.gp-menu.com\/ro\/wp-json\/wp\/v2\/product_tag?post=20643"}],"curies":[{"name":"wp","href":"https:\/\/api.w.org\/{rel}","templated":true}]}}