{"id":20148,"date":"2024-01-09T12:20:26","date_gmt":"2024-01-09T11:20:26","guid":{"rendered":"https:\/\/shopsk.gp-menu.com\/produkt\/hotelova-mapa-room-directory\/"},"modified":"2024-01-09T12:20:26","modified_gmt":"2024-01-09T11:20:26","slug":"hotelova-mapa-room-directory","status":"publish","type":"product","link":"https:\/\/shopsk.gp-menu.com\/nl\/produkt\/hotelova-mapa-room-directory\/","title":{"rendered":"Hotelov\u00e1 mapa Room directory"},"content":{"rendered":"","protected":false},"excerpt":{"rendered":"<p>Hotelov\u00e1 mapa by mala by\u0165 s\u00fa\u010das\u0165ou ka\u017edej hotelovej izby. Poskytuje priestor pre z\u00e1kladn\u00e9 inform\u00e1cie pre klientov, reklamn\u00e9 let\u00e1ky alebo papier. Vo vn\u00fatri je na \u013eavej strane zaklada\u010d, v strede sa nach\u00e1dza kr\u00fa\u017ekov\u00e1 v\u00e4zba.<\/p>\n","protected":false},"featured_media":20150,"template":"","meta":[],"product_cat":[456],"product_tag":[],"class_list":{"0":"post-20148","1":"product","2":"type-product","3":"status-publish","4":"has-post-thumbnail","6":"product_cat-hotelovy-program-nl","7":"pa_cena-ks-bez-dph-25-nl","8":"pa_moznosti-personalizacie-razba-pomocou-razidla-slepotlac-farebne-metalicke-i-pigmentove-folie-nl","9":"pa_pocet-kusov-v-baleni-5-nl","10":"pa_velkost-25-5x32x3-3-cm-sxvxh-nl","12":"first","13":"instock","14":"taxable","15":"shipping-taxable","16":"purchasable","17":"product-type-variable"},"acf":[],"yoast_head":"<!-- This site is optimized with the Yoast SEO plugin v22.0 - https:\/\/yoast.com\/wordpress\/plugins\/seo\/ -->\n<title>Hotelov\u00e1 mapa Room directory - GP Menu<\/title>\n<meta name=\"robots\" content=\"index, follow, max-snippet:-1, max-image-preview:large, max-video-preview:-1\" \/>\n<link rel=\"canonical\" href=\"https:\/\/shopsk.gp-menu.com\/nl\/produkt\/hotelova-mapa-room-directory\/\" \/>\n<meta property=\"og:locale\" content=\"nl_NL\" \/>\n<meta property=\"og:type\" content=\"article\" \/>\n<meta property=\"og:title\" content=\"Hotelov\u00e1 mapa Room directory - GP Menu\" \/>\n<meta property=\"og:description\" content=\"Hotelov\u00e1 mapa by mala by\u0165 s\u00fa\u010das\u0165ou ka\u017edej hotelovej izby. Poskytuje priestor pre z\u00e1kladn\u00e9 inform\u00e1cie pre klientov, reklamn\u00e9 let\u00e1ky alebo papier. Vo vn\u00fatri je na \u013eavej strane zaklada\u010d, v strede sa nach\u00e1dza kr\u00fa\u017ekov\u00e1 v\u00e4zba.\" \/>\n<meta property=\"og:url\" content=\"https:\/\/shopsk.gp-menu.com\/nl\/produkt\/hotelova-mapa-room-directory\/\" \/>\n<meta property=\"og:site_name\" content=\"GP Menu\" \/>\n<meta name=\"twitter:card\" content=\"summary_large_image\" \/>\n<script type=\"application\/ld+json\" class=\"yoast-schema-graph\">{\"@context\":\"https:\/\/schema.org\",\"@graph\":[{\"@type\":\"WebPage\",\"@id\":\"https:\/\/shopsk.gp-menu.com\/nl\/produkt\/hotelova-mapa-room-directory\/\",\"url\":\"https:\/\/shopsk.gp-menu.com\/nl\/produkt\/hotelova-mapa-room-directory\/\",\"name\":\"Hotelov\u00e1 mapa Room directory - GP Menu\",\"isPartOf\":{\"@id\":\"https:\/\/shopsk.gp-menu.com\/nl\/#website\"},\"datePublished\":\"2024-01-09T11:20:26+00:00\",\"dateModified\":\"2024-01-09T11:20:26+00:00\",\"breadcrumb\":{\"@id\":\"https:\/\/shopsk.gp-menu.com\/nl\/produkt\/hotelova-mapa-room-directory\/#breadcrumb\"},\"inLanguage\":\"nl-NL\",\"potentialAction\":[{\"@type\":\"ReadAction\",\"target\":[\"https:\/\/shopsk.gp-menu.com\/nl\/produkt\/hotelova-mapa-room-directory\/\"]}]},{\"@type\":\"BreadcrumbList\",\"@id\":\"https:\/\/shopsk.gp-menu.com\/nl\/produkt\/hotelova-mapa-room-directory\/#breadcrumb\",\"itemListElement\":[{\"@type\":\"ListItem\",\"position\":1,\"name\":\"Domovsk\u00e1 str\u00e1nka\",\"item\":\"https:\/\/shopsk.gp-menu.com\/nl\/obchod\/\"},{\"@type\":\"ListItem\",\"position\":2,\"name\":\"Obchod\",\"item\":\"https:\/\/shopsk.gp-menu.com\/nl\/obchod\/\"},{\"@type\":\"ListItem\",\"position\":3,\"name\":\"Hotelov\u00e1 mapa Room directory\"}]},{\"@type\":\"WebSite\",\"@id\":\"https:\/\/shopsk.gp-menu.com\/nl\/#website\",\"url\":\"https:\/\/shopsk.gp-menu.com\/nl\/\",\"name\":\"GP Menu\",\"description\":\"\",\"potentialAction\":[{\"@type\":\"SearchAction\",\"target\":{\"@type\":\"EntryPoint\",\"urlTemplate\":\"https:\/\/shopsk.gp-menu.com\/nl\/?s={search_term_string}\"},\"query-input\":\"required name=search_term_string\"}],\"inLanguage\":\"nl-NL\"}]}<\/script>\n<!-- \/ Yoast SEO plugin. -->","yoast_head_json":{"title":"Hotelov\u00e1 mapa Room directory - GP Menu","robots":{"index":"index","follow":"follow","max-snippet":"max-snippet:-1","max-image-preview":"max-image-preview:large","max-video-preview":"max-video-preview:-1"},"canonical":"https:\/\/shopsk.gp-menu.com\/nl\/produkt\/hotelova-mapa-room-directory\/","og_locale":"nl_NL","og_type":"article","og_title":"Hotelov\u00e1 mapa Room directory - GP Menu","og_description":"Hotelov\u00e1 mapa by mala by\u0165 s\u00fa\u010das\u0165ou ka\u017edej hotelovej izby. Poskytuje priestor pre z\u00e1kladn\u00e9 inform\u00e1cie pre klientov, reklamn\u00e9 let\u00e1ky alebo papier. Vo vn\u00fatri je na \u013eavej strane zaklada\u010d, v strede sa nach\u00e1dza kr\u00fa\u017ekov\u00e1 v\u00e4zba.","og_url":"https:\/\/shopsk.gp-menu.com\/nl\/produkt\/hotelova-mapa-room-directory\/","og_site_name":"GP Menu","twitter_card":"summary_large_image","schema":{"@context":"https:\/\/schema.org","@graph":[{"@type":"WebPage","@id":"https:\/\/shopsk.gp-menu.com\/nl\/produkt\/hotelova-mapa-room-directory\/","url":"https:\/\/shopsk.gp-menu.com\/nl\/produkt\/hotelova-mapa-room-directory\/","name":"Hotelov\u00e1 mapa Room directory - GP Menu","isPartOf":{"@id":"https:\/\/shopsk.gp-menu.com\/nl\/#website"},"datePublished":"2024-01-09T11:20:26+00:00","dateModified":"2024-01-09T11:20:26+00:00","breadcrumb":{"@id":"https:\/\/shopsk.gp-menu.com\/nl\/produkt\/hotelova-mapa-room-directory\/#breadcrumb"},"inLanguage":"nl-NL","potentialAction":[{"@type":"ReadAction","target":["https:\/\/shopsk.gp-menu.com\/nl\/produkt\/hotelova-mapa-room-directory\/"]}]},{"@type":"BreadcrumbList","@id":"https:\/\/shopsk.gp-menu.com\/nl\/produkt\/hotelova-mapa-room-directory\/#breadcrumb","itemListElement":[{"@type":"ListItem","position":1,"name":"Domovsk\u00e1 str\u00e1nka","item":"https:\/\/shopsk.gp-menu.com\/nl\/obchod\/"},{"@type":"ListItem","position":2,"name":"Obchod","item":"https:\/\/shopsk.gp-menu.com\/nl\/obchod\/"},{"@type":"ListItem","position":3,"name":"Hotelov\u00e1 mapa Room directory"}]},{"@type":"WebSite","@id":"https:\/\/shopsk.gp-menu.com\/nl\/#website","url":"https:\/\/shopsk.gp-menu.com\/nl\/","name":"GP Menu","description":"","potentialAction":[{"@type":"SearchAction","target":{"@type":"EntryPoint","urlTemplate":"https:\/\/shopsk.gp-menu.com\/nl\/?s={search_term_string}"},"query-input":"required name=search_term_string"}],"inLanguage":"nl-NL"}]}},"_links":{"self":[{"href":"https:\/\/shopsk.gp-menu.com\/nl\/wp-json\/wp\/v2\/product\/20148","targetHints":{"allow":["GET"]}}],"collection":[{"href":"https:\/\/shopsk.gp-menu.com\/nl\/wp-json\/wp\/v2\/product"}],"about":[{"href":"https:\/\/shopsk.gp-menu.com\/nl\/wp-json\/wp\/v2\/types\/product"}],"version-history":[{"count":0,"href":"https:\/\/shopsk.gp-menu.com\/nl\/wp-json\/wp\/v2\/product\/20148\/revisions"}],"wp:featuredmedia":[{"embeddable":true,"href":"https:\/\/shopsk.gp-menu.com\/nl\/wp-json\/wp\/v2\/media\/20150"}],"wp:attachment":[{"href":"https:\/\/shopsk.gp-menu.com\/nl\/wp-json\/wp\/v2\/media?parent=20148"}],"wp:term":[{"taxonomy":"product_cat","embeddable":true,"href":"https:\/\/shopsk.gp-menu.com\/nl\/wp-json\/wp\/v2\/product_cat?post=20148"},{"taxonomy":"product_tag","embeddable":true,"href":"https:\/\/shopsk.gp-menu.com\/nl\/wp-json\/wp\/v2\/product_tag?post=20148"}],"curies":[{"name":"wp","href":"https:\/\/api.w.org\/{rel}","templated":true}]}}