{"id":19664,"date":"2023-05-26T11:14:46","date_gmt":"2023-05-26T09:14:46","guid":{"rendered":"https:\/\/shopsk.gp-menu.com\/obchodne-podmienky\/"},"modified":"2023-05-26T11:14:46","modified_gmt":"2023-05-26T09:14:46","slug":"obchodne-podmienky","status":"publish","type":"page","link":"https:\/\/shopsk.gp-menu.com\/nl\/obchodne-podmienky\/","title":{"rendered":"Obchodn\u00e9 podmienky"},"content":{"rendered":"\t\t<div data-elementor-type=\"wp-page\" data-elementor-id=\"19664\" class=\"elementor elementor-19664 elementor-9\" data-elementor-post-type=\"page\">\n\t\t\t\t\t\t<section class=\"wd-negative-gap elementor-section elementor-top-section elementor-element elementor-element-3c9174b elementor-section-boxed elementor-section-height-default elementor-section-height-default\" data-id=\"3c9174b\" data-element_type=\"section\">\n\t\t\t\t\t\t<div class=\"elementor-container elementor-column-gap-default\">\n\t\t\t\t\t<div class=\"elementor-column elementor-col-100 elementor-top-column elementor-element elementor-element-235f78e\" data-id=\"235f78e\" data-element_type=\"column\">\n\t\t\t<div class=\"elementor-widget-wrap elementor-element-populated\">\n\t\t\t\t\t\t<div class=\"elementor-element elementor-element-4972c0e elementor-widget elementor-widget-wd_text_block\" data-id=\"4972c0e\" data-element_type=\"widget\" data-widget_type=\"wd_text_block.default\">\n\t\t\t\t<div class=\"elementor-widget-container\">\n\t\t\t\t\t<div class=\"wd-text-block reset-last-child text-left\">\n\t\t\t\n\t\t\t<p>Pred\u00e1vaj\u00facim sa v zmysle t\u00fdchto v\u0161eobecn\u00fdch obchodn\u00fdch podmienok ozna\u010duje spolo\u010dnos\u0165 <b>GASTRO PALAZZO s.r.o.,<\/b> so s\u00eddlom Star\u00e1 ivansk\u00e1 cesta 1b, 821 04 Bratislava, I\u010cO: 444 64 649, I\u010c DPH: SK2022704684, zap\u00edsan\u00e1 v Obchodnom registri Okresn\u00e9ho s\u00fadu Bratislava I, Oddiel: Sro, vlo\u017eka \u010d. 55109\/B.<\/p><p>Hotline: Po-\u0160tv 9:00-17:00, Pia 9:00-16:00<\/p><p>Telef\u00f3n: 02\/20 70 70 70, 0910 237 572<\/p><p>E-mail:\u00a0info@gp-menu.com<\/p><p>Online-shop:\u00a0shopsk.gp-menu.com<\/p><p><strong>Objedn\u00e1vka<\/strong><\/p><p>Predaj tovaru je realizovan\u00fd na z\u00e1klade Vami zaslanej z\u00e1v\u00e4znej objedn\u00e1vky. Za z\u00e1v\u00e4zn\u00e9\u00a0sa pova\u017euje\u00a0e-mailov\u00e9 zaslanie alebo objedn\u00e1vka realizovan\u00e1 prostredn\u00edctvom e-shopu. Potvrdenie objedn\u00e1vky vykon\u00e1 pred\u00e1vaj\u00faci po overen\u00ed dostupnosti a term\u00ednu dodania objednan\u00e9ho tovaru. Po tomto potvrden\u00ed objedn\u00e1vky kupuj\u00facemu sa st\u00e1va objedn\u00e1vka z\u00e1v\u00e4zn\u00e1 aj pre pred\u00e1vaj\u00faceho. Pred\u00e1vaj\u00facim potvrden\u00e1 objedn\u00e1vka (alebo jej \u010das\u0165) je pova\u017eovan\u00e1 za z\u00e1v\u00e4zn\u00fa pre obidve strany, ak ned\u00f4jde k poru\u0161eniu podmienok dohodnut\u00fdch v \u010dase potvrdenia. Za podstatn\u00e9 podmienky sa pova\u017euj\u00fa hlavne obsah objedn\u00e1vky presn\u00e1 \u0161pecifik\u00e1cia tovaru, jeho po\u010det, farebn\u00e9 prevedenie, cena za tovar a prepravu, sp\u00f4sob a term\u00edn doru\u010denia. Kupuj\u00faci sa zav\u00e4zuje zaplati\u0165 za objednan\u00fd tovar dojednan\u00fa cenu. Pred\u00e1vaj\u00faci si m\u00f4\u017ee od kupuj\u00faceho \u017eiada\u0165 z\u00e1lohu vo v\u00fd\u0161ke 50 % z celkovej sumy za objednan\u00fd tovar.<\/p><p>Hotline: Po-\u0160tv 9:00-17:00, Pia 9:00-16:00<\/p><p>Telef\u00f3n: 02\/20 70 70 70, 0910 237 572<\/p><p>E-mail:\u00a0info@gp-menu.com<\/p><p>Online-shop:\u00a0shopsk.gp-menu.com<\/p><p>Na\u0161e dod\u00e1vky, ponuky a\u00a0slu\u017eby podliehaj\u00fa t\u00fdmto obchodn\u00fdm podmienkam a\u00a0s\u00fa platn\u00e9 pre v\u0161etky obchodn\u00e9 vz\u0165ahy.<\/p><p>S na\u0161imi obchodn\u00fdmi a\u00a0dodac\u00edmi podmienkami s\u00fahlas\u00edte automaticky zaslan\u00edm objedn\u00e1vky.<\/p><p><strong>Dodacie podmienky<\/strong><\/p><p>Dod\u00e1vky predmetu plnenia (objednan\u00e9ho tovaru) bud\u00fa pod\u013ea dostupnosti produktov a prev\u00e1dzkov\u00fdch mo\u017enost\u00ed pred\u00e1vaj\u00faceho realizovan\u00e9 v \u010do najkrat\u0161om term\u00edne. Miesto odberu je stanoven\u00e9 na z\u00e1klade objedn\u00e1vky kupuj\u00faceho. Za splnenie dod\u00e1vky sa pova\u017euje dodanie predmetu plnenia na uveden\u00e9 miesto. Dopravu na adresu ur\u010denia zais\u0165uje pred\u00e1vaj\u00faci. Z\u00e1sielka s tovarom v\u017edy obsahuje da\u0148ov\u00fd doklad, pod\u013ea druhu tovaru n\u00e1vod na pou\u017e\u00edvanie v\u00fdrobku a z\u00e1ru\u010dn\u00fd list. Kupuj\u00faci sa zav\u00e4zuje prevzia\u0165 objednan\u00fd tovar. Rozmery a obsah v\u00fdrobkov, pokia\u013e nie s\u00fa kalibrovan\u00e9, s\u00fa informat\u00edvne, m\u00f4\u017eu sa l\u00ed\u0161i\u0165 od skuto\u010dnosti.<\/p><p><strong>Dodacie lehoty<\/strong><\/p><p>Priemern\u00e1\u00a0doba exped\u00edcie n\u00e1\u0161ho tovaru sa pohybuje v rozmedz\u00ed 5-21 dn\u00ed, v z\u00e1vislosti od mno\u017estva a druhu objednan\u00e9ho tovaru, pri ne\u010dakan\u00fdch okolnostiach sa m\u00f4\u017ee pred\u013a\u017ei\u0165. Na zmenu dodacej lehoty V\u00e1\u0161ho tovaru V\u00e1s vopred upozorn\u00edme e-mailom alebo telefonicky a budete ma\u0165 mo\u017enos\u0165 objedn\u00e1vku stornova\u0165, pr\u00edpadne zmeni\u0165 si vybran\u00fd tovar za in\u00fd. V zriedkav\u00fdch pr\u00edpadoch sa st\u00e1va, \u017ee Va\u0161u objedn\u00e1vku nie sme schopn\u00ed vybavi\u0165, lebo medzi\u010dasom m\u00f4\u017ee byt tovar vyraden\u00fd z predaja v\u00fdrobcom alebo dod\u00e1vate\u013eom bez toho, aby n\u00e1s o tom upovedomil. V takomto pr\u00edpade V\u00e1s tie\u017e budeme bezodkladne informova\u0165 a budete ma\u0165 mo\u017enos\u0165 objedn\u00e1vku stornova\u0165 alebo vybra\u0165 si podobn\u00fd tovar. Pri doru\u010den\u00ed z\u00e1sielky prepravnou spolo\u010dnos\u0165ou je vhodn\u00e9 uvies\u0165 do adresy doru\u010denia mobiln\u00e9 telef\u00f3nne \u010d\u00edslo (odpor\u00fa\u010dame priamo vo formul\u00e1ri z\u00e1v\u00e4znej objedn\u00e1vky), aby sa vedel n\u00e1\u0161 pracovn\u00edk s Vami dohodn\u00fa\u0165 na presnom \u010dase a mieste dodania tovaru. Taktie\u017e odpor\u00fa\u010dame uvies\u0165 adresu, na ktorej sa cez de\u0148 zdr\u017eujete, nako\u013eko prepravn\u00e1 spolo\u010dnos\u0165 vykon\u00e1va don\u00e1\u0161ku spravidla medzi 8.30 a 16.00 hod.<\/p><p><strong>Pred\u00e1vaj\u00faci nenesie zodpovednos\u0165:<\/strong><\/p><ul><li>za oneskoren\u00e9 dodanie objednan\u00e9ho tovaru zavinen\u00e9 prepravnou spolo\u010dnos\u0165ou.<\/li><li>po\u0161kodenie z\u00e1sielky zavinen\u00e9 prepravnou spolo\u010dnos\u0165ou<\/li><\/ul><p>Pri preberan\u00ed\u00a0tovaru priamo u n\u00e1s, si taktie\u017e\u00a0s Vami dohodneme hodinu prebratia tovaru. Je to preto, aby sme sa V\u00e1m v tomto \u010dase mohli venova\u0165. V\u00fdnimo\u010dne je mo\u017en\u00e9 dohodn\u00fa\u0165 aj prevzatie tovaru mimo be\u017enej pracovnej doby. Pros\u00edme dodr\u017ete tento \u010das, alebo n\u00e1s dostato\u010dne s predstihom informujte, ak sa V\u00e1m program v priebehu d\u0148a zmen\u00ed a Vy sa nem\u00f4\u017eete v ur\u010den\u00fd \u010das dostavi\u0165.<\/p><p><strong>Reklam\u00e1cie<\/strong><\/p><p>Reklam\u00e1cie s\u00fa vybavovan\u00e9:<\/p><ul><li>e-mailom<\/li><li>po\u0161tou zaslan\u00edm tovaru na na\u0161u adresu<\/li><li>prepravnou spolo\u010dnos\u0165ou zaslan\u00edm tovaru na na\u0161u adresu<\/li><\/ul><p>Pokia\u013e spotrebite\u013e nie je spokojn\u00fd so sp\u00f4sobom, ktor\u00fdm pred\u00e1vaj\u00faci vybavil jeho reklam\u00e1ciu alebo ak sa domnieva, \u017ee pred\u00e1vaj\u00faci poru\u0161il jeho pr\u00e1va, m\u00e1 mo\u017enos\u0165 obr\u00e1ti\u0165 sa na pred\u00e1vaj\u00faceho so \u017eiados\u0165ou o n\u00e1pravu. Ak pred\u00e1vaj\u00faci na \u017eiados\u0165 o n\u00e1pravu odpovie zamietavo alebo na \u0148u neodpovie do 30 dn\u00ed odo d\u0148a jej odoslania, spotrebite\u013e m\u00e1 pr\u00e1vo poda\u0165 n\u00e1vrh na za\u010datie alternat\u00edvneho rie\u0161enia svojho sporu pod\u013ea ustanovenia \u00a7 12 z\u00e1kona \u010d. 391\/2015 Z. z. o alternat\u00edvnom rie\u0161en\u00ed spotrebite\u013esk\u00fdch sporov a o zmene a doplnen\u00ed niektor\u00fdch z\u00e1konov. <\/p><p>Pr\u00edslu\u0161n\u00fdm subjektom na alternat\u00edvne rie\u0161enie spotrebite\u013esk\u00fdch sporov s pred\u00e1vaj\u00facim je Slovensk\u00e1 obchodn\u00e1 in\u0161pekcia,\u00a0 Bajkalsk\u00e1 21\/A, 827 99 Bratislava, <a class=\"moz-txt-link-abbreviated\" href=\"http:\/\/www.soi.sk\">www.soi.sk<\/a> alebo in\u00e1 pr\u00edslu\u0161n\u00e1 opr\u00e1vnen\u00e1 pr\u00e1vnick\u00e1 osoba zap\u00edsan\u00e1 v zozname subjektov alternat\u00edvneho rie\u0161enia sporov vedenom Ministerstvom hospod\u00e1rstva Slovenskej republiky (zoznam je dostupn\u00fd na str\u00e1nke <a class=\"moz-txt-link-freetext\" href=\"http:\/\/www.mhsr.sk\">http:\/\/www.mhsr.sk<\/a>); spotrebite\u013e m\u00e1 pr\u00e1vo vo\u013eby, na ktor\u00fd z uveden\u00fdch subjektov alternat\u00edvneho rie\u0161enia spotrebite\u013esk\u00fdch sporov sa obr\u00e1ti.<\/p><p><strong>Z\u00e1ruka<\/strong><\/p><p>Na ka\u017ed\u00fd\u00a0pred\u00e1van\u00fd tovar sa vz\u0165ahuje z\u00e1ru\u010dn\u00e1\u00a0doba 12 mesiacov, pokia\u013e\u00a0pri tovare nie je v z\u00e1ru\u010dnom liste uveden\u00fd in\u00fd \u010das.<\/p><p><strong>Storno objedn\u00e1vky zo strany kupuj\u00faceho<\/strong><\/p><p>Kupuj\u00faci m\u00e1\u00a0pr\u00e1vo stornova\u0165 objedn\u00e1vku bez udania d\u00f4vodu kedyko\u013evek pred jej z\u00e1v\u00e4zn\u00fdm potvrden\u00edm. Po z\u00e1v\u00e4znom potvrden\u00ed\u00a0objedn\u00e1vky v\u0161ak iba v pr\u00edpade, \u017ee pred\u00e1vaj\u00faci nespln\u00ed\u00a0dohodnut\u00e9\u00a0podmienky dodania. V pr\u00edpade stornovania potvrdenej objedn\u00e1vky je kupuj\u00faci povinn\u00fd uhradi\u0165 pred\u00e1vaj\u00facemu \u0161kodu vzniknut\u00fa tak\u00fdmto jednan\u00edm. \u0160koda predstavuje n\u00e1klady na dopravu, ktor\u00e9 musel pred\u00e1vaj\u00faci vynalo\u017ei\u0165, \u010do je 10% z ceny tovaru. Pred\u00e1vaj\u00faci uplatn\u00ed pr\u00e1vo na \u00fahradu \u0161kody hlavne v pr\u00edpade n\u00e1kupu tovaru \u201ena objedn\u00e1vku\u201c, ktor\u00e9 bolo nutn\u00e9 zaobstara\u0165 alebo v pr\u00edpade, \u017ee v s\u00favislosti so zaisten\u00edm tovaru do\u0161lo u\u017e k vynalo\u017eeniu preuk\u00e1zate\u013en\u00fdch n\u00e1kladov.<\/p><p><strong>Storno objedn\u00e1vky zo strany pred\u00e1vaj\u00faceho<\/strong><\/p><p>Pred\u00e1vaj\u00faci si vyhradzuje pr\u00e1vo zru\u0161i\u0165 z\u00e1v\u00e4zn\u00fa objedn\u00e1vku alebo jej \u010das\u0165 v nasledovn\u00fdch pr\u00edpadoch:<\/p><ul><li>bez udania d\u00f4vodu<\/li><li>tovar sa u\u017e nevyr\u00e1ba, pr\u00edpadne nedod\u00e1va alebo sa v\u00fdrazn\u00fdm sp\u00f4sobom zmenila cena dod\u00e1vate\u013ea tovaru.<\/li><\/ul><p>V pr\u00edpade, \u017ee t\u00e1to situ\u00e1cia nastane, pred\u00e1vaj\u00faci bude okam\u017eite kontaktova\u0165 kupuj\u00faceho za \u00fa\u010delom dohody o \u010fal\u0161om postupe. V pr\u00edpade, \u017ee kupuj\u00faci zaplatil u\u017e \u010das\u0165 alebo cel\u00fa sumu k\u00fapnej ceny, bude mu t\u00e1to \u010diastka preveden\u00e1 sp\u00e4\u0165 na jeho \u00fa\u010det alebo adresu v najkrat\u0161om mo\u017enom term\u00edne.<\/p><p><strong>Odst\u00fapenie od k\u00fapnej zmluvy (z\u00e1sielkov\u00fd obchod)<\/strong><\/p><p>Odst\u00fapenie od k\u00fapnej zmluvy zo strany kupuj\u00faceho v pr\u00edpade neosobn\u00e9ho sp\u00f4sobu doru\u010denia tovaru (nevz\u0165ahuje sa na osobn\u00e9 prevzatie tovaru v mieste pred\u00e1vaj\u00faceho): V s\u00falade so z\u00e1konom m\u00e1te ako z\u00e1kazn\u00edk pr\u00e1vo odst\u00fapi\u0165 od zmluvy do 14 dn\u00ed od prevzatia tovaru. Ak sa rozhodnete pre odst\u00fapenie v tejto lehote, pros\u00edme V\u00e1s o dodr\u017eanie ni\u017e\u0161ie uveden\u00fdch podmienok:<\/p><ul><li>Kontaktujte n\u00e1s (vi\u010f kontakt), \u017ee \u017eiadate o odst\u00fapenie od zmluvy s uveden\u00edm \u010d\u00edsla objedn\u00e1vky, d\u00e1tumu n\u00e1kupu a Va\u0161\u00edm \u010d\u00edslom \u00fa\u010dtu \u010di adresou pre vr\u00e1tenie pe\u0148az\u00ed.<\/li><li>Ak ste u\u017e tovar obdr\u017eali a prevzali, za\u0161lite ho sp\u00e4\u0165 na na\u0161u adresu uveden\u00fa v sekcii kontakt a to za nasleduj\u00facich podmienok:<\/li><li>tovar mus\u00ed by\u0165 v p\u00f4vodnom nepo\u0161kodenom obale,<\/li><li>tovar nesmie by\u0165 pou\u017eit\u00fd<\/li><li>tovar mus\u00ed by\u0165 nepo\u0161koden\u00fd,<\/li><li>tovar mus\u00ed by\u0165 kompletn\u00fd (vr\u00e1tane pr\u00edslu\u0161enstva, z\u00e1ru\u010dn\u00e9ho listu, n\u00e1vodu at\u010f.),<\/li><li>za\u0161lite spolu s dokladom o k\u00fape.<\/li><\/ul><p>Tovar pros\u00edme posielajte doporu\u010dene a poisten\u00fd, nako\u013eko neru\u010d\u00edme za jeho pr\u00edpadn\u00fa stratu na ceste k n\u00e1m (doporu\u010dene neznamen\u00e1 na dobierku). Pri splnen\u00ed v\u0161etk\u00fdch vy\u0161\u0161ie uveden\u00fdch podmienok pre vr\u00e1tenie tovaru V\u00e1m peniaze za tovar za\u0161leme prevodom na V\u00e1\u0161 \u00fa\u010det a to najnesk\u00f4r do 14 pracovn\u00fdch dn\u00ed po fyzickom obdr\u017ean\u00ed tovaru a jeho prekontrolovan\u00ed.<\/p><p>V pr\u00edpade nesplnenia niektorej z vy\u0161\u0161ie uveden\u00fdch podmienok nebudeme \u017eia\u013e m\u00f4c\u0165 akceptova\u0165 odst\u00fapenie od spotrebite\u013eskej zmluvy a tovar bude vr\u00e1ten\u00fd na n\u00e1klady odosielaj\u00faceho nasp\u00e4\u0165.<\/p><p><strong>Nakupujete bez rizika, preto\u017ee \u00a0pri ka\u017edej objedn\u00e1vke m\u00e1te pln\u00e9 pr\u00e1vo na vr\u00e1tenie tovaru do 14 dn\u00ed. V\u00fdnimkou je len tovar s\u00a0vlastn\u00fdm logom ako aj pou\u017eit\u00fd produkt. Neporu\u0161en\u00e9 dodanie sa overuje v\u00a0pr\u00edtomnosti doru\u010dovate\u013ea. Nedostatky zazna\u010dte do potvrdenia o\u00a0dodan\u00ed spolu s\u00a0podpisom doru\u010dovate\u013ea<\/strong>.<\/p><p><strong>Dodatky a zmeny obchodn\u00fdch podmienok<\/strong><\/p><p>Svoje pripomienky na \u010fal\u0161ie skvalitnenie slu\u017eieb, pr\u00edpadne in\u00fdch n\u00e1vrhov na vylep\u0161enie n\u00e1kupn\u00e9ho syst\u00e9mu m\u00f4\u017eete vyu\u017e\u00edva\u0165 email <a href=\"mailto:info@gp-menu.com\">info@gp-menu.com<\/a>. Pokia\u013e sa zmenia pravidl\u00e1 v internetovom obchode, zverejn\u00edme zmenen\u00e9 pravidl\u00e1 na tejto str\u00e1nke. Zaregistrovan\u00fdch u\u017e\u00edvate\u013eov budeme informova\u0165 e-mailom. Nov\u00e9 zmenen\u00e9 pravidl\u00e1 vst\u00fapia do platnosti automaticky po zverejnen\u00ed na t\u00fdchto str\u00e1nkach. Inak sa pravidl\u00e1 nem\u00f4\u017eu meni\u0165 s v\u00fdnimkou, ke\u010f sa obidve strany vz\u00e1jomne dohodn\u00fa vopred, spravidla p\u00edsomnou formou. Va\u0161e \u010fal\u0161ie pou\u017e\u00edvanie slu\u017eieb po zverejnen\u00ed zmenen\u00fdch pravidiel na tejto str\u00e1nke V\u00e1\u0161 s\u00fahlas s nov\u00fdmi pravidlami.<\/p><p><strong>Ceny<\/strong><\/p><p>V\u0161etky ceny produktov s\u00fa v\u00a0E-shope uveden\u00e9 s DPH aj bez DPH. Ceny s\u00fa uv\u00e1dzan\u00e9 v EUR.<\/p><p>Pri objedn\u00e1vke \u00fa\u010dtujeme pr\u00edplatok za baln\u00e9, dopravu, dobierku, poistenie a\u00a0po\u0161tovn\u00e9. Cena za dopravu je stanoven\u00e1 na z\u00e1klade celkovej hmotnosti z\u00e1sielky.<\/p><p>Bal\u00edk do 10 kg \u2014 3.90 EUR bez DPH<\/p><p>\u00a0 \u00a0 \u00a0 \u00a0 \u00a0 \u00a0 \u00a0\u00a0 \u00a010-20 kg \u2014 4.90 EUR bez DPH<\/p><p>\u00a0 \u00a0 \u00a0 \u00a0 \u00a0 \u00a0 \u00a0\u00a0 \u00a020-30 kg \u2014 5.90 EUR bez DPH<\/p><p>\u00a0 \u00a0 \u00a0 \u00a0 \u00a0 \u00a0 \u00a0\u00a0 \u00a030-50 kg \u2014 9.90 EUR bez DPH<\/p><p>\u00a0\u00a0\u00a0\u00a0\u00a0\u00a0\u00a0\u00a0\u00a0\u00a0\u00a0\u00a0\u00a0\u00a0\u00a0 dobierka \u2013 1,50 \u20ac bez DPH<\/p><p><strong>\u00a0<\/strong><\/p><p><strong>Tovar je zasielan\u00fd kuri\u00e9rskou spolo\u010dnos\u0165ou, po\u0161tou len vo v\u00fdnimo\u010dn\u00fdch pr\u00edpadoch.<\/strong><\/p><p>Z\u00e1kazn\u00edk si m\u00f4\u017ee vybra\u0165 z t\u00fdchto sp\u00f4sobov platby:<\/p><ol><li>Platba na \u00fa\u010det \u2013 z\u00e1kazn\u00edk na n\u00e1\u0161 \u00fa\u010det prevedie alebo vlo\u017e\u00ed sumu vo v\u00fd\u0161ke ceny objedn\u00e1vky e\u0161te pred jej doru\u010den\u00edm na z\u00e1klade zaslanej z\u00e1lohovej fakt\u00fary.<\/li><li>Platba platobnou kartou cez internet.<\/li><li>Dobierka \u2013 platba pri doru\u010den\u00ed objedn\u00e1vky kuri\u00e9rom, pr\u00edplatok za dobierku je 1.50 EUR bez DPH.<\/li><li>V hotovosti\u00a0alebo platobnou kartou \u2013 pri osobnom odbere tovaru v mieste priestorov spolo\u010dnosti.<\/li><li>\u00a0Pred\u00e1vaj\u00faci si m\u00f4\u017ee od kupuj\u00faceho \u017eiada\u0165 z\u00e1lohu vo v\u00fd\u0161ke 50 % z celkovej sumy za objednan\u00fd tovar.<\/li><\/ol><p><strong>Z\u00e1vere\u010dn\u00e9 ustanovenia.<\/strong><\/p><p>Dodan\u00fd tovar zost\u00e1va a\u017e do \u00fapln\u00e9ho zaplatenia majetkom spolo\u010dnosti GASTRO PALAZZO s.r.o..<\/p><p>S\u00a0publik\u00e1ciou tejto ponuky str\u00e1caj\u00fa platnos\u0165 v\u0161etky predch\u00e1dzaj\u00face \u00fadaje o\u00a0cen\u00e1ch.<\/p><p>Miestom plnenia je Bratislava. Pre pr\u00edpadn\u00e9 upomienkov\u00e9ho pojedn\u00e1vania prisl\u00facha okresn\u00e9mu s\u00fadu v\u00a0Bratislave.<\/p><p>Pr\u00e1vo na nepresnosti a\u00a0tla\u010dov\u00e9 chyby vyhraden\u00e9.<\/p>\n\t\t\t\t\t<\/div>\n\t\t\t\t<\/div>\n\t\t\t\t<\/div>\n\t\t\t\t\t<\/div>\n\t\t<\/div>\n\t\t\t\t\t<\/div>\n\t\t<\/section>\n\t\t\t\t<\/div>\n\t\t","protected":false},"excerpt":{"rendered":"<p>Pred\u00e1vaj\u00facim sa v zmysle t\u00fdchto v\u0161eobecn\u00fdch obchodn\u00fdch podmienok ozna\u010duje spolo\u010dnos\u0165 GASTRO PALAZZO s.r.o., so s\u00eddlom Star\u00e1 ivansk\u00e1 cesta 1b, 821<\/p>\n","protected":false},"author":1,"featured_media":0,"parent":0,"menu_order":0,"comment_status":"closed","ping_status":"closed","template":"","meta":{"footnotes":""},"class_list":["post-19664","page","type-page","status-publish","hentry"],"acf":[],"yoast_head":"<!-- This site is optimized with the Yoast SEO plugin v22.0 - https:\/\/yoast.com\/wordpress\/plugins\/seo\/ -->\n<title>Obchodn\u00e9 podmienky - GP Menu<\/title>\n<meta name=\"robots\" content=\"index, follow, max-snippet:-1, max-image-preview:large, max-video-preview:-1\" \/>\n<link rel=\"canonical\" href=\"https:\/\/shopsk.gp-menu.com\/nl\/obchodne-podmienky\/\" \/>\n<meta property=\"og:locale\" content=\"nl_NL\" \/>\n<meta property=\"og:type\" content=\"article\" \/>\n<meta property=\"og:title\" content=\"Obchodn\u00e9 podmienky - GP Menu\" \/>\n<meta property=\"og:description\" content=\"Pred\u00e1vaj\u00facim sa v zmysle t\u00fdchto v\u0161eobecn\u00fdch obchodn\u00fdch podmienok ozna\u010duje spolo\u010dnos\u0165 GASTRO PALAZZO s.r.o., so s\u00eddlom Star\u00e1 ivansk\u00e1 cesta 1b, 821\" \/>\n<meta property=\"og:url\" content=\"https:\/\/shopsk.gp-menu.com\/nl\/obchodne-podmienky\/\" \/>\n<meta property=\"og:site_name\" content=\"GP Menu\" \/>\n<meta name=\"twitter:card\" content=\"summary_large_image\" \/>\n<meta name=\"twitter:label1\" content=\"Geschatte leestijd\" \/>\n\t<meta name=\"twitter:data1\" content=\"10 minuten\" \/>\n<script type=\"application\/ld+json\" class=\"yoast-schema-graph\">{\"@context\":\"https:\/\/schema.org\",\"@graph\":[{\"@type\":\"WebPage\",\"@id\":\"https:\/\/shopsk.gp-menu.com\/nl\/obchodne-podmienky\/\",\"url\":\"https:\/\/shopsk.gp-menu.com\/nl\/obchodne-podmienky\/\",\"name\":\"Obchodn\u00e9 podmienky - GP Menu\",\"isPartOf\":{\"@id\":\"https:\/\/shopsk.gp-menu.com\/nl\/#website\"},\"datePublished\":\"2023-05-26T09:14:46+00:00\",\"dateModified\":\"2023-05-26T09:14:46+00:00\",\"breadcrumb\":{\"@id\":\"https:\/\/shopsk.gp-menu.com\/nl\/obchodne-podmienky\/#breadcrumb\"},\"inLanguage\":\"nl-NL\",\"potentialAction\":[{\"@type\":\"ReadAction\",\"target\":[\"https:\/\/shopsk.gp-menu.com\/nl\/obchodne-podmienky\/\"]}]},{\"@type\":\"BreadcrumbList\",\"@id\":\"https:\/\/shopsk.gp-menu.com\/nl\/obchodne-podmienky\/#breadcrumb\",\"itemListElement\":[{\"@type\":\"ListItem\",\"position\":1,\"name\":\"Domovsk\u00e1 str\u00e1nka\",\"item\":\"https:\/\/shopsk.gp-menu.com\/nl\/obchod\/\"},{\"@type\":\"ListItem\",\"position\":2,\"name\":\"Obchodn\u00e9 podmienky\"}]},{\"@type\":\"WebSite\",\"@id\":\"https:\/\/shopsk.gp-menu.com\/nl\/#website\",\"url\":\"https:\/\/shopsk.gp-menu.com\/nl\/\",\"name\":\"GP Menu\",\"description\":\"\",\"potentialAction\":[{\"@type\":\"SearchAction\",\"target\":{\"@type\":\"EntryPoint\",\"urlTemplate\":\"https:\/\/shopsk.gp-menu.com\/nl\/?s={search_term_string}\"},\"query-input\":\"required name=search_term_string\"}],\"inLanguage\":\"nl-NL\"}]}<\/script>\n<!-- \/ Yoast SEO plugin. -->","yoast_head_json":{"title":"Obchodn\u00e9 podmienky - GP Menu","robots":{"index":"index","follow":"follow","max-snippet":"max-snippet:-1","max-image-preview":"max-image-preview:large","max-video-preview":"max-video-preview:-1"},"canonical":"https:\/\/shopsk.gp-menu.com\/nl\/obchodne-podmienky\/","og_locale":"nl_NL","og_type":"article","og_title":"Obchodn\u00e9 podmienky - GP Menu","og_description":"Pred\u00e1vaj\u00facim sa v zmysle t\u00fdchto v\u0161eobecn\u00fdch obchodn\u00fdch podmienok ozna\u010duje spolo\u010dnos\u0165 GASTRO PALAZZO s.r.o., so s\u00eddlom Star\u00e1 ivansk\u00e1 cesta 1b, 821","og_url":"https:\/\/shopsk.gp-menu.com\/nl\/obchodne-podmienky\/","og_site_name":"GP Menu","twitter_card":"summary_large_image","twitter_misc":{"Geschatte leestijd":"10 minuten"},"schema":{"@context":"https:\/\/schema.org","@graph":[{"@type":"WebPage","@id":"https:\/\/shopsk.gp-menu.com\/nl\/obchodne-podmienky\/","url":"https:\/\/shopsk.gp-menu.com\/nl\/obchodne-podmienky\/","name":"Obchodn\u00e9 podmienky - GP Menu","isPartOf":{"@id":"https:\/\/shopsk.gp-menu.com\/nl\/#website"},"datePublished":"2023-05-26T09:14:46+00:00","dateModified":"2023-05-26T09:14:46+00:00","breadcrumb":{"@id":"https:\/\/shopsk.gp-menu.com\/nl\/obchodne-podmienky\/#breadcrumb"},"inLanguage":"nl-NL","potentialAction":[{"@type":"ReadAction","target":["https:\/\/shopsk.gp-menu.com\/nl\/obchodne-podmienky\/"]}]},{"@type":"BreadcrumbList","@id":"https:\/\/shopsk.gp-menu.com\/nl\/obchodne-podmienky\/#breadcrumb","itemListElement":[{"@type":"ListItem","position":1,"name":"Domovsk\u00e1 str\u00e1nka","item":"https:\/\/shopsk.gp-menu.com\/nl\/obchod\/"},{"@type":"ListItem","position":2,"name":"Obchodn\u00e9 podmienky"}]},{"@type":"WebSite","@id":"https:\/\/shopsk.gp-menu.com\/nl\/#website","url":"https:\/\/shopsk.gp-menu.com\/nl\/","name":"GP Menu","description":"","potentialAction":[{"@type":"SearchAction","target":{"@type":"EntryPoint","urlTemplate":"https:\/\/shopsk.gp-menu.com\/nl\/?s={search_term_string}"},"query-input":"required name=search_term_string"}],"inLanguage":"nl-NL"}]}},"_links":{"self":[{"href":"https:\/\/shopsk.gp-menu.com\/nl\/wp-json\/wp\/v2\/pages\/19664","targetHints":{"allow":["GET"]}}],"collection":[{"href":"https:\/\/shopsk.gp-menu.com\/nl\/wp-json\/wp\/v2\/pages"}],"about":[{"href":"https:\/\/shopsk.gp-menu.com\/nl\/wp-json\/wp\/v2\/types\/page"}],"author":[{"embeddable":true,"href":"https:\/\/shopsk.gp-menu.com\/nl\/wp-json\/wp\/v2\/users\/1"}],"replies":[{"embeddable":true,"href":"https:\/\/shopsk.gp-menu.com\/nl\/wp-json\/wp\/v2\/comments?post=19664"}],"version-history":[{"count":0,"href":"https:\/\/shopsk.gp-menu.com\/nl\/wp-json\/wp\/v2\/pages\/19664\/revisions"}],"wp:attachment":[{"href":"https:\/\/shopsk.gp-menu.com\/nl\/wp-json\/wp\/v2\/media?parent=19664"}],"curies":[{"name":"wp","href":"https:\/\/api.w.org\/{rel}","templated":true}]}}