{"id":20762,"date":"2023-10-15T12:20:26","date_gmt":"2023-10-15T10:20:26","guid":{"rendered":"https:\/\/shopsk.gp-menu.com\/produkt\/stojan-na-dialkove-ovladanie\/"},"modified":"2023-10-15T12:20:26","modified_gmt":"2023-10-15T10:20:26","slug":"stojan-na-dialkove-ovladanie","status":"publish","type":"product","link":"https:\/\/shopsk.gp-menu.com\/it\/produkt\/stojan-na-dialkove-ovladanie\/","title":{"rendered":"Stojan na dia\u013ekov\u00e9 ovl\u00e1danie"},"content":{"rendered":"","protected":false},"excerpt":{"rendered":"<p>Dia\u013ekov\u00e9 ovl\u00e1danie u\u017e viac h\u013eada\u0165 nebudete. Umiestnite ho do stojana, ktor\u00fd lad\u00ed napr\u00edklad s boxom na serv\u00edtky alebo s podnosom na stole.<\/p>\n","protected":false},"featured_media":19237,"template":"","meta":[],"product_cat":[486],"product_tag":[],"class_list":{"0":"post-20762","1":"product","2":"type-product","3":"status-publish","4":"has-post-thumbnail","6":"product_cat-hotelovy-program-it","7":"pa_cena-ks-bez-dph-20-it","8":"pa_pocet-kusov-v-baleni-4-it","9":"pa_velkost-8x17x8-cm-sxvxh-it","11":"first","12":"instock","13":"taxable","14":"shipping-taxable","15":"purchasable","16":"product-type-variable"},"acf":[],"yoast_head":"<!-- This site is optimized with the Yoast SEO plugin v22.0 - https:\/\/yoast.com\/wordpress\/plugins\/seo\/ -->\n<title>Stojan na dia\u013ekov\u00e9 ovl\u00e1danie - GP Menu<\/title>\n<meta name=\"robots\" content=\"index, follow, max-snippet:-1, max-image-preview:large, max-video-preview:-1\" \/>\n<link rel=\"canonical\" href=\"https:\/\/shopsk.gp-menu.com\/it\/produkt\/stojan-na-dialkove-ovladanie\/\" \/>\n<meta property=\"og:locale\" content=\"it_IT\" \/>\n<meta property=\"og:type\" content=\"article\" \/>\n<meta property=\"og:title\" content=\"Stojan na dia\u013ekov\u00e9 ovl\u00e1danie - GP Menu\" \/>\n<meta property=\"og:description\" content=\"Dia\u013ekov\u00e9 ovl\u00e1danie u\u017e viac h\u013eada\u0165 nebudete. Umiestnite ho do stojana, ktor\u00fd lad\u00ed napr\u00edklad s boxom na serv\u00edtky alebo s podnosom na stole.\" \/>\n<meta property=\"og:url\" content=\"https:\/\/shopsk.gp-menu.com\/it\/produkt\/stojan-na-dialkove-ovladanie\/\" \/>\n<meta property=\"og:site_name\" content=\"GP Menu\" \/>\n<meta name=\"twitter:card\" content=\"summary_large_image\" \/>\n<script type=\"application\/ld+json\" class=\"yoast-schema-graph\">{\"@context\":\"https:\/\/schema.org\",\"@graph\":[{\"@type\":\"WebPage\",\"@id\":\"https:\/\/shopsk.gp-menu.com\/it\/produkt\/stojan-na-dialkove-ovladanie\/\",\"url\":\"https:\/\/shopsk.gp-menu.com\/it\/produkt\/stojan-na-dialkove-ovladanie\/\",\"name\":\"Stojan na dia\u013ekov\u00e9 ovl\u00e1danie - GP Menu\",\"isPartOf\":{\"@id\":\"https:\/\/shopsk.gp-menu.com\/it\/#website\"},\"datePublished\":\"2023-10-15T10:20:26+00:00\",\"dateModified\":\"2023-10-15T10:20:26+00:00\",\"breadcrumb\":{\"@id\":\"https:\/\/shopsk.gp-menu.com\/it\/produkt\/stojan-na-dialkove-ovladanie\/#breadcrumb\"},\"inLanguage\":\"it-IT\",\"potentialAction\":[{\"@type\":\"ReadAction\",\"target\":[\"https:\/\/shopsk.gp-menu.com\/it\/produkt\/stojan-na-dialkove-ovladanie\/\"]}]},{\"@type\":\"BreadcrumbList\",\"@id\":\"https:\/\/shopsk.gp-menu.com\/it\/produkt\/stojan-na-dialkove-ovladanie\/#breadcrumb\",\"itemListElement\":[{\"@type\":\"ListItem\",\"position\":1,\"name\":\"Domovsk\u00e1 str\u00e1nka\",\"item\":\"https:\/\/shopsk.gp-menu.com\/it\/\"},{\"@type\":\"ListItem\",\"position\":2,\"name\":\"Obchod\",\"item\":\"https:\/\/shopsk.gp-menu.com\/\"},{\"@type\":\"ListItem\",\"position\":3,\"name\":\"Stojan na dia\u013ekov\u00e9 ovl\u00e1danie\"}]},{\"@type\":\"WebSite\",\"@id\":\"https:\/\/shopsk.gp-menu.com\/it\/#website\",\"url\":\"https:\/\/shopsk.gp-menu.com\/it\/\",\"name\":\"GP Menu\",\"description\":\"\",\"potentialAction\":[{\"@type\":\"SearchAction\",\"target\":{\"@type\":\"EntryPoint\",\"urlTemplate\":\"https:\/\/shopsk.gp-menu.com\/it\/?s={search_term_string}\"},\"query-input\":\"required name=search_term_string\"}],\"inLanguage\":\"it-IT\"}]}<\/script>\n<!-- \/ Yoast SEO plugin. -->","yoast_head_json":{"title":"Stojan na dia\u013ekov\u00e9 ovl\u00e1danie - GP Menu","robots":{"index":"index","follow":"follow","max-snippet":"max-snippet:-1","max-image-preview":"max-image-preview:large","max-video-preview":"max-video-preview:-1"},"canonical":"https:\/\/shopsk.gp-menu.com\/it\/produkt\/stojan-na-dialkove-ovladanie\/","og_locale":"it_IT","og_type":"article","og_title":"Stojan na dia\u013ekov\u00e9 ovl\u00e1danie - GP Menu","og_description":"Dia\u013ekov\u00e9 ovl\u00e1danie u\u017e viac h\u013eada\u0165 nebudete. Umiestnite ho do stojana, ktor\u00fd lad\u00ed napr\u00edklad s boxom na serv\u00edtky alebo s podnosom na stole.","og_url":"https:\/\/shopsk.gp-menu.com\/it\/produkt\/stojan-na-dialkove-ovladanie\/","og_site_name":"GP Menu","twitter_card":"summary_large_image","schema":{"@context":"https:\/\/schema.org","@graph":[{"@type":"WebPage","@id":"https:\/\/shopsk.gp-menu.com\/it\/produkt\/stojan-na-dialkove-ovladanie\/","url":"https:\/\/shopsk.gp-menu.com\/it\/produkt\/stojan-na-dialkove-ovladanie\/","name":"Stojan na dia\u013ekov\u00e9 ovl\u00e1danie - GP Menu","isPartOf":{"@id":"https:\/\/shopsk.gp-menu.com\/it\/#website"},"datePublished":"2023-10-15T10:20:26+00:00","dateModified":"2023-10-15T10:20:26+00:00","breadcrumb":{"@id":"https:\/\/shopsk.gp-menu.com\/it\/produkt\/stojan-na-dialkove-ovladanie\/#breadcrumb"},"inLanguage":"it-IT","potentialAction":[{"@type":"ReadAction","target":["https:\/\/shopsk.gp-menu.com\/it\/produkt\/stojan-na-dialkove-ovladanie\/"]}]},{"@type":"BreadcrumbList","@id":"https:\/\/shopsk.gp-menu.com\/it\/produkt\/stojan-na-dialkove-ovladanie\/#breadcrumb","itemListElement":[{"@type":"ListItem","position":1,"name":"Domovsk\u00e1 str\u00e1nka","item":"https:\/\/shopsk.gp-menu.com\/it\/"},{"@type":"ListItem","position":2,"name":"Obchod","item":"https:\/\/shopsk.gp-menu.com\/"},{"@type":"ListItem","position":3,"name":"Stojan na dia\u013ekov\u00e9 ovl\u00e1danie"}]},{"@type":"WebSite","@id":"https:\/\/shopsk.gp-menu.com\/it\/#website","url":"https:\/\/shopsk.gp-menu.com\/it\/","name":"GP Menu","description":"","potentialAction":[{"@type":"SearchAction","target":{"@type":"EntryPoint","urlTemplate":"https:\/\/shopsk.gp-menu.com\/it\/?s={search_term_string}"},"query-input":"required name=search_term_string"}],"inLanguage":"it-IT"}]}},"_links":{"self":[{"href":"https:\/\/shopsk.gp-menu.com\/it\/wp-json\/wp\/v2\/product\/20762","targetHints":{"allow":["GET"]}}],"collection":[{"href":"https:\/\/shopsk.gp-menu.com\/it\/wp-json\/wp\/v2\/product"}],"about":[{"href":"https:\/\/shopsk.gp-menu.com\/it\/wp-json\/wp\/v2\/types\/product"}],"version-history":[{"count":0,"href":"https:\/\/shopsk.gp-menu.com\/it\/wp-json\/wp\/v2\/product\/20762\/revisions"}],"wp:featuredmedia":[{"embeddable":true,"href":"https:\/\/shopsk.gp-menu.com\/it\/wp-json\/wp\/v2\/media\/19237"}],"wp:attachment":[{"href":"https:\/\/shopsk.gp-menu.com\/it\/wp-json\/wp\/v2\/media?parent=20762"}],"wp:term":[{"taxonomy":"product_cat","embeddable":true,"href":"https:\/\/shopsk.gp-menu.com\/it\/wp-json\/wp\/v2\/product_cat?post=20762"},{"taxonomy":"product_tag","embeddable":true,"href":"https:\/\/shopsk.gp-menu.com\/it\/wp-json\/wp\/v2\/product_tag?post=20762"}],"curies":[{"name":"wp","href":"https:\/\/api.w.org\/{rel}","templated":true}]}}