{"id":20824,"date":"2023-10-09T12:20:29","date_gmt":"2023-10-09T10:20:29","guid":{"rendered":"https:\/\/shopsk.gp-menu.com\/produkt\/reserve-stojan\/"},"modified":"2023-10-09T12:20:29","modified_gmt":"2023-10-09T10:20:29","slug":"reserve-stojan","status":"publish","type":"product","link":"https:\/\/shopsk.gp-menu.com\/hu\/produkt\/reserve-stojan\/","title":{"rendered":"RESERVE stojan"},"content":{"rendered":"","protected":false},"excerpt":{"rendered":"<p>RESERVE stojany s\u00fa neodmyslite\u013en\u00fdm doplnkom v ka\u017edom podniku. Obojstrann\u00fd n\u00e1pis RESERVE zabezpe\u010d\u00ed vidite\u013enos\u0165 z ka\u017edej strany.<\/p>\n","protected":false},"featured_media":19344,"template":"","meta":[],"product_cat":[643],"product_tag":[],"class_list":{"0":"post-20824","1":"product","2":"type-product","3":"status-publish","4":"has-post-thumbnail","6":"product_cat-doplnky-do-hotela-a-restauracie-hu","7":"pa_cena-ks-bez-dph-5-hu","8":"pa_pocet-kusov-v-baleni-5-hu","9":"pa_velkost-11x5-6-cm-sxv-hu","11":"first","12":"instock","13":"taxable","14":"shipping-taxable","15":"purchasable","16":"product-type-variable"},"acf":[],"yoast_head":"<!-- This site is optimized with the Yoast SEO plugin v22.0 - https:\/\/yoast.com\/wordpress\/plugins\/seo\/ -->\n<title>RESERVE stojan - GP Menu<\/title>\n<meta name=\"robots\" content=\"index, follow, max-snippet:-1, max-image-preview:large, max-video-preview:-1\" \/>\n<link rel=\"canonical\" href=\"https:\/\/shopsk.gp-menu.com\/hu\/produkt\/reserve-stojan\/\" \/>\n<meta property=\"og:locale\" content=\"hu_HU\" \/>\n<meta property=\"og:type\" content=\"article\" \/>\n<meta property=\"og:title\" content=\"RESERVE stojan - GP Menu\" \/>\n<meta property=\"og:description\" content=\"RESERVE stojany s\u00fa neodmyslite\u013en\u00fdm doplnkom v ka\u017edom podniku. Obojstrann\u00fd n\u00e1pis RESERVE zabezpe\u010d\u00ed vidite\u013enos\u0165 z ka\u017edej strany.\" \/>\n<meta property=\"og:url\" content=\"https:\/\/shopsk.gp-menu.com\/hu\/produkt\/reserve-stojan\/\" \/>\n<meta property=\"og:site_name\" content=\"GP Menu\" \/>\n<meta name=\"twitter:card\" content=\"summary_large_image\" \/>\n<script type=\"application\/ld+json\" class=\"yoast-schema-graph\">{\"@context\":\"https:\/\/schema.org\",\"@graph\":[{\"@type\":\"WebPage\",\"@id\":\"https:\/\/shopsk.gp-menu.com\/hu\/produkt\/reserve-stojan\/\",\"url\":\"https:\/\/shopsk.gp-menu.com\/hu\/produkt\/reserve-stojan\/\",\"name\":\"RESERVE stojan - GP Menu\",\"isPartOf\":{\"@id\":\"https:\/\/shopsk.gp-menu.com\/hu\/#website\"},\"datePublished\":\"2023-10-09T10:20:29+00:00\",\"dateModified\":\"2023-10-09T10:20:29+00:00\",\"breadcrumb\":{\"@id\":\"https:\/\/shopsk.gp-menu.com\/hu\/produkt\/reserve-stojan\/#breadcrumb\"},\"inLanguage\":\"hu\",\"potentialAction\":[{\"@type\":\"ReadAction\",\"target\":[\"https:\/\/shopsk.gp-menu.com\/hu\/produkt\/reserve-stojan\/\"]}]},{\"@type\":\"BreadcrumbList\",\"@id\":\"https:\/\/shopsk.gp-menu.com\/hu\/produkt\/reserve-stojan\/#breadcrumb\",\"itemListElement\":[{\"@type\":\"ListItem\",\"position\":1,\"name\":\"Domovsk\u00e1 str\u00e1nka\",\"item\":\"https:\/\/shopsk.gp-menu.com\/hu\/\"},{\"@type\":\"ListItem\",\"position\":2,\"name\":\"Obchod\",\"item\":\"https:\/\/shopsk.gp-menu.com\/\"},{\"@type\":\"ListItem\",\"position\":3,\"name\":\"RESERVE stojan\"}]},{\"@type\":\"WebSite\",\"@id\":\"https:\/\/shopsk.gp-menu.com\/hu\/#website\",\"url\":\"https:\/\/shopsk.gp-menu.com\/hu\/\",\"name\":\"GP Menu\",\"description\":\"\",\"potentialAction\":[{\"@type\":\"SearchAction\",\"target\":{\"@type\":\"EntryPoint\",\"urlTemplate\":\"https:\/\/shopsk.gp-menu.com\/hu\/?s={search_term_string}\"},\"query-input\":\"required name=search_term_string\"}],\"inLanguage\":\"hu\"}]}<\/script>\n<!-- \/ Yoast SEO plugin. -->","yoast_head_json":{"title":"RESERVE stojan - GP Menu","robots":{"index":"index","follow":"follow","max-snippet":"max-snippet:-1","max-image-preview":"max-image-preview:large","max-video-preview":"max-video-preview:-1"},"canonical":"https:\/\/shopsk.gp-menu.com\/hu\/produkt\/reserve-stojan\/","og_locale":"hu_HU","og_type":"article","og_title":"RESERVE stojan - GP Menu","og_description":"RESERVE stojany s\u00fa neodmyslite\u013en\u00fdm doplnkom v ka\u017edom podniku. Obojstrann\u00fd n\u00e1pis RESERVE zabezpe\u010d\u00ed vidite\u013enos\u0165 z ka\u017edej strany.","og_url":"https:\/\/shopsk.gp-menu.com\/hu\/produkt\/reserve-stojan\/","og_site_name":"GP Menu","twitter_card":"summary_large_image","schema":{"@context":"https:\/\/schema.org","@graph":[{"@type":"WebPage","@id":"https:\/\/shopsk.gp-menu.com\/hu\/produkt\/reserve-stojan\/","url":"https:\/\/shopsk.gp-menu.com\/hu\/produkt\/reserve-stojan\/","name":"RESERVE stojan - GP Menu","isPartOf":{"@id":"https:\/\/shopsk.gp-menu.com\/hu\/#website"},"datePublished":"2023-10-09T10:20:29+00:00","dateModified":"2023-10-09T10:20:29+00:00","breadcrumb":{"@id":"https:\/\/shopsk.gp-menu.com\/hu\/produkt\/reserve-stojan\/#breadcrumb"},"inLanguage":"hu","potentialAction":[{"@type":"ReadAction","target":["https:\/\/shopsk.gp-menu.com\/hu\/produkt\/reserve-stojan\/"]}]},{"@type":"BreadcrumbList","@id":"https:\/\/shopsk.gp-menu.com\/hu\/produkt\/reserve-stojan\/#breadcrumb","itemListElement":[{"@type":"ListItem","position":1,"name":"Domovsk\u00e1 str\u00e1nka","item":"https:\/\/shopsk.gp-menu.com\/hu\/"},{"@type":"ListItem","position":2,"name":"Obchod","item":"https:\/\/shopsk.gp-menu.com\/"},{"@type":"ListItem","position":3,"name":"RESERVE stojan"}]},{"@type":"WebSite","@id":"https:\/\/shopsk.gp-menu.com\/hu\/#website","url":"https:\/\/shopsk.gp-menu.com\/hu\/","name":"GP Menu","description":"","potentialAction":[{"@type":"SearchAction","target":{"@type":"EntryPoint","urlTemplate":"https:\/\/shopsk.gp-menu.com\/hu\/?s={search_term_string}"},"query-input":"required name=search_term_string"}],"inLanguage":"hu"}]}},"_links":{"self":[{"href":"https:\/\/shopsk.gp-menu.com\/hu\/wp-json\/wp\/v2\/product\/20824","targetHints":{"allow":["GET"]}}],"collection":[{"href":"https:\/\/shopsk.gp-menu.com\/hu\/wp-json\/wp\/v2\/product"}],"about":[{"href":"https:\/\/shopsk.gp-menu.com\/hu\/wp-json\/wp\/v2\/types\/product"}],"version-history":[{"count":0,"href":"https:\/\/shopsk.gp-menu.com\/hu\/wp-json\/wp\/v2\/product\/20824\/revisions"}],"wp:featuredmedia":[{"embeddable":true,"href":"https:\/\/shopsk.gp-menu.com\/hu\/wp-json\/wp\/v2\/media\/19344"}],"wp:attachment":[{"href":"https:\/\/shopsk.gp-menu.com\/hu\/wp-json\/wp\/v2\/media?parent=20824"}],"wp:term":[{"taxonomy":"product_cat","embeddable":true,"href":"https:\/\/shopsk.gp-menu.com\/hu\/wp-json\/wp\/v2\/product_cat?post=20824"},{"taxonomy":"product_tag","embeddable":true,"href":"https:\/\/shopsk.gp-menu.com\/hu\/wp-json\/wp\/v2\/product_tag?post=20824"}],"curies":[{"name":"wp","href":"https:\/\/api.w.org\/{rel}","templated":true}]}}