{"id":20704,"date":"2023-10-20T12:20:26","date_gmt":"2023-10-20T10:20:26","guid":{"rendered":"https:\/\/shopsk.gp-menu.com\/produkt\/kozenkovy-box-na-vreckovky\/"},"modified":"2023-10-20T12:20:26","modified_gmt":"2023-10-20T10:20:26","slug":"kozenkovy-box-na-vreckovky","status":"publish","type":"product","link":"https:\/\/shopsk.gp-menu.com\/hu\/produkt\/kozenkovy-box-na-vreckovky\/","title":{"rendered":"Ko\u017eenkov\u00fd box na vreckovky"},"content":{"rendered":"<h2>Ko\u017eenkov\u00fd box na vreckovky<\/h2>\n<p>Ko\u017eenkov\u00fd box na vreckovky v luxusnom preveden\u00ed. Balenie serv\u00edtok jednoducho umiestnite do boxu s magnetick\u00fdm uzatv\u00e1ran\u00edm. Elegantn\u00e9 rie\u0161enie, ktor\u00e9 hostia ur\u010dite ocenia. Jadro boxu je z MDF, vrchn\u00fd materi\u00e1l &#8211;\u00a0 kvalitn\u00e1 ko\u017eenka, vn\u00fatro je vystlan\u00e9 semi\u0161om. Mo\u017enost personaliz\u00e1cie &#8211; vyra\u017eenie vlastn\u00e9ho loga.<\/p>\n<p>Hotelov\u00fd program vyr\u00e1bame u\u017e piaty rok hlavne pre taliansk\u00e9ho partnera. Boxy na vreckovky s magnetom &#8211; <a href=\"https:\/\/shopsk.gp-menu.com\/produkt\/box-na-servitky-13x13\/\">kostky<\/a> alebo obdl\u017eniky, podnosy a krabi\u010dky v r\u00f4znych velkostiach, <a href=\"https:\/\/shopsk.gp-menu.com\/produkt\/stojan-na-dialkove-ovladanie\/\">stojan\u010deky na dialkov\u00e9 ovladanie<\/a>, boxy na \u010daj a cukor, ko\u017eenkov\u00e9 odpadkov\u00e9 ko\u0161e.<\/p>\n<p>Sledujte n\u00e1s na<a href=\"https:\/\/www.instagram.com\/gpmenu\/\"> INSTAGRAME<\/a><\/p>\n","protected":false},"excerpt":{"rendered":"<h2>Ko\u017eenkov\u00fd box na vreckovky<\/h2>\n<p>Ko\u017eenkov\u00fd box na vreckovky v luxusnom preveden\u00ed. Balenie serv\u00edtok jednoducho umiestnite do boxu s magnetick\u00fdm uzatv\u00e1ran\u00edm. Elegantn\u00e9 rie\u0161enie, ktor\u00e9 hostia ur\u010dite ocenia. Jadro boxu je z MDF, vrchn\u00fd materi\u00e1l &#8211;\u00a0 kvalitn\u00e1 ko\u017eenka, vn\u00fatro je vystlan\u00e9 semi\u0161om. Mo\u017enost personaliz\u00e1cie &#8211; vyra\u017eenie vlastn\u00e9ho loga.<\/p>\n<p>Hotelov\u00fd program vyr\u00e1bame u\u017e piaty rok hlavne pre taliansk\u00e9ho partnera. Boxy na vreckovky s magnetom &#8211; <a href=\"https:\/\/shopsk.gp-menu.com\/produkt\/box-na-servitky-13x13\/\">kostky<\/a> alebo obdl\u017eniky, podnosy a krabi\u010dky v r\u00f4znych velkostiach, <a href=\"https:\/\/shopsk.gp-menu.com\/produkt\/stojan-na-dialkove-ovladanie\/\">stojan\u010deky na dialkov\u00e9 ovladanie<\/a>, boxy na \u010daj a cukor, ko\u017eenkov\u00e9 odpadkov\u00e9 ko\u0161e.<\/p>\n<p>Sledujte n\u00e1s na<a href=\"https:\/\/www.instagram.com\/gpmenu\/\"> INSTAGRAME<\/a><\/p>\n","protected":false},"featured_media":19206,"template":"","meta":[],"product_cat":[480],"product_tag":[],"class_list":{"0":"post-20704","1":"product","2":"type-product","3":"status-publish","4":"has-post-thumbnail","6":"product_cat-hotelovy-program-hu","7":"pa_cena-ks-bez-dph-25-hu","8":"pa_pocet-kusov-v-baleni-4-hu","9":"pa_velkost-25x13x7-cm-sxhxv-hu","11":"first","12":"instock","13":"taxable","14":"shipping-taxable","15":"purchasable","16":"product-type-variable"},"acf":[],"yoast_head":"<!-- This site is optimized with the Yoast SEO plugin v22.0 - https:\/\/yoast.com\/wordpress\/plugins\/seo\/ -->\n<title>Ko\u017eenkov\u00fd box na vreckovky - GP Menu<\/title>\n<meta name=\"robots\" content=\"index, follow, max-snippet:-1, max-image-preview:large, max-video-preview:-1\" \/>\n<link rel=\"canonical\" href=\"https:\/\/shopsk.gp-menu.com\/hu\/produkt\/kozenkovy-box-na-vreckovky\/\" \/>\n<meta property=\"og:locale\" content=\"hu_HU\" \/>\n<meta property=\"og:type\" content=\"article\" \/>\n<meta property=\"og:title\" content=\"Ko\u017eenkov\u00fd box na vreckovky - GP Menu\" \/>\n<meta property=\"og:description\" content=\"Ko\u017eenkov\u00fd box na vreckovky Ko\u017eenkov\u00fd box na vreckovky v luxusnom preveden\u00ed. Balenie serv\u00edtok jednoducho umiestnite do boxu s magnetick\u00fdm uzatv\u00e1ran\u00edm. Elegantn\u00e9 rie\u0161enie, ktor\u00e9 hostia ur\u010dite ocenia. Jadro boxu je z MDF, vrchn\u00fd materi\u00e1l -\u00a0 kvalitn\u00e1 ko\u017eenka, vn\u00fatro je vystlan\u00e9 semi\u0161om. Mo\u017enost personaliz\u00e1cie - vyra\u017eenie vlastn\u00e9ho loga.  Hotelov\u00fd program vyr\u00e1bame u\u017e piaty rok hlavne pre taliansk\u00e9ho partnera. Boxy na vreckovky s magnetom - kostky alebo obdl\u017eniky, podnosy a krabi\u010dky v r\u00f4znych velkostiach, stojan\u010deky na dialkov\u00e9 ovladanie, boxy na \u010daj a cukor, ko\u017eenkov\u00e9 odpadkov\u00e9 ko\u0161e.  Sledujte n\u00e1s na INSTAGRAME\" \/>\n<meta property=\"og:url\" content=\"https:\/\/shopsk.gp-menu.com\/hu\/produkt\/kozenkovy-box-na-vreckovky\/\" \/>\n<meta property=\"og:site_name\" content=\"GP Menu\" \/>\n<meta name=\"twitter:card\" content=\"summary_large_image\" \/>\n<meta name=\"twitter:label1\" content=\"Becs\u00fclt olvas\u00e1si id\u0151\" \/>\n\t<meta name=\"twitter:data1\" content=\"1 perc\" \/>\n<script type=\"application\/ld+json\" class=\"yoast-schema-graph\">{\"@context\":\"https:\/\/schema.org\",\"@graph\":[{\"@type\":\"WebPage\",\"@id\":\"https:\/\/shopsk.gp-menu.com\/hu\/produkt\/kozenkovy-box-na-vreckovky\/\",\"url\":\"https:\/\/shopsk.gp-menu.com\/hu\/produkt\/kozenkovy-box-na-vreckovky\/\",\"name\":\"Ko\u017eenkov\u00fd box na vreckovky - GP Menu\",\"isPartOf\":{\"@id\":\"https:\/\/shopsk.gp-menu.com\/hu\/#website\"},\"datePublished\":\"2023-10-20T10:20:26+00:00\",\"dateModified\":\"2023-10-20T10:20:26+00:00\",\"breadcrumb\":{\"@id\":\"https:\/\/shopsk.gp-menu.com\/hu\/produkt\/kozenkovy-box-na-vreckovky\/#breadcrumb\"},\"inLanguage\":\"hu\",\"potentialAction\":[{\"@type\":\"ReadAction\",\"target\":[\"https:\/\/shopsk.gp-menu.com\/hu\/produkt\/kozenkovy-box-na-vreckovky\/\"]}]},{\"@type\":\"BreadcrumbList\",\"@id\":\"https:\/\/shopsk.gp-menu.com\/hu\/produkt\/kozenkovy-box-na-vreckovky\/#breadcrumb\",\"itemListElement\":[{\"@type\":\"ListItem\",\"position\":1,\"name\":\"Domovsk\u00e1 str\u00e1nka\",\"item\":\"https:\/\/shopsk.gp-menu.com\/hu\/\"},{\"@type\":\"ListItem\",\"position\":2,\"name\":\"Obchod\",\"item\":\"https:\/\/shopsk.gp-menu.com\/\"},{\"@type\":\"ListItem\",\"position\":3,\"name\":\"Ko\u017eenkov\u00fd box na vreckovky\"}]},{\"@type\":\"WebSite\",\"@id\":\"https:\/\/shopsk.gp-menu.com\/hu\/#website\",\"url\":\"https:\/\/shopsk.gp-menu.com\/hu\/\",\"name\":\"GP Menu\",\"description\":\"\",\"potentialAction\":[{\"@type\":\"SearchAction\",\"target\":{\"@type\":\"EntryPoint\",\"urlTemplate\":\"https:\/\/shopsk.gp-menu.com\/hu\/?s={search_term_string}\"},\"query-input\":\"required name=search_term_string\"}],\"inLanguage\":\"hu\"}]}<\/script>\n<!-- \/ Yoast SEO plugin. -->","yoast_head_json":{"title":"Ko\u017eenkov\u00fd box na vreckovky - GP Menu","robots":{"index":"index","follow":"follow","max-snippet":"max-snippet:-1","max-image-preview":"max-image-preview:large","max-video-preview":"max-video-preview:-1"},"canonical":"https:\/\/shopsk.gp-menu.com\/hu\/produkt\/kozenkovy-box-na-vreckovky\/","og_locale":"hu_HU","og_type":"article","og_title":"Ko\u017eenkov\u00fd box na vreckovky - GP Menu","og_description":"Ko\u017eenkov\u00fd box na vreckovky Ko\u017eenkov\u00fd box na vreckovky v luxusnom preveden\u00ed. Balenie serv\u00edtok jednoducho umiestnite do boxu s magnetick\u00fdm uzatv\u00e1ran\u00edm. Elegantn\u00e9 rie\u0161enie, ktor\u00e9 hostia ur\u010dite ocenia. Jadro boxu je z MDF, vrchn\u00fd materi\u00e1l -\u00a0 kvalitn\u00e1 ko\u017eenka, vn\u00fatro je vystlan\u00e9 semi\u0161om. Mo\u017enost personaliz\u00e1cie - vyra\u017eenie vlastn\u00e9ho loga.  Hotelov\u00fd program vyr\u00e1bame u\u017e piaty rok hlavne pre taliansk\u00e9ho partnera. Boxy na vreckovky s magnetom - kostky alebo obdl\u017eniky, podnosy a krabi\u010dky v r\u00f4znych velkostiach, stojan\u010deky na dialkov\u00e9 ovladanie, boxy na \u010daj a cukor, ko\u017eenkov\u00e9 odpadkov\u00e9 ko\u0161e.  Sledujte n\u00e1s na INSTAGRAME","og_url":"https:\/\/shopsk.gp-menu.com\/hu\/produkt\/kozenkovy-box-na-vreckovky\/","og_site_name":"GP Menu","twitter_card":"summary_large_image","twitter_misc":{"Becs\u00fclt olvas\u00e1si id\u0151":"1 perc"},"schema":{"@context":"https:\/\/schema.org","@graph":[{"@type":"WebPage","@id":"https:\/\/shopsk.gp-menu.com\/hu\/produkt\/kozenkovy-box-na-vreckovky\/","url":"https:\/\/shopsk.gp-menu.com\/hu\/produkt\/kozenkovy-box-na-vreckovky\/","name":"Ko\u017eenkov\u00fd box na vreckovky - GP Menu","isPartOf":{"@id":"https:\/\/shopsk.gp-menu.com\/hu\/#website"},"datePublished":"2023-10-20T10:20:26+00:00","dateModified":"2023-10-20T10:20:26+00:00","breadcrumb":{"@id":"https:\/\/shopsk.gp-menu.com\/hu\/produkt\/kozenkovy-box-na-vreckovky\/#breadcrumb"},"inLanguage":"hu","potentialAction":[{"@type":"ReadAction","target":["https:\/\/shopsk.gp-menu.com\/hu\/produkt\/kozenkovy-box-na-vreckovky\/"]}]},{"@type":"BreadcrumbList","@id":"https:\/\/shopsk.gp-menu.com\/hu\/produkt\/kozenkovy-box-na-vreckovky\/#breadcrumb","itemListElement":[{"@type":"ListItem","position":1,"name":"Domovsk\u00e1 str\u00e1nka","item":"https:\/\/shopsk.gp-menu.com\/hu\/"},{"@type":"ListItem","position":2,"name":"Obchod","item":"https:\/\/shopsk.gp-menu.com\/"},{"@type":"ListItem","position":3,"name":"Ko\u017eenkov\u00fd box na vreckovky"}]},{"@type":"WebSite","@id":"https:\/\/shopsk.gp-menu.com\/hu\/#website","url":"https:\/\/shopsk.gp-menu.com\/hu\/","name":"GP Menu","description":"","potentialAction":[{"@type":"SearchAction","target":{"@type":"EntryPoint","urlTemplate":"https:\/\/shopsk.gp-menu.com\/hu\/?s={search_term_string}"},"query-input":"required name=search_term_string"}],"inLanguage":"hu"}]}},"_links":{"self":[{"href":"https:\/\/shopsk.gp-menu.com\/hu\/wp-json\/wp\/v2\/product\/20704","targetHints":{"allow":["GET"]}}],"collection":[{"href":"https:\/\/shopsk.gp-menu.com\/hu\/wp-json\/wp\/v2\/product"}],"about":[{"href":"https:\/\/shopsk.gp-menu.com\/hu\/wp-json\/wp\/v2\/types\/product"}],"version-history":[{"count":0,"href":"https:\/\/shopsk.gp-menu.com\/hu\/wp-json\/wp\/v2\/product\/20704\/revisions"}],"wp:featuredmedia":[{"embeddable":true,"href":"https:\/\/shopsk.gp-menu.com\/hu\/wp-json\/wp\/v2\/media\/19206"}],"wp:attachment":[{"href":"https:\/\/shopsk.gp-menu.com\/hu\/wp-json\/wp\/v2\/media?parent=20704"}],"wp:term":[{"taxonomy":"product_cat","embeddable":true,"href":"https:\/\/shopsk.gp-menu.com\/hu\/wp-json\/wp\/v2\/product_cat?post=20704"},{"taxonomy":"product_tag","embeddable":true,"href":"https:\/\/shopsk.gp-menu.com\/hu\/wp-json\/wp\/v2\/product_tag?post=20704"}],"curies":[{"name":"wp","href":"https:\/\/api.w.org\/{rel}","templated":true}]}}