{"id":20934,"date":"2023-10-09T12:20:26","date_gmt":"2023-10-09T10:20:26","guid":{"rendered":"https:\/\/shopsk.gp-menu.com\/produkt\/box-na-servitky-13x13\/"},"modified":"2023-10-09T12:20:26","modified_gmt":"2023-10-09T10:20:26","slug":"box-na-servitky-13x13","status":"publish","type":"product","link":"https:\/\/shopsk.gp-menu.com\/fr\/produkt\/box-na-servitky-13x13\/","title":{"rendered":"Box na serv\u00edtky 13&#215;13"},"content":{"rendered":"","protected":false},"excerpt":{"rendered":"<p>Box na jednor\u00e1zov\u00e9 papierov\u00e9 vy\u0165ahovacie serv\u00edtky. Balenie serv\u00edtok jednoducho umiestnite do boxu s magnetick\u00fdm uzatv\u00e1ran\u00edm. Elegantn\u00e9 rie\u0161enie, ktor\u00e9 hostia ur\u010dite ocenia.<\/p>\n","protected":false},"featured_media":19186,"template":"","meta":[],"product_cat":[468],"product_tag":[],"class_list":{"0":"post-20934","1":"product","2":"type-product","3":"status-publish","4":"has-post-thumbnail","6":"product_cat-hotelovy-program-fr","7":"pa_cena-ks-bez-dph-25-fr","8":"pa_pocet-kusov-v-baleni-4-fr","9":"pa_velkost-13x13x13-5-cm-sxhxv-fr","11":"first","12":"instock","13":"taxable","14":"shipping-taxable","15":"purchasable","16":"product-type-variable"},"acf":[],"yoast_head":"<!-- This site is optimized with the Yoast SEO plugin v22.0 - https:\/\/yoast.com\/wordpress\/plugins\/seo\/ -->\n<title>Box na serv\u00edtky 13x13 - GP Menu<\/title>\n<meta name=\"robots\" content=\"index, follow, max-snippet:-1, max-image-preview:large, max-video-preview:-1\" \/>\n<link rel=\"canonical\" href=\"https:\/\/shopsk.gp-menu.com\/fr\/produkt\/box-na-servitky-13x13\/\" \/>\n<meta property=\"og:locale\" content=\"fr_FR\" \/>\n<meta property=\"og:type\" content=\"article\" \/>\n<meta property=\"og:title\" content=\"Box na serv\u00edtky 13x13 - GP Menu\" \/>\n<meta property=\"og:description\" content=\"Box na jednor\u00e1zov\u00e9 papierov\u00e9 vy\u0165ahovacie serv\u00edtky. Balenie serv\u00edtok jednoducho umiestnite do boxu s magnetick\u00fdm uzatv\u00e1ran\u00edm. Elegantn\u00e9 rie\u0161enie, ktor\u00e9 hostia ur\u010dite ocenia.\" \/>\n<meta property=\"og:url\" content=\"https:\/\/shopsk.gp-menu.com\/fr\/produkt\/box-na-servitky-13x13\/\" \/>\n<meta property=\"og:site_name\" content=\"GP Menu\" \/>\n<meta name=\"twitter:card\" content=\"summary_large_image\" \/>\n<script type=\"application\/ld+json\" class=\"yoast-schema-graph\">{\"@context\":\"https:\/\/schema.org\",\"@graph\":[{\"@type\":\"WebPage\",\"@id\":\"https:\/\/shopsk.gp-menu.com\/fr\/produkt\/box-na-servitky-13x13\/\",\"url\":\"https:\/\/shopsk.gp-menu.com\/fr\/produkt\/box-na-servitky-13x13\/\",\"name\":\"Box na serv\u00edtky 13x13 - GP Menu\",\"isPartOf\":{\"@id\":\"https:\/\/shopsk.gp-menu.com\/fr\/#website\"},\"datePublished\":\"2023-10-09T10:20:26+00:00\",\"dateModified\":\"2023-10-09T10:20:26+00:00\",\"breadcrumb\":{\"@id\":\"https:\/\/shopsk.gp-menu.com\/fr\/produkt\/box-na-servitky-13x13\/#breadcrumb\"},\"inLanguage\":\"fr-FR\",\"potentialAction\":[{\"@type\":\"ReadAction\",\"target\":[\"https:\/\/shopsk.gp-menu.com\/fr\/produkt\/box-na-servitky-13x13\/\"]}]},{\"@type\":\"BreadcrumbList\",\"@id\":\"https:\/\/shopsk.gp-menu.com\/fr\/produkt\/box-na-servitky-13x13\/#breadcrumb\",\"itemListElement\":[{\"@type\":\"ListItem\",\"position\":1,\"name\":\"Domovsk\u00e1 str\u00e1nka\",\"item\":\"https:\/\/shopsk.gp-menu.com\/fr\/\"},{\"@type\":\"ListItem\",\"position\":2,\"name\":\"Obchod\",\"item\":\"https:\/\/shopsk.gp-menu.com\/\"},{\"@type\":\"ListItem\",\"position\":3,\"name\":\"Box na serv\u00edtky 13&#215;13\"}]},{\"@type\":\"WebSite\",\"@id\":\"https:\/\/shopsk.gp-menu.com\/fr\/#website\",\"url\":\"https:\/\/shopsk.gp-menu.com\/fr\/\",\"name\":\"GP Menu\",\"description\":\"\",\"potentialAction\":[{\"@type\":\"SearchAction\",\"target\":{\"@type\":\"EntryPoint\",\"urlTemplate\":\"https:\/\/shopsk.gp-menu.com\/fr\/?s={search_term_string}\"},\"query-input\":\"required name=search_term_string\"}],\"inLanguage\":\"fr-FR\"}]}<\/script>\n<!-- \/ Yoast SEO plugin. -->","yoast_head_json":{"title":"Box na serv\u00edtky 13x13 - GP Menu","robots":{"index":"index","follow":"follow","max-snippet":"max-snippet:-1","max-image-preview":"max-image-preview:large","max-video-preview":"max-video-preview:-1"},"canonical":"https:\/\/shopsk.gp-menu.com\/fr\/produkt\/box-na-servitky-13x13\/","og_locale":"fr_FR","og_type":"article","og_title":"Box na serv\u00edtky 13x13 - GP Menu","og_description":"Box na jednor\u00e1zov\u00e9 papierov\u00e9 vy\u0165ahovacie serv\u00edtky. Balenie serv\u00edtok jednoducho umiestnite do boxu s magnetick\u00fdm uzatv\u00e1ran\u00edm. Elegantn\u00e9 rie\u0161enie, ktor\u00e9 hostia ur\u010dite ocenia.","og_url":"https:\/\/shopsk.gp-menu.com\/fr\/produkt\/box-na-servitky-13x13\/","og_site_name":"GP Menu","twitter_card":"summary_large_image","schema":{"@context":"https:\/\/schema.org","@graph":[{"@type":"WebPage","@id":"https:\/\/shopsk.gp-menu.com\/fr\/produkt\/box-na-servitky-13x13\/","url":"https:\/\/shopsk.gp-menu.com\/fr\/produkt\/box-na-servitky-13x13\/","name":"Box na serv\u00edtky 13x13 - GP Menu","isPartOf":{"@id":"https:\/\/shopsk.gp-menu.com\/fr\/#website"},"datePublished":"2023-10-09T10:20:26+00:00","dateModified":"2023-10-09T10:20:26+00:00","breadcrumb":{"@id":"https:\/\/shopsk.gp-menu.com\/fr\/produkt\/box-na-servitky-13x13\/#breadcrumb"},"inLanguage":"fr-FR","potentialAction":[{"@type":"ReadAction","target":["https:\/\/shopsk.gp-menu.com\/fr\/produkt\/box-na-servitky-13x13\/"]}]},{"@type":"BreadcrumbList","@id":"https:\/\/shopsk.gp-menu.com\/fr\/produkt\/box-na-servitky-13x13\/#breadcrumb","itemListElement":[{"@type":"ListItem","position":1,"name":"Domovsk\u00e1 str\u00e1nka","item":"https:\/\/shopsk.gp-menu.com\/fr\/"},{"@type":"ListItem","position":2,"name":"Obchod","item":"https:\/\/shopsk.gp-menu.com\/"},{"@type":"ListItem","position":3,"name":"Box na serv\u00edtky 13&#215;13"}]},{"@type":"WebSite","@id":"https:\/\/shopsk.gp-menu.com\/fr\/#website","url":"https:\/\/shopsk.gp-menu.com\/fr\/","name":"GP Menu","description":"","potentialAction":[{"@type":"SearchAction","target":{"@type":"EntryPoint","urlTemplate":"https:\/\/shopsk.gp-menu.com\/fr\/?s={search_term_string}"},"query-input":"required name=search_term_string"}],"inLanguage":"fr-FR"}]}},"_links":{"self":[{"href":"https:\/\/shopsk.gp-menu.com\/fr\/wp-json\/wp\/v2\/product\/20934","targetHints":{"allow":["GET"]}}],"collection":[{"href":"https:\/\/shopsk.gp-menu.com\/fr\/wp-json\/wp\/v2\/product"}],"about":[{"href":"https:\/\/shopsk.gp-menu.com\/fr\/wp-json\/wp\/v2\/types\/product"}],"version-history":[{"count":0,"href":"https:\/\/shopsk.gp-menu.com\/fr\/wp-json\/wp\/v2\/product\/20934\/revisions"}],"wp:featuredmedia":[{"embeddable":true,"href":"https:\/\/shopsk.gp-menu.com\/fr\/wp-json\/wp\/v2\/media\/19186"}],"wp:attachment":[{"href":"https:\/\/shopsk.gp-menu.com\/fr\/wp-json\/wp\/v2\/media?parent=20934"}],"wp:term":[{"taxonomy":"product_cat","embeddable":true,"href":"https:\/\/shopsk.gp-menu.com\/fr\/wp-json\/wp\/v2\/product_cat?post=20934"},{"taxonomy":"product_tag","embeddable":true,"href":"https:\/\/shopsk.gp-menu.com\/fr\/wp-json\/wp\/v2\/product_tag?post=20934"}],"curies":[{"name":"wp","href":"https:\/\/api.w.org\/{rel}","templated":true}]}}