{"id":20445,"date":"2024-01-06T12:20:23","date_gmt":"2024-01-06T11:20:23","guid":{"rendered":"https:\/\/shopsk.gp-menu.com\/produkt\/menu-doska-so-stipcom-a4\/"},"modified":"2024-09-10T14:23:48","modified_gmt":"2024-09-10T12:23:48","slug":"menu-doska-so-stipcom","status":"publish","type":"product","link":"https:\/\/shopsk.gp-menu.com\/fr\/produkt\/menu-doska-so-stipcom\/","title":{"rendered":"Menu doska so \u0161tipcom"},"content":{"rendered":"","protected":false},"excerpt":{"rendered":"<p>Dreven\u00e9 MENU dosky so \u0161tipcom s\u00fa ve\u013emi ob\u013e\u00faben\u00fd a trendov\u00fd model. \u0160tipec sl\u00fa\u017ei na upevnenie a jednoduch\u00fa v\u00fdmenu ponuky. Dosky s\u00fa tvoren\u00e9 preglejkov\u00fdm jadrom s obojstranne lepenou dubovou d\u00fdhou na povrchu. Celkov\u00e1 hr\u00fabka dosiek je cca. 4 mm. V ponuke 3 farby: dub pr\u00edrodn\u00fd alebo dub zemit\u00fd \u2014 na povrchov\u00fa \u00fapravu pou\u017e\u00edvame ekologick\u00e9 oleje, a \u010dierna farba, ktor\u00fa dosahujeme lakovan\u00edm.<\/p>\n","protected":false},"featured_media":21697,"template":"","meta":[],"product_cat":[190],"product_tag":[],"class_list":{"0":"post-20445","1":"product","2":"type-product","3":"status-publish","4":"has-post-thumbnail","6":"product_cat-non-classifiee","7":"pa_cena-ks-bez-dph-17-fr","8":"pa_moznosti-personalizacie-gravir-laserom-fr","9":"pa_pocet-kusov-v-baleni-5-fr","10":"pa_velkost-a4-24x325-cm-fr","11":"pa_velkost-a5-165x24-cm-fr","12":"pa_velkost-barovy-format-145x325-cm-fr","14":"first","15":"instock","16":"taxable","17":"shipping-taxable","18":"purchasable","19":"product-type-variable"},"acf":[],"yoast_head":"<!-- This site is optimized with the Yoast SEO plugin v22.0 - https:\/\/yoast.com\/wordpress\/plugins\/seo\/ -->\n<title>Menu doska so \u0161tipcom - GP Menu<\/title>\n<meta name=\"robots\" content=\"index, follow, max-snippet:-1, max-image-preview:large, max-video-preview:-1\" \/>\n<link rel=\"canonical\" href=\"https:\/\/shopsk.gp-menu.com\/fr\/produkt\/menu-doska-so-stipcom\/\" \/>\n<meta property=\"og:locale\" content=\"fr_FR\" \/>\n<meta property=\"og:type\" content=\"article\" \/>\n<meta property=\"og:title\" content=\"Menu doska so \u0161tipcom - GP Menu\" \/>\n<meta property=\"og:description\" content=\"Dreven\u00e9 MENU dosky so \u0161tipcom s\u00fa ve\u013emi ob\u013e\u00faben\u00fd a trendov\u00fd model. \u0160tipec sl\u00fa\u017ei na upevnenie a jednoduch\u00fa v\u00fdmenu ponuky. Dosky s\u00fa tvoren\u00e9 preglejkov\u00fdm jadrom s obojstranne lepenou dubovou d\u00fdhou na povrchu. Celkov\u00e1 hr\u00fabka dosiek je cca. 4 mm. V ponuke 3 farby: dub pr\u00edrodn\u00fd alebo dub zemit\u00fd \u2014 na povrchov\u00fa \u00fapravu pou\u017e\u00edvame ekologick\u00e9 oleje, a \u010dierna farba, ktor\u00fa dosahujeme lakovan\u00edm.\" \/>\n<meta property=\"og:url\" content=\"https:\/\/shopsk.gp-menu.com\/fr\/produkt\/menu-doska-so-stipcom\/\" \/>\n<meta property=\"og:site_name\" content=\"GP Menu\" \/>\n<meta property=\"article:modified_time\" content=\"2024-09-10T12:23:48+00:00\" \/>\n<meta property=\"og:image\" content=\"https:\/\/shopsk.gp-menu.com\/shopsk\/uploads\/2024\/01\/menu-dosky-spolocna.jpg\" \/>\n\t<meta property=\"og:image:width\" content=\"1500\" \/>\n\t<meta property=\"og:image:height\" content=\"1500\" \/>\n\t<meta property=\"og:image:type\" content=\"image\/jpeg\" \/>\n<meta name=\"twitter:card\" content=\"summary_large_image\" \/>\n<script type=\"application\/ld+json\" class=\"yoast-schema-graph\">{\"@context\":\"https:\/\/schema.org\",\"@graph\":[{\"@type\":\"WebPage\",\"@id\":\"https:\/\/shopsk.gp-menu.com\/fr\/produkt\/menu-doska-so-stipcom\/\",\"url\":\"https:\/\/shopsk.gp-menu.com\/fr\/produkt\/menu-doska-so-stipcom\/\",\"name\":\"Menu doska so \u0161tipcom - GP Menu\",\"isPartOf\":{\"@id\":\"https:\/\/shopsk.gp-menu.com\/fr\/#website\"},\"datePublished\":\"2024-01-06T11:20:23+00:00\",\"dateModified\":\"2024-09-10T12:23:48+00:00\",\"breadcrumb\":{\"@id\":\"https:\/\/shopsk.gp-menu.com\/fr\/produkt\/menu-doska-so-stipcom\/#breadcrumb\"},\"inLanguage\":\"fr-FR\",\"potentialAction\":[{\"@type\":\"ReadAction\",\"target\":[\"https:\/\/shopsk.gp-menu.com\/fr\/produkt\/menu-doska-so-stipcom\/\"]}]},{\"@type\":\"BreadcrumbList\",\"@id\":\"https:\/\/shopsk.gp-menu.com\/fr\/produkt\/menu-doska-so-stipcom\/#breadcrumb\",\"itemListElement\":[{\"@type\":\"ListItem\",\"position\":1,\"name\":\"Domovsk\u00e1 str\u00e1nka\",\"item\":\"https:\/\/shopsk.gp-menu.com\/fr\/\"},{\"@type\":\"ListItem\",\"position\":2,\"name\":\"Obchod\",\"item\":\"https:\/\/shopsk.gp-menu.com\/\"},{\"@type\":\"ListItem\",\"position\":3,\"name\":\"Menu doska so \u0161tipcom\"}]},{\"@type\":\"WebSite\",\"@id\":\"https:\/\/shopsk.gp-menu.com\/fr\/#website\",\"url\":\"https:\/\/shopsk.gp-menu.com\/fr\/\",\"name\":\"GP Menu\",\"description\":\"\",\"potentialAction\":[{\"@type\":\"SearchAction\",\"target\":{\"@type\":\"EntryPoint\",\"urlTemplate\":\"https:\/\/shopsk.gp-menu.com\/fr\/?s={search_term_string}\"},\"query-input\":\"required name=search_term_string\"}],\"inLanguage\":\"fr-FR\"}]}<\/script>\n<!-- \/ Yoast SEO plugin. -->","yoast_head_json":{"title":"Menu doska so \u0161tipcom - GP Menu","robots":{"index":"index","follow":"follow","max-snippet":"max-snippet:-1","max-image-preview":"max-image-preview:large","max-video-preview":"max-video-preview:-1"},"canonical":"https:\/\/shopsk.gp-menu.com\/fr\/produkt\/menu-doska-so-stipcom\/","og_locale":"fr_FR","og_type":"article","og_title":"Menu doska so \u0161tipcom - GP Menu","og_description":"Dreven\u00e9 MENU dosky so \u0161tipcom s\u00fa ve\u013emi ob\u013e\u00faben\u00fd a trendov\u00fd model. \u0160tipec sl\u00fa\u017ei na upevnenie a jednoduch\u00fa v\u00fdmenu ponuky. Dosky s\u00fa tvoren\u00e9 preglejkov\u00fdm jadrom s obojstranne lepenou dubovou d\u00fdhou na povrchu. Celkov\u00e1 hr\u00fabka dosiek je cca. 4 mm. V ponuke 3 farby: dub pr\u00edrodn\u00fd alebo dub zemit\u00fd \u2014 na povrchov\u00fa \u00fapravu pou\u017e\u00edvame ekologick\u00e9 oleje, a \u010dierna farba, ktor\u00fa dosahujeme lakovan\u00edm.","og_url":"https:\/\/shopsk.gp-menu.com\/fr\/produkt\/menu-doska-so-stipcom\/","og_site_name":"GP Menu","article_modified_time":"2024-09-10T12:23:48+00:00","og_image":[{"width":1500,"height":1500,"url":"https:\/\/shopsk.gp-menu.com\/shopsk\/uploads\/2024\/01\/menu-dosky-spolocna.jpg","type":"image\/jpeg"}],"twitter_card":"summary_large_image","schema":{"@context":"https:\/\/schema.org","@graph":[{"@type":"WebPage","@id":"https:\/\/shopsk.gp-menu.com\/fr\/produkt\/menu-doska-so-stipcom\/","url":"https:\/\/shopsk.gp-menu.com\/fr\/produkt\/menu-doska-so-stipcom\/","name":"Menu doska so \u0161tipcom - GP Menu","isPartOf":{"@id":"https:\/\/shopsk.gp-menu.com\/fr\/#website"},"datePublished":"2024-01-06T11:20:23+00:00","dateModified":"2024-09-10T12:23:48+00:00","breadcrumb":{"@id":"https:\/\/shopsk.gp-menu.com\/fr\/produkt\/menu-doska-so-stipcom\/#breadcrumb"},"inLanguage":"fr-FR","potentialAction":[{"@type":"ReadAction","target":["https:\/\/shopsk.gp-menu.com\/fr\/produkt\/menu-doska-so-stipcom\/"]}]},{"@type":"BreadcrumbList","@id":"https:\/\/shopsk.gp-menu.com\/fr\/produkt\/menu-doska-so-stipcom\/#breadcrumb","itemListElement":[{"@type":"ListItem","position":1,"name":"Domovsk\u00e1 str\u00e1nka","item":"https:\/\/shopsk.gp-menu.com\/fr\/"},{"@type":"ListItem","position":2,"name":"Obchod","item":"https:\/\/shopsk.gp-menu.com\/"},{"@type":"ListItem","position":3,"name":"Menu doska so \u0161tipcom"}]},{"@type":"WebSite","@id":"https:\/\/shopsk.gp-menu.com\/fr\/#website","url":"https:\/\/shopsk.gp-menu.com\/fr\/","name":"GP Menu","description":"","potentialAction":[{"@type":"SearchAction","target":{"@type":"EntryPoint","urlTemplate":"https:\/\/shopsk.gp-menu.com\/fr\/?s={search_term_string}"},"query-input":"required name=search_term_string"}],"inLanguage":"fr-FR"}]}},"_links":{"self":[{"href":"https:\/\/shopsk.gp-menu.com\/fr\/wp-json\/wp\/v2\/product\/20445","targetHints":{"allow":["GET"]}}],"collection":[{"href":"https:\/\/shopsk.gp-menu.com\/fr\/wp-json\/wp\/v2\/product"}],"about":[{"href":"https:\/\/shopsk.gp-menu.com\/fr\/wp-json\/wp\/v2\/types\/product"}],"version-history":[{"count":2,"href":"https:\/\/shopsk.gp-menu.com\/fr\/wp-json\/wp\/v2\/product\/20445\/revisions"}],"predecessor-version":[{"id":21730,"href":"https:\/\/shopsk.gp-menu.com\/fr\/wp-json\/wp\/v2\/product\/20445\/revisions\/21730"}],"wp:featuredmedia":[{"embeddable":true,"href":"https:\/\/shopsk.gp-menu.com\/fr\/wp-json\/wp\/v2\/media\/21697"}],"wp:attachment":[{"href":"https:\/\/shopsk.gp-menu.com\/fr\/wp-json\/wp\/v2\/media?parent=20445"}],"wp:term":[{"taxonomy":"product_cat","embeddable":true,"href":"https:\/\/shopsk.gp-menu.com\/fr\/wp-json\/wp\/v2\/product_cat?post=20445"},{"taxonomy":"product_tag","embeddable":true,"href":"https:\/\/shopsk.gp-menu.com\/fr\/wp-json\/wp\/v2\/product_tag?post=20445"}],"curies":[{"name":"wp","href":"https:\/\/api.w.org\/{rel}","templated":true}]}}