{"id":19567,"date":"2023-05-26T11:22:23","date_gmt":"2023-05-26T09:22:23","guid":{"rendered":"https:\/\/shopsk.gp-menu.com\/my-account\/"},"modified":"2024-05-08T11:16:52","modified_gmt":"2024-05-08T09:16:52","slug":"moj-ucet","status":"publish","type":"page","link":"https:\/\/shopsk.gp-menu.com\/fr\/moj-ucet\/","title":{"rendered":"M\u00f4j \u00fa\u010det"},"content":{"rendered":"<div class=\"woocommerce\"><div class=\"woocommerce-notices-wrapper\"><\/div>\n<div class=\"wd-registration-page wd-register-tabs\">\n\n\n<div class=\"row\" id=\"customer_login\">\n\n\t<div class=\"col-12 col-md-6 col-login\">\n\n\n\t\t<h2 class=\"wd-login-title\">Se connecter<\/h2>\n\n\t\t\t\t\t<form method=\"post\" class=\"login woocommerce-form woocommerce-form-login\n\t\t\t\t\t\t\" action=\"https:\/\/shopsk.gp-menu.com\/fr\/moj-ucet\/?action=login\" \t\t\t>\n\n\t\t\t\t\n\t\t\t\t\n\t\t\t\t<p class=\"woocommerce-FormRow woocommerce-FormRow--wide form-row form-row-wide form-row-username\">\n\t\t\t\t\t<label for=\"username\">Identifiant ou e-mail&nbsp;<span class=\"required\">*<\/span><\/label>\n\t\t\t\t\t<input type=\"text\" class=\"woocommerce-Input woocommerce-Input--text input-text\" name=\"username\" id=\"username\" value=\"\" \/>\t\t\t\t<\/p>\n\t\t\t\t<p class=\"woocommerce-FormRow woocommerce-FormRow--wide form-row form-row-wide form-row-password\">\n\t\t\t\t\t<label for=\"password\">Password&nbsp;<span class=\"required\">*<\/span><\/label>\n\t\t\t\t\t<input class=\"woocommerce-Input woocommerce-Input--text input-text\" type=\"password\" name=\"password\" id=\"password\" autocomplete=\"current-password\" \/>\n\t\t\t\t<\/p>\n\n\t\t\t\t\n\t\t\t\t<p class=\"form-row\">\n\t\t\t\t\t<input type=\"hidden\" id=\"woocommerce-login-nonce\" name=\"woocommerce-login-nonce\" value=\"92a6e8a1ea\" \/><input type=\"hidden\" name=\"_wp_http_referer\" value=\"\/fr\/wp-json\/wp\/v2\/pages\/19567\" \/>\t\t\t\t\t\t\t\t\t\t<button type=\"submit\" class=\"button woocommerce-button woocommerce-form-login__submit\" name=\"login\" value=\"Log in\">Log in<\/button>\n\t\t\t\t<\/p>\n\n\t\t\t\t<p class=\"login-form-footer\">\n\t\t\t\t\t<a href=\"https:\/\/shopsk.gp-menu.com\/fr\/moj-ucet\/lost-password\/\" class=\"woocommerce-LostPassword lost_password\">Lost your password?<\/a>\n\t\t\t\t\t<label class=\"woocommerce-form__label woocommerce-form__label-for-checkbox woocommerce-form-login__rememberme\">\n\t\t\t\t\t\t<input class=\"woocommerce-form__input woocommerce-form__input-checkbox\" name=\"rememberme\" type=\"checkbox\" value=\"forever\" title=\"Remember me\" aria-label=\"Remember me\" \/> <span>Remember me<\/span>\n\t\t\t\t\t<\/label>\n\t\t\t\t<\/p>\n\n\t\t\t\t\n\t\t\t\t\t\t\t<\/form>\n\n\t\t\t\t\n\n\t<\/div>\n\n\t<div class=\"col-12 col-md-6 col-register\">\n\n\t\t<h2 class=\"wd-login-title\">S&rsquo;enregistrer<\/h2>\n\n\t\t<form method=\"post\" action=\"https:\/\/shopsk.gp-menu.com\/fr\/moj-ucet\/?action=register\" class=\"woocommerce-form woocommerce-form-register register\"  >\n\n\t\t\t\n\t\t\t\n\t\t\t<p class=\"woocommerce-FormRow woocommerce-FormRow--wide form-row form-row-wide\">\n\t\t\t\t<label for=\"reg_email\">E-mail&nbsp;<span class=\"required\">*<\/span><\/label>\n\t\t\t\t<input type=\"email\" class=\"woocommerce-Input woocommerce-Input--text input-text\" name=\"email\" id=\"reg_email\" autocomplete=\"email\" value=\"\" \/>\n\t\t\t<\/p>\n\n\t\t\t\n\t\t\t\t<p>Un lien permettant de d\u00e9finir un nouveau mot de passe sera envoy\u00e9 \u00e0 votre adresse e-mail.<\/p>\n\n\t\t\t\n\t\t\t<!-- Spam Trap -->\n\t\t\t<div style=\"left: -999em; position: absolute;\"><label for=\"trap\">Anti-spam<\/label><input type=\"text\" name=\"email_2\" id=\"trap\" tabindex=\"-1\" \/><\/div>\n\n\t\t\t<input type=\"hidden\" name=\"wc_order_attribution_source_type\" value=\"\" \/><input type=\"hidden\" name=\"wc_order_attribution_referrer\" value=\"\" \/><input type=\"hidden\" name=\"wc_order_attribution_utm_campaign\" value=\"\" \/><input type=\"hidden\" name=\"wc_order_attribution_utm_source\" value=\"\" \/><input type=\"hidden\" name=\"wc_order_attribution_utm_medium\" value=\"\" \/><input type=\"hidden\" name=\"wc_order_attribution_utm_content\" value=\"\" \/><input type=\"hidden\" name=\"wc_order_attribution_utm_id\" value=\"\" \/><input type=\"hidden\" name=\"wc_order_attribution_utm_term\" value=\"\" \/><input type=\"hidden\" name=\"wc_order_attribution_session_entry\" value=\"\" \/><input type=\"hidden\" name=\"wc_order_attribution_session_start_time\" value=\"\" \/><input type=\"hidden\" name=\"wc_order_attribution_session_pages\" value=\"\" \/><input type=\"hidden\" name=\"wc_order_attribution_session_count\" value=\"\" \/><input type=\"hidden\" name=\"wc_order_attribution_user_agent\" value=\"\" \/><div class=\"woocommerce-privacy-policy-text\"><p>Va\u0161e osobn\u00e9 \u00fadaje bud\u00fa pou\u017eit\u00e9 na zjednodu\u0161enie pou\u017e\u00edvania tejto webovej str\u00e1nky, na spr\u00e1vu prihlasovania do v\u00e1\u0161ho \u00fa\u010dtu a na in\u00e9 \u00fa\u010dely op\u00edsan\u00e9 v dokumente <a href=\"https:\/\/shopsk.gp-menu.com\/ochrana-sukromia\/\" class=\"woocommerce-privacy-policy-link\" target=\"_blank\">politique de confidentialit\u00e9<\/a>.<\/p>\n<\/div>\t\t\t\n\t\t\t<p class=\"woocommerce-form-row form-row\">\n\t\t\t\t<input type=\"hidden\" id=\"_wpnonce\" name=\"_wpnonce\" value=\"a63d3941ac\" \/><input type=\"hidden\" name=\"_wp_http_referer\" value=\"\/fr\/wp-json\/wp\/v2\/pages\/19567\" \/>\t\t\t\t<button type=\"submit\" class=\"woocommerce-Button button\" name=\"register\" value=\"S&rsquo;enregistrer\">S&rsquo;enregistrer<\/button>\n\t\t\t<\/p>\n\n\t\t\t\n\t\t<\/form>\n\n\t<\/div>\n\n\t\t\t<div class=\"col-12 col-md-6 col-register-text\">\n\n\t\t\t<p class=\"title wd-login-divider \"><span>Or<\/span><\/p>\n\n\t\t\t\n\t\t\t\t\t\t\t<h2 class=\"wd-login-title\">Registrova\u0165<\/h2>\n\t\t\t\n\t\t\t\n\t\t\t\t\t\t\t<div class=\"registration-info\">Registr\u00e1cia na tejto str\u00e1nke v\u00e1m umo\u017en\u00ed pr\u00edstup k stavu va\u0161ej objedn\u00e1vky a hist\u00f3rii. Sta\u010d\u00ed vyplni\u0165 polia ni\u017e\u0161ie a my v\u00e1m \u010doskoro vytvor\u00edme nov\u00fd \u00fa\u010det. Po\u017eiadame v\u00e1s len o inform\u00e1cie potrebn\u00e9 na ur\u00fdchlenie a zjednodu\u0161enie procesu n\u00e1kupu.<\/div>\n\t\t\t\n\t\t\t\n\t\t\t<a href=\"#\" rel=\"nofollow noopener\" class=\"btn wd-switch-to-register\" data-login=\"Se connecter\" data-login-title=\"Prihl\u00e1si\u0165\" data-reg-title=\"Registrova\u0165\" data-register=\"S&rsquo;enregistrer\">S&rsquo;enregistrer<\/a>\n\n\t\t<\/div>\n\t\t\n<\/div>\n\n<\/div>\n\n<\/div>\n","protected":false},"excerpt":{"rendered":"","protected":false},"author":1,"featured_media":0,"parent":0,"menu_order":0,"comment_status":"closed","ping_status":"closed","template":"","meta":{"footnotes":""},"class_list":["post-19567","page","type-page","status-publish","hentry"],"acf":[],"yoast_head":"<!-- This site is optimized with the Yoast SEO plugin v22.0 - https:\/\/yoast.com\/wordpress\/plugins\/seo\/ -->\n<title>M\u00f4j \u00fa\u010det - GP Menu<\/title>\n<meta name=\"robots\" content=\"index, follow, max-snippet:-1, max-image-preview:large, max-video-preview:-1\" \/>\n<link rel=\"canonical\" href=\"https:\/\/shopsk.gp-menu.com\/fr\/moj-ucet\/\" \/>\n<meta property=\"og:locale\" content=\"fr_FR\" \/>\n<meta property=\"og:type\" content=\"article\" \/>\n<meta property=\"og:title\" content=\"M\u00f4j \u00fa\u010det - GP Menu\" \/>\n<meta property=\"og:url\" content=\"https:\/\/shopsk.gp-menu.com\/fr\/moj-ucet\/\" \/>\n<meta property=\"og:site_name\" content=\"GP Menu\" \/>\n<meta property=\"article:modified_time\" content=\"2024-05-08T09:16:52+00:00\" \/>\n<meta name=\"twitter:card\" content=\"summary_large_image\" \/>\n<script type=\"application\/ld+json\" class=\"yoast-schema-graph\">{\"@context\":\"https:\/\/schema.org\",\"@graph\":[{\"@type\":\"WebPage\",\"@id\":\"https:\/\/shopsk.gp-menu.com\/fr\/moj-ucet\/\",\"url\":\"https:\/\/shopsk.gp-menu.com\/fr\/moj-ucet\/\",\"name\":\"M\u00f4j \u00fa\u010det - GP Menu\",\"isPartOf\":{\"@id\":\"https:\/\/shopsk.gp-menu.com\/fr\/#website\"},\"datePublished\":\"2023-05-26T09:22:23+00:00\",\"dateModified\":\"2024-05-08T09:16:52+00:00\",\"breadcrumb\":{\"@id\":\"https:\/\/shopsk.gp-menu.com\/fr\/moj-ucet\/#breadcrumb\"},\"inLanguage\":\"fr-FR\",\"potentialAction\":[{\"@type\":\"ReadAction\",\"target\":[\"https:\/\/shopsk.gp-menu.com\/fr\/moj-ucet\/\"]}]},{\"@type\":\"BreadcrumbList\",\"@id\":\"https:\/\/shopsk.gp-menu.com\/fr\/moj-ucet\/#breadcrumb\",\"itemListElement\":[{\"@type\":\"ListItem\",\"position\":1,\"name\":\"Domovsk\u00e1 str\u00e1nka\",\"item\":\"https:\/\/shopsk.gp-menu.com\/fr\/\"},{\"@type\":\"ListItem\",\"position\":2,\"name\":\"M\u00f4j \u00fa\u010det\"}]},{\"@type\":\"WebSite\",\"@id\":\"https:\/\/shopsk.gp-menu.com\/fr\/#website\",\"url\":\"https:\/\/shopsk.gp-menu.com\/fr\/\",\"name\":\"GP Menu\",\"description\":\"\",\"potentialAction\":[{\"@type\":\"SearchAction\",\"target\":{\"@type\":\"EntryPoint\",\"urlTemplate\":\"https:\/\/shopsk.gp-menu.com\/fr\/?s={search_term_string}\"},\"query-input\":\"required name=search_term_string\"}],\"inLanguage\":\"fr-FR\"}]}<\/script>\n<!-- \/ Yoast SEO plugin. -->","yoast_head_json":{"title":"M\u00f4j \u00fa\u010det - GP Menu","robots":{"index":"index","follow":"follow","max-snippet":"max-snippet:-1","max-image-preview":"max-image-preview:large","max-video-preview":"max-video-preview:-1"},"canonical":"https:\/\/shopsk.gp-menu.com\/fr\/moj-ucet\/","og_locale":"fr_FR","og_type":"article","og_title":"M\u00f4j \u00fa\u010det - GP Menu","og_url":"https:\/\/shopsk.gp-menu.com\/fr\/moj-ucet\/","og_site_name":"GP Menu","article_modified_time":"2024-05-08T09:16:52+00:00","twitter_card":"summary_large_image","schema":{"@context":"https:\/\/schema.org","@graph":[{"@type":"WebPage","@id":"https:\/\/shopsk.gp-menu.com\/fr\/moj-ucet\/","url":"https:\/\/shopsk.gp-menu.com\/fr\/moj-ucet\/","name":"M\u00f4j \u00fa\u010det - GP Menu","isPartOf":{"@id":"https:\/\/shopsk.gp-menu.com\/fr\/#website"},"datePublished":"2023-05-26T09:22:23+00:00","dateModified":"2024-05-08T09:16:52+00:00","breadcrumb":{"@id":"https:\/\/shopsk.gp-menu.com\/fr\/moj-ucet\/#breadcrumb"},"inLanguage":"fr-FR","potentialAction":[{"@type":"ReadAction","target":["https:\/\/shopsk.gp-menu.com\/fr\/moj-ucet\/"]}]},{"@type":"BreadcrumbList","@id":"https:\/\/shopsk.gp-menu.com\/fr\/moj-ucet\/#breadcrumb","itemListElement":[{"@type":"ListItem","position":1,"name":"Domovsk\u00e1 str\u00e1nka","item":"https:\/\/shopsk.gp-menu.com\/fr\/"},{"@type":"ListItem","position":2,"name":"M\u00f4j \u00fa\u010det"}]},{"@type":"WebSite","@id":"https:\/\/shopsk.gp-menu.com\/fr\/#website","url":"https:\/\/shopsk.gp-menu.com\/fr\/","name":"GP Menu","description":"","potentialAction":[{"@type":"SearchAction","target":{"@type":"EntryPoint","urlTemplate":"https:\/\/shopsk.gp-menu.com\/fr\/?s={search_term_string}"},"query-input":"required name=search_term_string"}],"inLanguage":"fr-FR"}]}},"_links":{"self":[{"href":"https:\/\/shopsk.gp-menu.com\/fr\/wp-json\/wp\/v2\/pages\/19567","targetHints":{"allow":["GET"]}}],"collection":[{"href":"https:\/\/shopsk.gp-menu.com\/fr\/wp-json\/wp\/v2\/pages"}],"about":[{"href":"https:\/\/shopsk.gp-menu.com\/fr\/wp-json\/wp\/v2\/types\/page"}],"author":[{"embeddable":true,"href":"https:\/\/shopsk.gp-menu.com\/fr\/wp-json\/wp\/v2\/users\/1"}],"replies":[{"embeddable":true,"href":"https:\/\/shopsk.gp-menu.com\/fr\/wp-json\/wp\/v2\/comments?post=19567"}],"version-history":[{"count":1,"href":"https:\/\/shopsk.gp-menu.com\/fr\/wp-json\/wp\/v2\/pages\/19567\/revisions"}],"predecessor-version":[{"id":19633,"href":"https:\/\/shopsk.gp-menu.com\/fr\/wp-json\/wp\/v2\/pages\/19567\/revisions\/19633"}],"wp:attachment":[{"href":"https:\/\/shopsk.gp-menu.com\/fr\/wp-json\/wp\/v2\/media?parent=19567"}],"curies":[{"name":"wp","href":"https:\/\/api.w.org\/{rel}","templated":true}]}}