{"id":21390,"date":"2024-01-05T12:20:23","date_gmt":"2024-01-05T11:20:23","guid":{"rendered":"https:\/\/shopsk.gp-menu.com\/produkt\/cashbox-z-dreva\/"},"modified":"2024-01-05T12:20:23","modified_gmt":"2024-01-05T11:20:23","slug":"cashbox-z-dreva","status":"publish","type":"product","link":"https:\/\/shopsk.gp-menu.com\/es\/produkt\/cashbox-z-dreva\/","title":{"rendered":"Cashbox z dreva"},"content":{"rendered":"","protected":false},"excerpt":{"rendered":"<p>CASHBOX \u2013 krabi\u010dka na \u00fa\u010det je ve\u013emi ob\u013e\u00faben\u00fdm a praktick\u00fdm doplnkom v podnikoch. Ke\u010f\u017ee ide o vy\u0161\u0161\u00ed box, nevypad\u00e1vaj\u00fa z neho mince. Box je vyhotoven\u00fd z preglejkov\u00e9ho jadra, ktor\u00e9 je z oboch str\u00e1n potiahnut\u00e9 dubovou d\u00fdhou. Ako povrchov\u00fa \u00fapravu pou\u017e\u00edvame ekologick\u00e9 oleje, ktor\u00e9 dosahuj\u00fa tvrdos\u0165 klasick\u00e9ho laku.<\/p>\n","protected":false},"featured_media":21392,"template":"","meta":[],"product_cat":[659,604],"product_tag":[],"class_list":{"0":"post-21390","1":"product","2":"type-product","3":"status-publish","4":"has-post-thumbnail","6":"product_cat-doplnky-do-hotela-a-restauracie-es","7":"product_cat-drevene-jedalne-listky-es","8":"pa_cena-ks-bez-dph-17-es","9":"pa_moznosti-personalizacie-gravir-laserom-es","10":"pa_pocet-kusov-v-baleni-5-es","11":"pa_velkost-11-5x19x2-5-cm-sxvxh-es","13":"first","14":"instock","15":"taxable","16":"shipping-taxable","17":"purchasable","18":"product-type-variable"},"acf":[],"yoast_head":"<!-- This site is optimized with the Yoast SEO plugin v22.0 - https:\/\/yoast.com\/wordpress\/plugins\/seo\/ -->\n<title>Cashbox z dreva - GP Menu<\/title>\n<meta name=\"robots\" content=\"index, follow, max-snippet:-1, max-image-preview:large, max-video-preview:-1\" \/>\n<link rel=\"canonical\" href=\"https:\/\/shopsk.gp-menu.com\/es\/produkt\/cashbox-z-dreva\/\" \/>\n<meta property=\"og:locale\" content=\"es_ES\" \/>\n<meta property=\"og:type\" content=\"article\" \/>\n<meta property=\"og:title\" content=\"Cashbox z dreva - GP Menu\" \/>\n<meta property=\"og:description\" content=\"CASHBOX \u2013 krabi\u010dka na \u00fa\u010det je ve\u013emi ob\u013e\u00faben\u00fdm a praktick\u00fdm doplnkom v podnikoch. Ke\u010f\u017ee ide o vy\u0161\u0161\u00ed box, nevypad\u00e1vaj\u00fa z neho mince. Box je vyhotoven\u00fd z preglejkov\u00e9ho jadra, ktor\u00e9 je z oboch str\u00e1n potiahnut\u00e9 dubovou d\u00fdhou. Ako povrchov\u00fa \u00fapravu pou\u017e\u00edvame ekologick\u00e9 oleje, ktor\u00e9 dosahuj\u00fa tvrdos\u0165 klasick\u00e9ho laku.\" \/>\n<meta property=\"og:url\" content=\"https:\/\/shopsk.gp-menu.com\/es\/produkt\/cashbox-z-dreva\/\" \/>\n<meta property=\"og:site_name\" content=\"GP Menu\" \/>\n<meta name=\"twitter:card\" content=\"summary_large_image\" \/>\n<script type=\"application\/ld+json\" class=\"yoast-schema-graph\">{\"@context\":\"https:\/\/schema.org\",\"@graph\":[{\"@type\":\"WebPage\",\"@id\":\"https:\/\/shopsk.gp-menu.com\/es\/produkt\/cashbox-z-dreva\/\",\"url\":\"https:\/\/shopsk.gp-menu.com\/es\/produkt\/cashbox-z-dreva\/\",\"name\":\"Cashbox z dreva - GP Menu\",\"isPartOf\":{\"@id\":\"https:\/\/shopsk.gp-menu.com\/es\/#website\"},\"datePublished\":\"2024-01-05T11:20:23+00:00\",\"dateModified\":\"2024-01-05T11:20:23+00:00\",\"breadcrumb\":{\"@id\":\"https:\/\/shopsk.gp-menu.com\/es\/produkt\/cashbox-z-dreva\/#breadcrumb\"},\"inLanguage\":\"es\",\"potentialAction\":[{\"@type\":\"ReadAction\",\"target\":[\"https:\/\/shopsk.gp-menu.com\/es\/produkt\/cashbox-z-dreva\/\"]}]},{\"@type\":\"BreadcrumbList\",\"@id\":\"https:\/\/shopsk.gp-menu.com\/es\/produkt\/cashbox-z-dreva\/#breadcrumb\",\"itemListElement\":[{\"@type\":\"ListItem\",\"position\":1,\"name\":\"Domovsk\u00e1 str\u00e1nka\",\"item\":\"https:\/\/shopsk.gp-menu.com\/es\/obchod\/\"},{\"@type\":\"ListItem\",\"position\":2,\"name\":\"Obchod\",\"item\":\"https:\/\/shopsk.gp-menu.com\/es\/obchod\/\"},{\"@type\":\"ListItem\",\"position\":3,\"name\":\"Cashbox z dreva\"}]},{\"@type\":\"WebSite\",\"@id\":\"https:\/\/shopsk.gp-menu.com\/es\/#website\",\"url\":\"https:\/\/shopsk.gp-menu.com\/es\/\",\"name\":\"GP Menu\",\"description\":\"\",\"potentialAction\":[{\"@type\":\"SearchAction\",\"target\":{\"@type\":\"EntryPoint\",\"urlTemplate\":\"https:\/\/shopsk.gp-menu.com\/es\/?s={search_term_string}\"},\"query-input\":\"required name=search_term_string\"}],\"inLanguage\":\"es\"}]}<\/script>\n<!-- \/ Yoast SEO plugin. -->","yoast_head_json":{"title":"Cashbox z dreva - GP Menu","robots":{"index":"index","follow":"follow","max-snippet":"max-snippet:-1","max-image-preview":"max-image-preview:large","max-video-preview":"max-video-preview:-1"},"canonical":"https:\/\/shopsk.gp-menu.com\/es\/produkt\/cashbox-z-dreva\/","og_locale":"es_ES","og_type":"article","og_title":"Cashbox z dreva - GP Menu","og_description":"CASHBOX \u2013 krabi\u010dka na \u00fa\u010det je ve\u013emi ob\u013e\u00faben\u00fdm a praktick\u00fdm doplnkom v podnikoch. Ke\u010f\u017ee ide o vy\u0161\u0161\u00ed box, nevypad\u00e1vaj\u00fa z neho mince. Box je vyhotoven\u00fd z preglejkov\u00e9ho jadra, ktor\u00e9 je z oboch str\u00e1n potiahnut\u00e9 dubovou d\u00fdhou. Ako povrchov\u00fa \u00fapravu pou\u017e\u00edvame ekologick\u00e9 oleje, ktor\u00e9 dosahuj\u00fa tvrdos\u0165 klasick\u00e9ho laku.","og_url":"https:\/\/shopsk.gp-menu.com\/es\/produkt\/cashbox-z-dreva\/","og_site_name":"GP Menu","twitter_card":"summary_large_image","schema":{"@context":"https:\/\/schema.org","@graph":[{"@type":"WebPage","@id":"https:\/\/shopsk.gp-menu.com\/es\/produkt\/cashbox-z-dreva\/","url":"https:\/\/shopsk.gp-menu.com\/es\/produkt\/cashbox-z-dreva\/","name":"Cashbox z dreva - GP Menu","isPartOf":{"@id":"https:\/\/shopsk.gp-menu.com\/es\/#website"},"datePublished":"2024-01-05T11:20:23+00:00","dateModified":"2024-01-05T11:20:23+00:00","breadcrumb":{"@id":"https:\/\/shopsk.gp-menu.com\/es\/produkt\/cashbox-z-dreva\/#breadcrumb"},"inLanguage":"es","potentialAction":[{"@type":"ReadAction","target":["https:\/\/shopsk.gp-menu.com\/es\/produkt\/cashbox-z-dreva\/"]}]},{"@type":"BreadcrumbList","@id":"https:\/\/shopsk.gp-menu.com\/es\/produkt\/cashbox-z-dreva\/#breadcrumb","itemListElement":[{"@type":"ListItem","position":1,"name":"Domovsk\u00e1 str\u00e1nka","item":"https:\/\/shopsk.gp-menu.com\/es\/obchod\/"},{"@type":"ListItem","position":2,"name":"Obchod","item":"https:\/\/shopsk.gp-menu.com\/es\/obchod\/"},{"@type":"ListItem","position":3,"name":"Cashbox z dreva"}]},{"@type":"WebSite","@id":"https:\/\/shopsk.gp-menu.com\/es\/#website","url":"https:\/\/shopsk.gp-menu.com\/es\/","name":"GP Menu","description":"","potentialAction":[{"@type":"SearchAction","target":{"@type":"EntryPoint","urlTemplate":"https:\/\/shopsk.gp-menu.com\/es\/?s={search_term_string}"},"query-input":"required name=search_term_string"}],"inLanguage":"es"}]}},"_links":{"self":[{"href":"https:\/\/shopsk.gp-menu.com\/es\/wp-json\/wp\/v2\/product\/21390","targetHints":{"allow":["GET"]}}],"collection":[{"href":"https:\/\/shopsk.gp-menu.com\/es\/wp-json\/wp\/v2\/product"}],"about":[{"href":"https:\/\/shopsk.gp-menu.com\/es\/wp-json\/wp\/v2\/types\/product"}],"version-history":[{"count":0,"href":"https:\/\/shopsk.gp-menu.com\/es\/wp-json\/wp\/v2\/product\/21390\/revisions"}],"wp:featuredmedia":[{"embeddable":true,"href":"https:\/\/shopsk.gp-menu.com\/es\/wp-json\/wp\/v2\/media\/21392"}],"wp:attachment":[{"href":"https:\/\/shopsk.gp-menu.com\/es\/wp-json\/wp\/v2\/media?parent=21390"}],"wp:term":[{"taxonomy":"product_cat","embeddable":true,"href":"https:\/\/shopsk.gp-menu.com\/es\/wp-json\/wp\/v2\/product_cat?post=21390"},{"taxonomy":"product_tag","embeddable":true,"href":"https:\/\/shopsk.gp-menu.com\/es\/wp-json\/wp\/v2\/product_tag?post=21390"}],"curies":[{"name":"wp","href":"https:\/\/api.w.org\/{rel}","templated":true}]}}