{"id":21360,"date":"2023-02-08T12:20:25","date_gmt":"2023-02-08T11:20:25","guid":{"rendered":"https:\/\/shopsk.gp-menu.com\/produkt\/dvojity-vnutorny-list-pvc-10-ks\/"},"modified":"2023-02-08T12:20:25","modified_gmt":"2023-02-08T11:20:25","slug":"dvojity-vnutorny-list-pvc-10-ks","status":"publish","type":"product","link":"https:\/\/shopsk.gp-menu.com\/es\/produkt\/dvojity-vnutorny-list-pvc-10-ks\/","title":{"rendered":"Dvojit\u00fd vn\u00fatorn\u00fd list PVC &#8211; 10 ks"},"content":{"rendered":"","protected":false},"excerpt":{"rendered":"<p>Zvarovan\u00fd prieh\u013eadn\u00fd dvojit\u00fd vn\u00fatorn\u00fd PVC list pre vkladanie papiera s ponukou. Balenie obsahuje 10 ks. Je vhodn\u00fd do jed\u00e1lnych l\u00edstkov s gumi\u010dkou.<\/p>\n","protected":false},"featured_media":21361,"template":"","meta":[],"product_cat":[522],"product_tag":[],"class_list":{"0":"post-21360","1":"product","2":"type-product","3":"status-publish","4":"has-post-thumbnail","6":"product_cat-jedalne-listky-z-celulozy-es","7":"pa_cena-ks-bez-dph-a4-25-eur-es","8":"pa_cena-ks-bez-dph-a4ss-20-eur-es","9":"pa_cena-ks-bez-dph-a5-18-eur-es","10":"pa_cena-ks-bez-dph-a55-20-eur-es","11":"pa_pocet-kusov-v-baleni-10-es","13":"first","14":"instock","15":"taxable","16":"shipping-taxable","17":"purchasable","18":"product-type-variable"},"acf":[],"yoast_head":"<!-- This site is optimized with the Yoast SEO plugin v22.0 - https:\/\/yoast.com\/wordpress\/plugins\/seo\/ -->\n<title>Dvojit\u00fd vn\u00fatorn\u00fd list PVC - 10 ks - GP Menu<\/title>\n<meta name=\"robots\" content=\"index, follow, max-snippet:-1, max-image-preview:large, max-video-preview:-1\" \/>\n<link rel=\"canonical\" href=\"https:\/\/shopsk.gp-menu.com\/es\/produkt\/dvojity-vnutorny-list-pvc-10-ks\/\" \/>\n<meta property=\"og:locale\" content=\"es_ES\" \/>\n<meta property=\"og:type\" content=\"article\" \/>\n<meta property=\"og:title\" content=\"Dvojit\u00fd vn\u00fatorn\u00fd list PVC - 10 ks - GP Menu\" \/>\n<meta property=\"og:description\" content=\"Zvarovan\u00fd prieh\u013eadn\u00fd dvojit\u00fd vn\u00fatorn\u00fd PVC list pre vkladanie papiera s ponukou. Balenie obsahuje 10 ks. Je vhodn\u00fd do jed\u00e1lnych l\u00edstkov s gumi\u010dkou.\" \/>\n<meta property=\"og:url\" content=\"https:\/\/shopsk.gp-menu.com\/es\/produkt\/dvojity-vnutorny-list-pvc-10-ks\/\" \/>\n<meta property=\"og:site_name\" content=\"GP Menu\" \/>\n<meta name=\"twitter:card\" content=\"summary_large_image\" \/>\n<script type=\"application\/ld+json\" class=\"yoast-schema-graph\">{\"@context\":\"https:\/\/schema.org\",\"@graph\":[{\"@type\":\"WebPage\",\"@id\":\"https:\/\/shopsk.gp-menu.com\/es\/produkt\/dvojity-vnutorny-list-pvc-10-ks\/\",\"url\":\"https:\/\/shopsk.gp-menu.com\/es\/produkt\/dvojity-vnutorny-list-pvc-10-ks\/\",\"name\":\"Dvojit\u00fd vn\u00fatorn\u00fd list PVC - 10 ks - GP Menu\",\"isPartOf\":{\"@id\":\"https:\/\/shopsk.gp-menu.com\/es\/#website\"},\"datePublished\":\"2023-02-08T11:20:25+00:00\",\"dateModified\":\"2023-02-08T11:20:25+00:00\",\"breadcrumb\":{\"@id\":\"https:\/\/shopsk.gp-menu.com\/es\/produkt\/dvojity-vnutorny-list-pvc-10-ks\/#breadcrumb\"},\"inLanguage\":\"es\",\"potentialAction\":[{\"@type\":\"ReadAction\",\"target\":[\"https:\/\/shopsk.gp-menu.com\/es\/produkt\/dvojity-vnutorny-list-pvc-10-ks\/\"]}]},{\"@type\":\"BreadcrumbList\",\"@id\":\"https:\/\/shopsk.gp-menu.com\/es\/produkt\/dvojity-vnutorny-list-pvc-10-ks\/#breadcrumb\",\"itemListElement\":[{\"@type\":\"ListItem\",\"position\":1,\"name\":\"Domovsk\u00e1 str\u00e1nka\",\"item\":\"https:\/\/shopsk.gp-menu.com\/es\/obchod\/\"},{\"@type\":\"ListItem\",\"position\":2,\"name\":\"Obchod\",\"item\":\"https:\/\/shopsk.gp-menu.com\/es\/obchod\/\"},{\"@type\":\"ListItem\",\"position\":3,\"name\":\"Dvojit\u00fd vn\u00fatorn\u00fd list PVC &#8211; 10 ks\"}]},{\"@type\":\"WebSite\",\"@id\":\"https:\/\/shopsk.gp-menu.com\/es\/#website\",\"url\":\"https:\/\/shopsk.gp-menu.com\/es\/\",\"name\":\"GP Menu\",\"description\":\"\",\"potentialAction\":[{\"@type\":\"SearchAction\",\"target\":{\"@type\":\"EntryPoint\",\"urlTemplate\":\"https:\/\/shopsk.gp-menu.com\/es\/?s={search_term_string}\"},\"query-input\":\"required name=search_term_string\"}],\"inLanguage\":\"es\"}]}<\/script>\n<!-- \/ Yoast SEO plugin. -->","yoast_head_json":{"title":"Dvojit\u00fd vn\u00fatorn\u00fd list PVC - 10 ks - GP Menu","robots":{"index":"index","follow":"follow","max-snippet":"max-snippet:-1","max-image-preview":"max-image-preview:large","max-video-preview":"max-video-preview:-1"},"canonical":"https:\/\/shopsk.gp-menu.com\/es\/produkt\/dvojity-vnutorny-list-pvc-10-ks\/","og_locale":"es_ES","og_type":"article","og_title":"Dvojit\u00fd vn\u00fatorn\u00fd list PVC - 10 ks - GP Menu","og_description":"Zvarovan\u00fd prieh\u013eadn\u00fd dvojit\u00fd vn\u00fatorn\u00fd PVC list pre vkladanie papiera s ponukou. Balenie obsahuje 10 ks. Je vhodn\u00fd do jed\u00e1lnych l\u00edstkov s gumi\u010dkou.","og_url":"https:\/\/shopsk.gp-menu.com\/es\/produkt\/dvojity-vnutorny-list-pvc-10-ks\/","og_site_name":"GP Menu","twitter_card":"summary_large_image","schema":{"@context":"https:\/\/schema.org","@graph":[{"@type":"WebPage","@id":"https:\/\/shopsk.gp-menu.com\/es\/produkt\/dvojity-vnutorny-list-pvc-10-ks\/","url":"https:\/\/shopsk.gp-menu.com\/es\/produkt\/dvojity-vnutorny-list-pvc-10-ks\/","name":"Dvojit\u00fd vn\u00fatorn\u00fd list PVC - 10 ks - GP Menu","isPartOf":{"@id":"https:\/\/shopsk.gp-menu.com\/es\/#website"},"datePublished":"2023-02-08T11:20:25+00:00","dateModified":"2023-02-08T11:20:25+00:00","breadcrumb":{"@id":"https:\/\/shopsk.gp-menu.com\/es\/produkt\/dvojity-vnutorny-list-pvc-10-ks\/#breadcrumb"},"inLanguage":"es","potentialAction":[{"@type":"ReadAction","target":["https:\/\/shopsk.gp-menu.com\/es\/produkt\/dvojity-vnutorny-list-pvc-10-ks\/"]}]},{"@type":"BreadcrumbList","@id":"https:\/\/shopsk.gp-menu.com\/es\/produkt\/dvojity-vnutorny-list-pvc-10-ks\/#breadcrumb","itemListElement":[{"@type":"ListItem","position":1,"name":"Domovsk\u00e1 str\u00e1nka","item":"https:\/\/shopsk.gp-menu.com\/es\/obchod\/"},{"@type":"ListItem","position":2,"name":"Obchod","item":"https:\/\/shopsk.gp-menu.com\/es\/obchod\/"},{"@type":"ListItem","position":3,"name":"Dvojit\u00fd vn\u00fatorn\u00fd list PVC &#8211; 10 ks"}]},{"@type":"WebSite","@id":"https:\/\/shopsk.gp-menu.com\/es\/#website","url":"https:\/\/shopsk.gp-menu.com\/es\/","name":"GP Menu","description":"","potentialAction":[{"@type":"SearchAction","target":{"@type":"EntryPoint","urlTemplate":"https:\/\/shopsk.gp-menu.com\/es\/?s={search_term_string}"},"query-input":"required name=search_term_string"}],"inLanguage":"es"}]}},"_links":{"self":[{"href":"https:\/\/shopsk.gp-menu.com\/es\/wp-json\/wp\/v2\/product\/21360","targetHints":{"allow":["GET"]}}],"collection":[{"href":"https:\/\/shopsk.gp-menu.com\/es\/wp-json\/wp\/v2\/product"}],"about":[{"href":"https:\/\/shopsk.gp-menu.com\/es\/wp-json\/wp\/v2\/types\/product"}],"version-history":[{"count":0,"href":"https:\/\/shopsk.gp-menu.com\/es\/wp-json\/wp\/v2\/product\/21360\/revisions"}],"wp:featuredmedia":[{"embeddable":true,"href":"https:\/\/shopsk.gp-menu.com\/es\/wp-json\/wp\/v2\/media\/21361"}],"wp:attachment":[{"href":"https:\/\/shopsk.gp-menu.com\/es\/wp-json\/wp\/v2\/media?parent=21360"}],"wp:term":[{"taxonomy":"product_cat","embeddable":true,"href":"https:\/\/shopsk.gp-menu.com\/es\/wp-json\/wp\/v2\/product_cat?post=21360"},{"taxonomy":"product_tag","embeddable":true,"href":"https:\/\/shopsk.gp-menu.com\/es\/wp-json\/wp\/v2\/product_tag?post=21360"}],"curies":[{"name":"wp","href":"https:\/\/api.w.org\/{rel}","templated":true}]}}