{"id":20541,"date":"2024-01-04T12:20:23","date_gmt":"2024-01-04T11:20:23","guid":{"rendered":"https:\/\/shopsk.gp-menu.com\/produkt\/reserve-stojan-z-dreva\/"},"modified":"2024-09-10T14:53:45","modified_gmt":"2024-09-10T12:53:45","slug":"reserve-stojan-z-dreva","status":"publish","type":"product","link":"https:\/\/shopsk.gp-menu.com\/en\/produkt\/reserve-stojan-z-dreva\/","title":{"rendered":"RESERVE stojan z dreva"},"content":{"rendered":"","protected":false},"excerpt":{"rendered":"<p>RESERVE stojany s\u00fa neodmyslite\u013en\u00fdm doplnkom v ka\u017edom podniku. Obojstrann\u00fd n\u00e1pis RESERVE zabezpe\u010d\u00ed vidite\u013enos\u0165 z ka\u017edej strany.<\/p>\n","protected":false},"featured_media":21684,"template":"","meta":[],"product_cat":[622,189],"product_tag":[],"class_list":{"0":"post-20541","1":"product","2":"type-product","3":"status-publish","4":"has-post-thumbnail","6":"product_cat-doplnky-do-hotela-a-restauracie-en","7":"product_cat-uncategorized","8":"pa_cena-ks-bez-dph-6-en","9":"pa_pocet-kusov-v-baleni-5-en","10":"pa_velkost-14x8-5-cm-sxv-en","12":"first","13":"instock","14":"taxable","15":"shipping-taxable","16":"purchasable","17":"product-type-variable"},"acf":[],"yoast_head":"<!-- This site is optimized with the Yoast SEO plugin v22.0 - https:\/\/yoast.com\/wordpress\/plugins\/seo\/ -->\n<title>RESERVE stojan z dreva - GP Menu<\/title>\n<meta name=\"robots\" content=\"index, follow, max-snippet:-1, max-image-preview:large, max-video-preview:-1\" \/>\n<link rel=\"canonical\" href=\"https:\/\/shopsk.gp-menu.com\/en\/produkt\/reserve-stojan-z-dreva\/\" \/>\n<meta property=\"og:locale\" content=\"en_US\" \/>\n<meta property=\"og:type\" content=\"article\" \/>\n<meta property=\"og:title\" content=\"RESERVE stojan z dreva - GP Menu\" \/>\n<meta property=\"og:description\" content=\"RESERVE stojany s\u00fa neodmyslite\u013en\u00fdm doplnkom v ka\u017edom podniku. Obojstrann\u00fd n\u00e1pis RESERVE zabezpe\u010d\u00ed vidite\u013enos\u0165 z ka\u017edej strany.\" \/>\n<meta property=\"og:url\" content=\"https:\/\/shopsk.gp-menu.com\/en\/produkt\/reserve-stojan-z-dreva\/\" \/>\n<meta property=\"og:site_name\" content=\"GP Menu\" \/>\n<meta property=\"article:modified_time\" content=\"2024-09-10T12:53:45+00:00\" \/>\n<meta property=\"og:image\" content=\"https:\/\/shopsk.gp-menu.com\/shopsk\/uploads\/2024\/09\/reserve-drevo.jpg\" \/>\n\t<meta property=\"og:image:width\" content=\"1500\" \/>\n\t<meta property=\"og:image:height\" content=\"1500\" \/>\n\t<meta property=\"og:image:type\" content=\"image\/jpeg\" \/>\n<meta name=\"twitter:card\" content=\"summary_large_image\" \/>\n<script type=\"application\/ld+json\" class=\"yoast-schema-graph\">{\"@context\":\"https:\/\/schema.org\",\"@graph\":[{\"@type\":\"WebPage\",\"@id\":\"https:\/\/shopsk.gp-menu.com\/en\/produkt\/reserve-stojan-z-dreva\/\",\"url\":\"https:\/\/shopsk.gp-menu.com\/en\/produkt\/reserve-stojan-z-dreva\/\",\"name\":\"RESERVE stojan z dreva - GP Menu\",\"isPartOf\":{\"@id\":\"https:\/\/shopsk.gp-menu.com\/en\/#website\"},\"datePublished\":\"2024-01-04T11:20:23+00:00\",\"dateModified\":\"2024-09-10T12:53:45+00:00\",\"breadcrumb\":{\"@id\":\"https:\/\/shopsk.gp-menu.com\/en\/produkt\/reserve-stojan-z-dreva\/#breadcrumb\"},\"inLanguage\":\"en-US\",\"potentialAction\":[{\"@type\":\"ReadAction\",\"target\":[\"https:\/\/shopsk.gp-menu.com\/en\/produkt\/reserve-stojan-z-dreva\/\"]}]},{\"@type\":\"BreadcrumbList\",\"@id\":\"https:\/\/shopsk.gp-menu.com\/en\/produkt\/reserve-stojan-z-dreva\/#breadcrumb\",\"itemListElement\":[{\"@type\":\"ListItem\",\"position\":1,\"name\":\"Domovsk\u00e1 str\u00e1nka\",\"item\":\"https:\/\/shopsk.gp-menu.com\/en\/\"},{\"@type\":\"ListItem\",\"position\":2,\"name\":\"Obchod\",\"item\":\"https:\/\/shopsk.gp-menu.com\/\"},{\"@type\":\"ListItem\",\"position\":3,\"name\":\"RESERVE stojan z dreva\"}]},{\"@type\":\"WebSite\",\"@id\":\"https:\/\/shopsk.gp-menu.com\/en\/#website\",\"url\":\"https:\/\/shopsk.gp-menu.com\/en\/\",\"name\":\"GP Menu\",\"description\":\"\",\"potentialAction\":[{\"@type\":\"SearchAction\",\"target\":{\"@type\":\"EntryPoint\",\"urlTemplate\":\"https:\/\/shopsk.gp-menu.com\/en\/?s={search_term_string}\"},\"query-input\":\"required name=search_term_string\"}],\"inLanguage\":\"en-US\"}]}<\/script>\n<!-- \/ Yoast SEO plugin. -->","yoast_head_json":{"title":"RESERVE stojan z dreva - GP Menu","robots":{"index":"index","follow":"follow","max-snippet":"max-snippet:-1","max-image-preview":"max-image-preview:large","max-video-preview":"max-video-preview:-1"},"canonical":"https:\/\/shopsk.gp-menu.com\/en\/produkt\/reserve-stojan-z-dreva\/","og_locale":"en_US","og_type":"article","og_title":"RESERVE stojan z dreva - GP Menu","og_description":"RESERVE stojany s\u00fa neodmyslite\u013en\u00fdm doplnkom v ka\u017edom podniku. Obojstrann\u00fd n\u00e1pis RESERVE zabezpe\u010d\u00ed vidite\u013enos\u0165 z ka\u017edej strany.","og_url":"https:\/\/shopsk.gp-menu.com\/en\/produkt\/reserve-stojan-z-dreva\/","og_site_name":"GP Menu","article_modified_time":"2024-09-10T12:53:45+00:00","og_image":[{"width":1500,"height":1500,"url":"https:\/\/shopsk.gp-menu.com\/shopsk\/uploads\/2024\/09\/reserve-drevo.jpg","type":"image\/jpeg"}],"twitter_card":"summary_large_image","schema":{"@context":"https:\/\/schema.org","@graph":[{"@type":"WebPage","@id":"https:\/\/shopsk.gp-menu.com\/en\/produkt\/reserve-stojan-z-dreva\/","url":"https:\/\/shopsk.gp-menu.com\/en\/produkt\/reserve-stojan-z-dreva\/","name":"RESERVE stojan z dreva - GP Menu","isPartOf":{"@id":"https:\/\/shopsk.gp-menu.com\/en\/#website"},"datePublished":"2024-01-04T11:20:23+00:00","dateModified":"2024-09-10T12:53:45+00:00","breadcrumb":{"@id":"https:\/\/shopsk.gp-menu.com\/en\/produkt\/reserve-stojan-z-dreva\/#breadcrumb"},"inLanguage":"en-US","potentialAction":[{"@type":"ReadAction","target":["https:\/\/shopsk.gp-menu.com\/en\/produkt\/reserve-stojan-z-dreva\/"]}]},{"@type":"BreadcrumbList","@id":"https:\/\/shopsk.gp-menu.com\/en\/produkt\/reserve-stojan-z-dreva\/#breadcrumb","itemListElement":[{"@type":"ListItem","position":1,"name":"Domovsk\u00e1 str\u00e1nka","item":"https:\/\/shopsk.gp-menu.com\/en\/"},{"@type":"ListItem","position":2,"name":"Obchod","item":"https:\/\/shopsk.gp-menu.com\/"},{"@type":"ListItem","position":3,"name":"RESERVE stojan z dreva"}]},{"@type":"WebSite","@id":"https:\/\/shopsk.gp-menu.com\/en\/#website","url":"https:\/\/shopsk.gp-menu.com\/en\/","name":"GP Menu","description":"","potentialAction":[{"@type":"SearchAction","target":{"@type":"EntryPoint","urlTemplate":"https:\/\/shopsk.gp-menu.com\/en\/?s={search_term_string}"},"query-input":"required name=search_term_string"}],"inLanguage":"en-US"}]}},"_links":{"self":[{"href":"https:\/\/shopsk.gp-menu.com\/en\/wp-json\/wp\/v2\/product\/20541","targetHints":{"allow":["GET"]}}],"collection":[{"href":"https:\/\/shopsk.gp-menu.com\/en\/wp-json\/wp\/v2\/product"}],"about":[{"href":"https:\/\/shopsk.gp-menu.com\/en\/wp-json\/wp\/v2\/types\/product"}],"version-history":[{"count":1,"href":"https:\/\/shopsk.gp-menu.com\/en\/wp-json\/wp\/v2\/product\/20541\/revisions"}],"predecessor-version":[{"id":21909,"href":"https:\/\/shopsk.gp-menu.com\/en\/wp-json\/wp\/v2\/product\/20541\/revisions\/21909"}],"wp:featuredmedia":[{"embeddable":true,"href":"https:\/\/shopsk.gp-menu.com\/en\/wp-json\/wp\/v2\/media\/21684"}],"wp:attachment":[{"href":"https:\/\/shopsk.gp-menu.com\/en\/wp-json\/wp\/v2\/media?parent=20541"}],"wp:term":[{"taxonomy":"product_cat","embeddable":true,"href":"https:\/\/shopsk.gp-menu.com\/en\/wp-json\/wp\/v2\/product_cat?post=20541"},{"taxonomy":"product_tag","embeddable":true,"href":"https:\/\/shopsk.gp-menu.com\/en\/wp-json\/wp\/v2\/product_tag?post=20541"}],"curies":[{"name":"wp","href":"https:\/\/api.w.org\/{rel}","templated":true}]}}