{"id":20884,"date":"2023-10-09T12:20:26","date_gmt":"2023-10-09T10:20:26","guid":{"rendered":"https:\/\/shopsk.gp-menu.com\/produkt\/hotelovy-set\/"},"modified":"2023-10-09T12:20:26","modified_gmt":"2023-10-09T10:20:26","slug":"hotelovy-set","status":"publish","type":"product","link":"https:\/\/shopsk.gp-menu.com\/de\/produkt\/hotelovy-set\/","title":{"rendered":"Hotelov\u00fd set-box na servitky podnos stojanek na dialkov\u00e9"},"content":{"rendered":"","protected":false},"excerpt":{"rendered":"<p>Hotelov\u00fd set pozost\u00e1vaj\u00faci z podnosu 13&#215;13 cm, boxu na serv\u00edtky s uzatv\u00e1ran\u00edm na magnet a stojana na dia\u013ekov\u00e9 ovl\u00e1danie.<\/p>\n","protected":false},"featured_media":19265,"template":"","meta":[],"product_cat":[474],"product_tag":[],"class_list":{"0":"post-20884","1":"product","2":"type-product","3":"status-publish","4":"has-post-thumbnail","6":"product_cat-hotelovy-program-de","7":"pa_cena-ks-bez-dph-65-de","8":"pa_pocet-kusov-v-baleni-2-de","10":"first","11":"instock","12":"taxable","13":"shipping-taxable","14":"purchasable","15":"product-type-variable"},"acf":[],"yoast_head":"<!-- This site is optimized with the Yoast SEO plugin v22.0 - https:\/\/yoast.com\/wordpress\/plugins\/seo\/ -->\n<title>Hotelov\u00fd set-box na servitky podnos stojanek na dialkov\u00e9 - GP Menu<\/title>\n<meta name=\"robots\" content=\"index, follow, max-snippet:-1, max-image-preview:large, max-video-preview:-1\" \/>\n<link rel=\"canonical\" href=\"https:\/\/shopsk.gp-menu.com\/de\/produkt\/hotelovy-set\/\" \/>\n<meta property=\"og:locale\" content=\"de_DE\" \/>\n<meta property=\"og:type\" content=\"article\" \/>\n<meta property=\"og:title\" content=\"Hotelov\u00fd set-box na servitky podnos stojanek na dialkov\u00e9 - GP Menu\" \/>\n<meta property=\"og:description\" content=\"Hotelov\u00fd set pozost\u00e1vaj\u00faci z podnosu 13x13 cm, boxu na serv\u00edtky s uzatv\u00e1ran\u00edm na magnet a stojana na dia\u013ekov\u00e9 ovl\u00e1danie.\" \/>\n<meta property=\"og:url\" content=\"https:\/\/shopsk.gp-menu.com\/de\/produkt\/hotelovy-set\/\" \/>\n<meta property=\"og:site_name\" content=\"GP Menu\" \/>\n<meta name=\"twitter:card\" content=\"summary_large_image\" \/>\n<script type=\"application\/ld+json\" class=\"yoast-schema-graph\">{\"@context\":\"https:\/\/schema.org\",\"@graph\":[{\"@type\":\"WebPage\",\"@id\":\"https:\/\/shopsk.gp-menu.com\/de\/produkt\/hotelovy-set\/\",\"url\":\"https:\/\/shopsk.gp-menu.com\/de\/produkt\/hotelovy-set\/\",\"name\":\"Hotelov\u00fd set-box na servitky podnos stojanek na dialkov\u00e9 - GP Menu\",\"isPartOf\":{\"@id\":\"https:\/\/shopsk.gp-menu.com\/de\/#website\"},\"datePublished\":\"2023-10-09T10:20:26+00:00\",\"dateModified\":\"2023-10-09T10:20:26+00:00\",\"breadcrumb\":{\"@id\":\"https:\/\/shopsk.gp-menu.com\/de\/produkt\/hotelovy-set\/#breadcrumb\"},\"inLanguage\":\"de\",\"potentialAction\":[{\"@type\":\"ReadAction\",\"target\":[\"https:\/\/shopsk.gp-menu.com\/de\/produkt\/hotelovy-set\/\"]}]},{\"@type\":\"BreadcrumbList\",\"@id\":\"https:\/\/shopsk.gp-menu.com\/de\/produkt\/hotelovy-set\/#breadcrumb\",\"itemListElement\":[{\"@type\":\"ListItem\",\"position\":1,\"name\":\"Domovsk\u00e1 str\u00e1nka\",\"item\":\"https:\/\/shopsk.gp-menu.com\/de\/\"},{\"@type\":\"ListItem\",\"position\":2,\"name\":\"Obchod\",\"item\":\"https:\/\/shopsk.gp-menu.com\/\"},{\"@type\":\"ListItem\",\"position\":3,\"name\":\"Hotelov\u00fd set-box na servitky podnos stojanek na dialkov\u00e9\"}]},{\"@type\":\"WebSite\",\"@id\":\"https:\/\/shopsk.gp-menu.com\/de\/#website\",\"url\":\"https:\/\/shopsk.gp-menu.com\/de\/\",\"name\":\"GP Menu\",\"description\":\"\",\"potentialAction\":[{\"@type\":\"SearchAction\",\"target\":{\"@type\":\"EntryPoint\",\"urlTemplate\":\"https:\/\/shopsk.gp-menu.com\/de\/?s={search_term_string}\"},\"query-input\":\"required name=search_term_string\"}],\"inLanguage\":\"de\"}]}<\/script>\n<!-- \/ Yoast SEO plugin. -->","yoast_head_json":{"title":"Hotelov\u00fd set-box na servitky podnos stojanek na dialkov\u00e9 - GP Menu","robots":{"index":"index","follow":"follow","max-snippet":"max-snippet:-1","max-image-preview":"max-image-preview:large","max-video-preview":"max-video-preview:-1"},"canonical":"https:\/\/shopsk.gp-menu.com\/de\/produkt\/hotelovy-set\/","og_locale":"de_DE","og_type":"article","og_title":"Hotelov\u00fd set-box na servitky podnos stojanek na dialkov\u00e9 - GP Menu","og_description":"Hotelov\u00fd set pozost\u00e1vaj\u00faci z podnosu 13x13 cm, boxu na serv\u00edtky s uzatv\u00e1ran\u00edm na magnet a stojana na dia\u013ekov\u00e9 ovl\u00e1danie.","og_url":"https:\/\/shopsk.gp-menu.com\/de\/produkt\/hotelovy-set\/","og_site_name":"GP Menu","twitter_card":"summary_large_image","schema":{"@context":"https:\/\/schema.org","@graph":[{"@type":"WebPage","@id":"https:\/\/shopsk.gp-menu.com\/de\/produkt\/hotelovy-set\/","url":"https:\/\/shopsk.gp-menu.com\/de\/produkt\/hotelovy-set\/","name":"Hotelov\u00fd set-box na servitky podnos stojanek na dialkov\u00e9 - GP Menu","isPartOf":{"@id":"https:\/\/shopsk.gp-menu.com\/de\/#website"},"datePublished":"2023-10-09T10:20:26+00:00","dateModified":"2023-10-09T10:20:26+00:00","breadcrumb":{"@id":"https:\/\/shopsk.gp-menu.com\/de\/produkt\/hotelovy-set\/#breadcrumb"},"inLanguage":"de","potentialAction":[{"@type":"ReadAction","target":["https:\/\/shopsk.gp-menu.com\/de\/produkt\/hotelovy-set\/"]}]},{"@type":"BreadcrumbList","@id":"https:\/\/shopsk.gp-menu.com\/de\/produkt\/hotelovy-set\/#breadcrumb","itemListElement":[{"@type":"ListItem","position":1,"name":"Domovsk\u00e1 str\u00e1nka","item":"https:\/\/shopsk.gp-menu.com\/de\/"},{"@type":"ListItem","position":2,"name":"Obchod","item":"https:\/\/shopsk.gp-menu.com\/"},{"@type":"ListItem","position":3,"name":"Hotelov\u00fd set-box na servitky podnos stojanek na dialkov\u00e9"}]},{"@type":"WebSite","@id":"https:\/\/shopsk.gp-menu.com\/de\/#website","url":"https:\/\/shopsk.gp-menu.com\/de\/","name":"GP Menu","description":"","potentialAction":[{"@type":"SearchAction","target":{"@type":"EntryPoint","urlTemplate":"https:\/\/shopsk.gp-menu.com\/de\/?s={search_term_string}"},"query-input":"required name=search_term_string"}],"inLanguage":"de"}]}},"_links":{"self":[{"href":"https:\/\/shopsk.gp-menu.com\/de\/wp-json\/wp\/v2\/product\/20884","targetHints":{"allow":["GET"]}}],"collection":[{"href":"https:\/\/shopsk.gp-menu.com\/de\/wp-json\/wp\/v2\/product"}],"about":[{"href":"https:\/\/shopsk.gp-menu.com\/de\/wp-json\/wp\/v2\/types\/product"}],"version-history":[{"count":0,"href":"https:\/\/shopsk.gp-menu.com\/de\/wp-json\/wp\/v2\/product\/20884\/revisions"}],"wp:featuredmedia":[{"embeddable":true,"href":"https:\/\/shopsk.gp-menu.com\/de\/wp-json\/wp\/v2\/media\/19265"}],"wp:attachment":[{"href":"https:\/\/shopsk.gp-menu.com\/de\/wp-json\/wp\/v2\/media?parent=20884"}],"wp:term":[{"taxonomy":"product_cat","embeddable":true,"href":"https:\/\/shopsk.gp-menu.com\/de\/wp-json\/wp\/v2\/product_cat?post=20884"},{"taxonomy":"product_tag","embeddable":true,"href":"https:\/\/shopsk.gp-menu.com\/de\/wp-json\/wp\/v2\/product_tag?post=20884"}],"curies":[{"name":"wp","href":"https:\/\/api.w.org\/{rel}","templated":true}]}}