{"id":21069,"date":"2023-10-09T12:20:25","date_gmt":"2023-10-09T10:20:25","guid":{"rendered":"https:\/\/shopsk.gp-menu.com\/produkt\/jedalny-napojovy-listok-klemm-a5q\/"},"modified":"2023-10-09T12:20:25","modified_gmt":"2023-10-09T10:20:25","slug":"jedalny-napojovy-listok-klemm-a5q","status":"publish","type":"product","link":"https:\/\/shopsk.gp-menu.com\/cs\/produkt\/jedalny-napojovy-listok-klemm-a5q\/","title":{"rendered":"Jed\u00e1lny\/n\u00e1pojov\u00fd l\u00edstok Klemm A5q"},"content":{"rendered":"","protected":false},"excerpt":{"rendered":"<p>Jed\u00e1lne l\u00edstky KLEMM z po\u0165ahov\u00fdch materi\u00e1lov s\u00fa trendov\u00e9 a praktick\u00e9 l\u00edstky s jednoduchou a r\u00fdchlou v\u00fdmenou ponuky. Chrb\u00e1t l\u00edstka je tvoren\u00fd pru\u017enou svorkovou v\u00e4zbou, ktor\u00e1 je potiahnut\u00e1 knih\u00e1rskym textiln\u00fdm materi\u00e1lom. V tejto v\u00e4zbe sa nach\u00e1dza e\u0161te vyberate\u013en\u00e1 \u010dierna plastov\u00e1 li\u0161ta, pomocou ktorej viete va\u0161u ponuku r\u00fdchlo upevni\u0165 alebo vymeni\u0165 nejak\u00fd list.<\/p>\n","protected":false},"featured_media":19466,"template":"","meta":[],"product_cat":[224],"product_tag":[],"class_list":{"0":"post-21069","1":"product","2":"type-product","3":"status-publish","4":"has-post-thumbnail","6":"product_cat-jedalne-listky-klemm-cs","7":"pa_cena-ks-bez-dph-19-cs","8":"pa_moznosti-personalizacie-razba-pomocou-razidla-slepotlac-farebne-metalicke-i-pigmentove-folie-cs","9":"pa_pocet-kusov-v-baleni-5-cs","10":"pa_velkost-22x16-cm-sxv-cs","12":"first","13":"instock","14":"taxable","15":"shipping-taxable","16":"purchasable","17":"product-type-variable"},"acf":[],"yoast_head":"<!-- This site is optimized with the Yoast SEO plugin v22.0 - https:\/\/yoast.com\/wordpress\/plugins\/seo\/ -->\n<title>Jed\u00e1lny\/n\u00e1pojov\u00fd l\u00edstok Klemm A5q - GP Menu<\/title>\n<meta name=\"robots\" content=\"index, follow, max-snippet:-1, max-image-preview:large, max-video-preview:-1\" \/>\n<link rel=\"canonical\" href=\"https:\/\/shopsk.gp-menu.com\/cs\/produkt\/jedalny-napojovy-listok-klemm-a5q\/\" \/>\n<meta property=\"og:locale\" content=\"cs_CZ\" \/>\n<meta property=\"og:type\" content=\"article\" \/>\n<meta property=\"og:title\" content=\"Jed\u00e1lny\/n\u00e1pojov\u00fd l\u00edstok Klemm A5q - GP Menu\" \/>\n<meta property=\"og:description\" content=\"Jed\u00e1lne l\u00edstky KLEMM z po\u0165ahov\u00fdch materi\u00e1lov s\u00fa trendov\u00e9 a praktick\u00e9 l\u00edstky s jednoduchou a r\u00fdchlou v\u00fdmenou ponuky. Chrb\u00e1t l\u00edstka je tvoren\u00fd pru\u017enou svorkovou v\u00e4zbou, ktor\u00e1 je potiahnut\u00e1 knih\u00e1rskym textiln\u00fdm materi\u00e1lom. V tejto v\u00e4zbe sa nach\u00e1dza e\u0161te vyberate\u013en\u00e1 \u010dierna plastov\u00e1 li\u0161ta, pomocou ktorej viete va\u0161u ponuku r\u00fdchlo upevni\u0165 alebo vymeni\u0165 nejak\u00fd list.\" \/>\n<meta property=\"og:url\" content=\"https:\/\/shopsk.gp-menu.com\/cs\/produkt\/jedalny-napojovy-listok-klemm-a5q\/\" \/>\n<meta property=\"og:site_name\" content=\"GP Menu\" \/>\n<meta name=\"twitter:card\" content=\"summary_large_image\" \/>\n<script type=\"application\/ld+json\" class=\"yoast-schema-graph\">{\"@context\":\"https:\/\/schema.org\",\"@graph\":[{\"@type\":\"WebPage\",\"@id\":\"https:\/\/shopsk.gp-menu.com\/cs\/produkt\/jedalny-napojovy-listok-klemm-a5q\/\",\"url\":\"https:\/\/shopsk.gp-menu.com\/cs\/produkt\/jedalny-napojovy-listok-klemm-a5q\/\",\"name\":\"Jed\u00e1lny\/n\u00e1pojov\u00fd l\u00edstok Klemm A5q - GP Menu\",\"isPartOf\":{\"@id\":\"https:\/\/shopsk.gp-menu.com\/cs\/#website\"},\"datePublished\":\"2023-10-09T10:20:25+00:00\",\"dateModified\":\"2023-10-09T10:20:25+00:00\",\"breadcrumb\":{\"@id\":\"https:\/\/shopsk.gp-menu.com\/cs\/produkt\/jedalny-napojovy-listok-klemm-a5q\/#breadcrumb\"},\"inLanguage\":\"cs\",\"potentialAction\":[{\"@type\":\"ReadAction\",\"target\":[\"https:\/\/shopsk.gp-menu.com\/cs\/produkt\/jedalny-napojovy-listok-klemm-a5q\/\"]}]},{\"@type\":\"BreadcrumbList\",\"@id\":\"https:\/\/shopsk.gp-menu.com\/cs\/produkt\/jedalny-napojovy-listok-klemm-a5q\/#breadcrumb\",\"itemListElement\":[{\"@type\":\"ListItem\",\"position\":1,\"name\":\"Domovsk\u00e1 str\u00e1nka\",\"item\":\"https:\/\/shopsk.gp-menu.com\/cs\/\"},{\"@type\":\"ListItem\",\"position\":2,\"name\":\"Obchod\",\"item\":\"https:\/\/shopsk.gp-menu.com\/\"},{\"@type\":\"ListItem\",\"position\":3,\"name\":\"Jed\u00e1lny\/n\u00e1pojov\u00fd l\u00edstok Klemm A5q\"}]},{\"@type\":\"WebSite\",\"@id\":\"https:\/\/shopsk.gp-menu.com\/cs\/#website\",\"url\":\"https:\/\/shopsk.gp-menu.com\/cs\/\",\"name\":\"GP Menu\",\"description\":\"\",\"potentialAction\":[{\"@type\":\"SearchAction\",\"target\":{\"@type\":\"EntryPoint\",\"urlTemplate\":\"https:\/\/shopsk.gp-menu.com\/cs\/?s={search_term_string}\"},\"query-input\":\"required name=search_term_string\"}],\"inLanguage\":\"cs\"}]}<\/script>\n<!-- \/ Yoast SEO plugin. -->","yoast_head_json":{"title":"Jed\u00e1lny\/n\u00e1pojov\u00fd l\u00edstok Klemm A5q - GP Menu","robots":{"index":"index","follow":"follow","max-snippet":"max-snippet:-1","max-image-preview":"max-image-preview:large","max-video-preview":"max-video-preview:-1"},"canonical":"https:\/\/shopsk.gp-menu.com\/cs\/produkt\/jedalny-napojovy-listok-klemm-a5q\/","og_locale":"cs_CZ","og_type":"article","og_title":"Jed\u00e1lny\/n\u00e1pojov\u00fd l\u00edstok Klemm A5q - GP Menu","og_description":"Jed\u00e1lne l\u00edstky KLEMM z po\u0165ahov\u00fdch materi\u00e1lov s\u00fa trendov\u00e9 a praktick\u00e9 l\u00edstky s jednoduchou a r\u00fdchlou v\u00fdmenou ponuky. Chrb\u00e1t l\u00edstka je tvoren\u00fd pru\u017enou svorkovou v\u00e4zbou, ktor\u00e1 je potiahnut\u00e1 knih\u00e1rskym textiln\u00fdm materi\u00e1lom. V tejto v\u00e4zbe sa nach\u00e1dza e\u0161te vyberate\u013en\u00e1 \u010dierna plastov\u00e1 li\u0161ta, pomocou ktorej viete va\u0161u ponuku r\u00fdchlo upevni\u0165 alebo vymeni\u0165 nejak\u00fd list.","og_url":"https:\/\/shopsk.gp-menu.com\/cs\/produkt\/jedalny-napojovy-listok-klemm-a5q\/","og_site_name":"GP Menu","twitter_card":"summary_large_image","schema":{"@context":"https:\/\/schema.org","@graph":[{"@type":"WebPage","@id":"https:\/\/shopsk.gp-menu.com\/cs\/produkt\/jedalny-napojovy-listok-klemm-a5q\/","url":"https:\/\/shopsk.gp-menu.com\/cs\/produkt\/jedalny-napojovy-listok-klemm-a5q\/","name":"Jed\u00e1lny\/n\u00e1pojov\u00fd l\u00edstok Klemm A5q - GP Menu","isPartOf":{"@id":"https:\/\/shopsk.gp-menu.com\/cs\/#website"},"datePublished":"2023-10-09T10:20:25+00:00","dateModified":"2023-10-09T10:20:25+00:00","breadcrumb":{"@id":"https:\/\/shopsk.gp-menu.com\/cs\/produkt\/jedalny-napojovy-listok-klemm-a5q\/#breadcrumb"},"inLanguage":"cs","potentialAction":[{"@type":"ReadAction","target":["https:\/\/shopsk.gp-menu.com\/cs\/produkt\/jedalny-napojovy-listok-klemm-a5q\/"]}]},{"@type":"BreadcrumbList","@id":"https:\/\/shopsk.gp-menu.com\/cs\/produkt\/jedalny-napojovy-listok-klemm-a5q\/#breadcrumb","itemListElement":[{"@type":"ListItem","position":1,"name":"Domovsk\u00e1 str\u00e1nka","item":"https:\/\/shopsk.gp-menu.com\/cs\/"},{"@type":"ListItem","position":2,"name":"Obchod","item":"https:\/\/shopsk.gp-menu.com\/"},{"@type":"ListItem","position":3,"name":"Jed\u00e1lny\/n\u00e1pojov\u00fd l\u00edstok Klemm A5q"}]},{"@type":"WebSite","@id":"https:\/\/shopsk.gp-menu.com\/cs\/#website","url":"https:\/\/shopsk.gp-menu.com\/cs\/","name":"GP Menu","description":"","potentialAction":[{"@type":"SearchAction","target":{"@type":"EntryPoint","urlTemplate":"https:\/\/shopsk.gp-menu.com\/cs\/?s={search_term_string}"},"query-input":"required name=search_term_string"}],"inLanguage":"cs"}]}},"_links":{"self":[{"href":"https:\/\/shopsk.gp-menu.com\/cs\/wp-json\/wp\/v2\/product\/21069","targetHints":{"allow":["GET"]}}],"collection":[{"href":"https:\/\/shopsk.gp-menu.com\/cs\/wp-json\/wp\/v2\/product"}],"about":[{"href":"https:\/\/shopsk.gp-menu.com\/cs\/wp-json\/wp\/v2\/types\/product"}],"version-history":[{"count":0,"href":"https:\/\/shopsk.gp-menu.com\/cs\/wp-json\/wp\/v2\/product\/21069\/revisions"}],"wp:featuredmedia":[{"embeddable":true,"href":"https:\/\/shopsk.gp-menu.com\/cs\/wp-json\/wp\/v2\/media\/19466"}],"wp:attachment":[{"href":"https:\/\/shopsk.gp-menu.com\/cs\/wp-json\/wp\/v2\/media?parent=21069"}],"wp:term":[{"taxonomy":"product_cat","embeddable":true,"href":"https:\/\/shopsk.gp-menu.com\/cs\/wp-json\/wp\/v2\/product_cat?post=21069"},{"taxonomy":"product_tag","embeddable":true,"href":"https:\/\/shopsk.gp-menu.com\/cs\/wp-json\/wp\/v2\/product_tag?post=21069"}],"curies":[{"name":"wp","href":"https:\/\/api.w.org\/{rel}","templated":true}]}}